{"id":700660,"date":"2025-08-27T15:01:35","date_gmt":"2025-08-27T12:01:35","guid":{"rendered":"https:\/\/roveyayinevi.com.tr\/index.php\/urun\/ender-serisi-besinci-kitap-savas-okulunda-yilbasi\/"},"modified":"2026-04-16T02:10:00","modified_gmt":"2026-04-15T23:10:00","slug":"ender-serisi-besinci-kitap-savas-okulunda-yilbasi","status":"publish","type":"product","link":"https:\/\/roveyayinevi.com.tr\/index.php\/urun\/ender-serisi-besinci-kitap-savas-okulunda-yilbasi\/","title":{"rendered":"Ender Serisi Be\u015finci Kitap &#8211; Sava\u015f Okulunda Y\u0131lba\u015f\u0131"},"content":{"rendered":"<p>T\u00fcm zamanlar\u0131n en \u00e7ok satanlar listesindeki yerini inatla koruyan Hugo ve Nebula \u00f6d\u00fcll\u00fc Ender Serisi\u2019nin be\u015finci halkas\u0131 elinizde. <\/p>\n","protected":false},"excerpt":{"rendered":"<p>T\u00fcm zamanlar\u0131n en \u00e7ok satanlar listesindeki yerini inatla koruyan Hugo ve Nebula \u00f6d\u00fcll\u00fc Ender Serisi\u2019nin be\u015finci halkas\u0131 elinizde.<\/p>\n","protected":false},"featured_media":0,"template":"","meta":{"_monsterinsights_skip_tracking":false,"_monsterinsights_sitenote_active":false,"_monsterinsights_sitenote_note":"","_monsterinsights_sitenote_category":0},"product_brand":[],"product_cat":[12364],"product_tag":[],"class_list":{"0":"post-700660","1":"product","2":"type-product","3":"status-publish","5":"product_cat-genel-konular","6":"pa_tur-kitap","7":"pa_yayinevi-altikirkbes-yayinlari","8":"pa_yazar-orson-welles","10":"first","11":"instock","12":"sale","13":"shipping-taxable","14":"purchasable","15":"product-type-simple"},"_links":{"self":[{"href":"https:\/\/roveyayinevi.com.tr\/index.php\/wp-json\/wp\/v2\/product\/700660","targetHints":{"allow":["GET"]}}],"collection":[{"href":"https:\/\/roveyayinevi.com.tr\/index.php\/wp-json\/wp\/v2\/product"}],"about":[{"href":"https:\/\/roveyayinevi.com.tr\/index.php\/wp-json\/wp\/v2\/types\/product"}],"wp:attachment":[{"href":"https:\/\/roveyayinevi.com.tr\/index.php\/wp-json\/wp\/v2\/media?parent=700660"}],"wp:term":[{"taxonomy":"product_brand","embeddable":true,"href":"https:\/\/roveyayinevi.com.tr\/index.php\/wp-json\/wp\/v2\/product_brand?post=700660"},{"taxonomy":"product_cat","embeddable":true,"href":"https:\/\/roveyayinevi.com.tr\/index.php\/wp-json\/wp\/v2\/product_cat?post=700660"},{"taxonomy":"product_tag","embeddable":true,"href":"https:\/\/roveyayinevi.com.tr\/index.php\/wp-json\/wp\/v2\/product_tag?post=700660"}],"curies":[{"name":"wp","href":"https:\/\/api.w.org\/{rel}","templated":true}]}}