{"id":700655,"date":"2025-08-27T15:01:33","date_gmt":"2025-08-27T12:01:33","guid":{"rendered":"https:\/\/roveyayinevi.com.tr\/index.php\/urun\/konusma-sanati\/"},"modified":"2026-04-12T02:11:46","modified_gmt":"2026-04-11T23:11:46","slug":"konusma-sanati","status":"publish","type":"product","link":"https:\/\/roveyayinevi.com.tr\/index.php\/urun\/konusma-sanati\/","title":{"rendered":"Konu\u015fma Sanat\u0131"},"content":{"rendered":"<p>Belki hi\u00e7 konu\u015fma yapmad\u0131n\u0131z. Belki de \u00e7ok heyecanlan\u0131yorsunuz. Art\u0131k, bir grubun \u00f6n\u00fcnde kendine g\u00fcvenle durup, etkili bir konu\u015fma yapmak bu kitapla m\u00fcmk\u00fcn! Konu\u015fma Sanat\u0131, etkili ve g\u00fczel konu\u015fman\u0131n en \u00f6nemli a\u015famalar\u0131 olan kendine g\u00fcven ve konu\u015fma becerisini geli\u015ftirme konusunda ad\u0131m ad\u0131m stratejiler sunuyor, ba\u015far\u0131l\u0131 bir konu\u015fmac\u0131 olmak i\u00e7in gerekli nitelikleri kazanman\u0131zda size yard\u0131mc\u0131 olacak t\u00fcm ipu\u00e7lar\u0131n\u0131 \u00f6n\u00fcn\u00fcze seriyor. Kitapta, iyi bir konu\u015fman\u0131n en \u00f6nemli unsurlar\u0131 olan, Heyecan\u0131 kontrol alt\u0131na alma, Konu se\u00e7imi, Bilgi ve d\u00fc\u015f\u00fcncelerin toparlanmas\u0131, Gerekli ara\u00e7 gere\u00e7lerin organize edilmesi, Konu\u015fman\u0131n planlanmas\u0131 ile ilgili detaylar, Sunum s\u0131ras\u0131nda dikkat edilmesi gereken noktalar hakk\u0131nda da ayr\u0131nt\u0131l\u0131 bilgiler bulacaks\u0131n\u0131z.<\/p>\n","protected":false},"excerpt":{"rendered":"<p>Belki hi\u00e7 konu\u015fma yapmad\u0131n\u0131z. Belki de \u00e7ok heyecanlan\u0131yorsunuz. Art\u0131k, bir grubun \u00f6n\u00fcnde kendine g\u00fcvenle durup, etkili bir konu\u015fma yapmak bu kitapla m\u00fcmk\u00fcn! Konu\u015fma Sanat\u0131, etkili ve<span class=\"excerpt-hellip\"> [\u2026]<\/span><\/p>\n","protected":false},"featured_media":0,"template":"","meta":{"_monsterinsights_skip_tracking":false,"_monsterinsights_sitenote_active":false,"_monsterinsights_sitenote_note":"","_monsterinsights_sitenote_category":0},"product_brand":[],"product_cat":[12364,12376],"product_tag":[],"class_list":{"0":"post-700655","1":"product","2":"type-product","3":"status-publish","5":"product_cat-genel-konular","6":"product_cat-kisisel-gelisim","7":"pa_cilt-ciltsiz","8":"pa_tur-kitap","9":"pa_yayinevi-omega","10":"pa_yazar-leon-fletcher","12":"first","13":"instock","14":"sale","15":"shipping-taxable","16":"purchasable","17":"product-type-simple"},"_links":{"self":[{"href":"https:\/\/roveyayinevi.com.tr\/index.php\/wp-json\/wp\/v2\/product\/700655","targetHints":{"allow":["GET"]}}],"collection":[{"href":"https:\/\/roveyayinevi.com.tr\/index.php\/wp-json\/wp\/v2\/product"}],"about":[{"href":"https:\/\/roveyayinevi.com.tr\/index.php\/wp-json\/wp\/v2\/types\/product"}],"wp:attachment":[{"href":"https:\/\/roveyayinevi.com.tr\/index.php\/wp-json\/wp\/v2\/media?parent=700655"}],"wp:term":[{"taxonomy":"product_brand","embeddable":true,"href":"https:\/\/roveyayinevi.com.tr\/index.php\/wp-json\/wp\/v2\/product_brand?post=700655"},{"taxonomy":"product_cat","embeddable":true,"href":"https:\/\/roveyayinevi.com.tr\/index.php\/wp-json\/wp\/v2\/product_cat?post=700655"},{"taxonomy":"product_tag","embeddable":true,"href":"https:\/\/roveyayinevi.com.tr\/index.php\/wp-json\/wp\/v2\/product_tag?post=700655"}],"curies":[{"name":"wp","href":"https:\/\/api.w.org\/{rel}","templated":true}]}}