{"id":700654,"date":"2025-08-27T15:01:33","date_gmt":"2025-08-27T12:01:33","guid":{"rendered":"https:\/\/roveyayinevi.com.tr\/index.php\/urun\/mustafa-kemal-ataturk-hayati-ve-eseri\/"},"modified":"2026-04-16T02:10:00","modified_gmt":"2026-04-15T23:10:00","slug":"mustafa-kemal-ataturk-hayati-ve-eseri","status":"publish","type":"product","link":"https:\/\/roveyayinevi.com.tr\/index.php\/urun\/mustafa-kemal-ataturk-hayati-ve-eseri\/","title":{"rendered":"Mustafa Kemal Atat\u00fcrk Hayat\u0131 ve Eseri"},"content":{"rendered":"<p>Bilindi\u011fi gibi Atat\u00fcrk&#8217;\u00fcn en b\u00fcy\u00fck eseri, temelinde y\u00fcksek T\u00fcrk k\u00fclt\u00fcr\u00fc ve T\u00fcrk kahramanl\u0131\u011f\u0131 bulunan T\u00fcrkiye Cumhuriyeti Devleti&#8217;dir. T\u00fcrkiye Cumhuriyeti Devleti, \u00e7a\u011f\u0131n uluslararas\u0131 de\u011ferlerine uygun yap\u0131da olup T\u00fcrk milletini arzu edilen medeniyet seviyesine ula\u015ft\u0131rmas\u0131, Atat\u00fcrk&#8217;\u00fcn dehas\u0131 ve T\u00fcrk milletinin e\u015fsiz anlay\u0131\u015f ve fedakarl\u0131\u011f\u0131 ile ger\u00e7ekle\u015fmi\u015ftir.Mustafa Kemal Atat\u00fcrk&#8217;\u00fcn hayat\u0131 bu y\u00fcce ideali ger\u00e7ekle\u015ftirmek \u00fczere adanm\u0131\u015f bir ya\u015famd\u0131r. Onun hayat\u0131 ser\u00fcveni T\u00fcrkiye Cumhuriyeti Devleti&#8217;nin kurulu\u015fu ve geli\u015fmesi ile adeta b\u00fct\u00fcnle\u015fmi\u015ftir. Bu y\u00fczden Mustafa Kemal Atat\u00fcrk&#8217;\u00fcn hayat\u0131, d\u00fc\u015f\u00fcnceleri ve ki\u015fili\u011fi hakk\u0131nda yap\u0131lan ara\u015ft\u0131rmalar, cumhuriyet tarihimizin de daha iyi anla\u015f\u0131lmas\u0131n\u0131 sa\u011flayacakt\u0131r. Onun, soyu, ailesi, \u00f6\u011frenim hayat\u0131, mesleki hayat\u0131, \u00e7ocuklu\u011fundan itibaren ya\u015fad\u0131\u011f\u0131 olaylar ve insanlar incelenip ayd\u0131nlat\u0131ld\u0131k\u00e7a onu anlamak ve tan\u0131mak daha da kolayla\u015facakt\u0131r.\u00c7al\u0131\u015fmam\u0131zda, Atat\u00fcrk&#8217;\u00fcn hayat\u0131, d\u00fc\u015f\u00fcnceleri ve onun ki\u015fili\u011fi dokuz b\u00f6l\u00fcmde ele al\u0131nm\u0131\u015ft\u0131r. Eserin ilk d\u00f6rt b\u00f6l\u00fcm\u00fc Atat\u00fcrk&#8217;\u00fcn do\u011fumundan Samsun&#8217;a \u00e7\u0131k\u0131\u015f\u0131na kadar olan d\u00f6nemi kapsamaktad\u0131r. D\u00f6rd\u00fcnc\u00fc b\u00f6l\u00fcmden sekizinci b\u00f6l\u00fcme kadar, Samsun&#8217;a \u00e7\u0131k\u0131\u015f\u0131ndan vefat\u0131na kadar olan d\u00f6nem incelenmi\u015f, Milli M\u00fccadele ve T\u00fcrkiye Cumhuriyeti&#8217;nin kurulu\u015fu, ink\u0131laplar ve d\u00f6nemin d\u0131\u015f politik geli\u015fmeleri \u0131\u015f\u0131\u011f\u0131nda &#8220;T\u00fcrk Ayd\u0131nlanmas\u0131&#8221; olarak tan\u0131mlanan d\u00f6nem ele al\u0131nm\u0131\u015ft\u0131r. <\/p>\n","protected":false},"excerpt":{"rendered":"<p>Bilindi\u011fi gibi Atat\u00fcrk&#8217;\u00fcn en b\u00fcy\u00fck eseri, temelinde y\u00fcksek T\u00fcrk k\u00fclt\u00fcr\u00fc ve T\u00fcrk kahramanl\u0131\u011f\u0131 bulunan T\u00fcrkiye Cumhuriyeti Devleti&#8217;dir. T\u00fcrkiye Cumhuriyeti Devleti, \u00e7a\u011f\u0131n uluslararas\u0131 de\u011ferlerine uygun yap\u0131da olup<span class=\"excerpt-hellip\"> [\u2026]<\/span><\/p>\n","protected":false},"featured_media":0,"template":"","meta":{"_monsterinsights_skip_tracking":false,"_monsterinsights_sitenote_active":false,"_monsterinsights_sitenote_note":"","_monsterinsights_sitenote_category":0},"product_brand":[],"product_cat":[12573,12566],"product_tag":[],"class_list":{"0":"post-700654","1":"product","2":"type-product","3":"status-publish","5":"product_cat-akademik-kitaplar","6":"product_cat-egitim","7":"pa_cilt-ciltsiz","8":"pa_tur-kitap","9":"pa_yayinevi-gazi-kitabevi","10":"pa_yazar-e-semih-yalcin","12":"first","13":"instock","14":"sale","15":"shipping-taxable","16":"purchasable","17":"product-type-simple"},"_links":{"self":[{"href":"https:\/\/roveyayinevi.com.tr\/index.php\/wp-json\/wp\/v2\/product\/700654","targetHints":{"allow":["GET"]}}],"collection":[{"href":"https:\/\/roveyayinevi.com.tr\/index.php\/wp-json\/wp\/v2\/product"}],"about":[{"href":"https:\/\/roveyayinevi.com.tr\/index.php\/wp-json\/wp\/v2\/types\/product"}],"wp:attachment":[{"href":"https:\/\/roveyayinevi.com.tr\/index.php\/wp-json\/wp\/v2\/media?parent=700654"}],"wp:term":[{"taxonomy":"product_brand","embeddable":true,"href":"https:\/\/roveyayinevi.com.tr\/index.php\/wp-json\/wp\/v2\/product_brand?post=700654"},{"taxonomy":"product_cat","embeddable":true,"href":"https:\/\/roveyayinevi.com.tr\/index.php\/wp-json\/wp\/v2\/product_cat?post=700654"},{"taxonomy":"product_tag","embeddable":true,"href":"https:\/\/roveyayinevi.com.tr\/index.php\/wp-json\/wp\/v2\/product_tag?post=700654"}],"curies":[{"name":"wp","href":"https:\/\/api.w.org\/{rel}","templated":true}]}}