{"id":700650,"date":"2025-08-27T15:01:31","date_gmt":"2025-08-27T12:01:31","guid":{"rendered":"https:\/\/roveyayinevi.com.tr\/index.php\/urun\/en-onemli-50-tarihci\/"},"modified":"2026-04-16T02:10:00","modified_gmt":"2026-04-15T23:10:00","slug":"en-onemli-50-tarihci","status":"publish","type":"product","link":"https:\/\/roveyayinevi.com.tr\/index.php\/urun\/en-onemli-50-tarihci\/","title":{"rendered":"En \u00d6nemli 50 Tarih\u00e7i"},"content":{"rendered":"<p>\u201cEn \u00d6nemli 50 Tarih\u00e7i &#8211; Tarih Bilimine Y\u00f6n Veren D\u00fc\u015f\u00fcn\u00fcrler\u201d kitab\u0131 \u00e7a\u011flar boyu tarihyaz\u0131m\u0131n\u0131n geli\u015fimine m\u00fckemmel bir k\u0131lavuz niteli\u011findedir. \u0130\u00e7erdi\u011fi tart\u0131\u015fmalar ve d\u00fc\u015f\u00fcn\u00fcrler bak\u0131m\u0131ndan olduk\u00e7a kapsay\u0131c\u0131d\u0131r. Antik \u00c7in, Yunan ve Roma&#8217;dan Orta \u00c7a\u011f yoluyla \u00e7a\u011fda\u015f d\u00fcnyaya kadar uzanmaktad\u0131r. Bu eser Heredot\u2019tan \u0130bn Haldun\u2019a, Hegel\u2019dan Toynbee\u2019ye, Braudel&#8217;den Foucault&#8217;ya, Eric Hobsbawm\u2019dan \u015eeyh Anta Diop\u2019a kadar tarih alan\u0131ndaki ba\u015fl\u0131ca d\u00fc\u015f\u00fcn\u00fcrlerin fikirlerine kolay ve toplu bir giri\u015f niteli\u011findedir. <\/p>\n","protected":false},"excerpt":{"rendered":"<p>\u201cEn \u00d6nemli 50 Tarih\u00e7i &#8211; Tarih Bilimine Y\u00f6n Veren D\u00fc\u015f\u00fcn\u00fcrler\u201d kitab\u0131 \u00e7a\u011flar boyu tarihyaz\u0131m\u0131n\u0131n geli\u015fimine m\u00fckemmel bir k\u0131lavuz niteli\u011findedir. \u0130\u00e7erdi\u011fi tart\u0131\u015fmalar ve d\u00fc\u015f\u00fcn\u00fcrler bak\u0131m\u0131ndan olduk\u00e7a kapsay\u0131c\u0131d\u0131r.<span class=\"excerpt-hellip\"> [\u2026]<\/span><\/p>\n","protected":false},"featured_media":0,"template":"","meta":{"_monsterinsights_skip_tracking":false,"_monsterinsights_sitenote_active":false,"_monsterinsights_sitenote_note":"","_monsterinsights_sitenote_category":0},"product_brand":[],"product_cat":[12370,12304],"product_tag":[],"class_list":{"0":"post-700650","1":"product","2":"type-product","3":"status-publish","5":"product_cat-arastirma-inceleme","6":"product_cat-tarih","7":"pa_tur-kitap","8":"pa_yayinevi-etkilesim-yayinlari","9":"pa_yazar-marnie-hughes-warrington","11":"first","12":"instock","13":"sale","14":"shipping-taxable","15":"purchasable","16":"product-type-simple"},"_links":{"self":[{"href":"https:\/\/roveyayinevi.com.tr\/index.php\/wp-json\/wp\/v2\/product\/700650","targetHints":{"allow":["GET"]}}],"collection":[{"href":"https:\/\/roveyayinevi.com.tr\/index.php\/wp-json\/wp\/v2\/product"}],"about":[{"href":"https:\/\/roveyayinevi.com.tr\/index.php\/wp-json\/wp\/v2\/types\/product"}],"wp:attachment":[{"href":"https:\/\/roveyayinevi.com.tr\/index.php\/wp-json\/wp\/v2\/media?parent=700650"}],"wp:term":[{"taxonomy":"product_brand","embeddable":true,"href":"https:\/\/roveyayinevi.com.tr\/index.php\/wp-json\/wp\/v2\/product_brand?post=700650"},{"taxonomy":"product_cat","embeddable":true,"href":"https:\/\/roveyayinevi.com.tr\/index.php\/wp-json\/wp\/v2\/product_cat?post=700650"},{"taxonomy":"product_tag","embeddable":true,"href":"https:\/\/roveyayinevi.com.tr\/index.php\/wp-json\/wp\/v2\/product_tag?post=700650"}],"curies":[{"name":"wp","href":"https:\/\/api.w.org\/{rel}","templated":true}]}}