{"id":700648,"date":"2025-08-27T15:01:31","date_gmt":"2025-08-27T12:01:31","guid":{"rendered":"https:\/\/roveyayinevi.com.tr\/index.php\/urun\/akpnin-laik-bilimsel-ve-kamusal-egitim-karsiligi\/"},"modified":"2026-01-29T02:18:13","modified_gmt":"2026-01-28T23:18:13","slug":"akpnin-laik-bilimsel-ve-kamusal-egitim-karsiligi","status":"publish","type":"product","link":"https:\/\/roveyayinevi.com.tr\/index.php\/urun\/akpnin-laik-bilimsel-ve-kamusal-egitim-karsiligi\/","title":{"rendered":"AKP&#8217;nin Laik Bilimsel ve Kamusal E\u011fitim Kar\u015f\u0131l\u0131\u011f\u0131"},"content":{"rendered":"<p>Bu kitap, 1996 y\u0131l\u0131nda yay\u0131mlanan E\u011fitim Sistemi Bozuk! Bozuk Olan Ne? 2001 y\u0131l\u0131nda yay\u0131mlanan E\u011fitim Hakk\u0131: Ger\u00e7ekle\u015ftirilemeyen Bir \u0130lke ve 2009 y\u0131l\u0131nda yay\u0131mlanan \u015ea\u015f\u0131lacak Ne Var? adl\u0131 kitaplar\u0131n bir benzeridir. Elinizdeki kitap, AKP iktidar\u0131n\u0131n ilk y\u0131llar\u0131ndan bu g\u00fcne kadar yaz\u0131lm\u0131\u015f, kimi dergi ve gazetelerde yay\u0131mlanm\u0131\u015f makalelerden, e\u011fitsel toplant\u0131larda sunulmu\u015f bildiri ve konu\u015fma metinlerinden olu\u015fmaktad\u0131r. Bu kitapta da, ilk \u00fc\u00e7 kitapta yer alan bir iki konuyla ilgili, ancak de\u011fi\u015fik i\u00e7erikte yaz\u0131lm\u0131\u015f makaleler yer al\u0131yor. Yazar\u0131n\u0131n, \u00dctopya Yay\u0131nevi taraf\u0131ndan bas\u0131lm\u0131\u015f di\u011fer kitaplar\u0131: T\u00fcrkiye E\u011fitim Sistemi \u00d6\u011fretmen Yeti\u015ftirme Sistemimiz Y\u00fcksek\u00f6\u011fretim Sistemimiz Halk E\u011fitimi (Yeti\u015fkin E\u011fitimi) \u015ea\u015f\u0131lacak Ne Var? E\u011fitim Bilimlerine Giri\u015f AKP \u0130ktidar\u0131nda E\u011fitim <\/p>\n","protected":false},"excerpt":{"rendered":"<p>Bu kitap, 1996 y\u0131l\u0131nda yay\u0131mlanan E\u011fitim Sistemi Bozuk! Bozuk Olan Ne? 2001 y\u0131l\u0131nda yay\u0131mlanan E\u011fitim Hakk\u0131: Ger\u00e7ekle\u015ftirilemeyen Bir \u0130lke ve 2009 y\u0131l\u0131nda yay\u0131mlanan \u015ea\u015f\u0131lacak Ne Var?<span class=\"excerpt-hellip\"> [\u2026]<\/span><\/p>\n","protected":false},"featured_media":0,"template":"","meta":{"_monsterinsights_skip_tracking":false,"_monsterinsights_sitenote_active":false,"_monsterinsights_sitenote_note":"","_monsterinsights_sitenote_category":0},"product_brand":[],"product_cat":[12337,14543],"product_tag":[],"class_list":{"0":"post-700648","1":"product","2":"type-product","3":"status-publish","5":"product_cat-politika-siyaset","6":"product_cat-turkiye-siyaseti-ve-politikasi","7":"pa_cilt-ciltsiz","8":"pa_tur-kitap","9":"pa_yayinevi-utopya-yayinevi","10":"pa_yazar-rifat-okcabol","12":"first","13":"instock","14":"sale","15":"shipping-taxable","16":"purchasable","17":"product-type-simple"},"_links":{"self":[{"href":"https:\/\/roveyayinevi.com.tr\/index.php\/wp-json\/wp\/v2\/product\/700648","targetHints":{"allow":["GET"]}}],"collection":[{"href":"https:\/\/roveyayinevi.com.tr\/index.php\/wp-json\/wp\/v2\/product"}],"about":[{"href":"https:\/\/roveyayinevi.com.tr\/index.php\/wp-json\/wp\/v2\/types\/product"}],"wp:attachment":[{"href":"https:\/\/roveyayinevi.com.tr\/index.php\/wp-json\/wp\/v2\/media?parent=700648"}],"wp:term":[{"taxonomy":"product_brand","embeddable":true,"href":"https:\/\/roveyayinevi.com.tr\/index.php\/wp-json\/wp\/v2\/product_brand?post=700648"},{"taxonomy":"product_cat","embeddable":true,"href":"https:\/\/roveyayinevi.com.tr\/index.php\/wp-json\/wp\/v2\/product_cat?post=700648"},{"taxonomy":"product_tag","embeddable":true,"href":"https:\/\/roveyayinevi.com.tr\/index.php\/wp-json\/wp\/v2\/product_tag?post=700648"}],"curies":[{"name":"wp","href":"https:\/\/api.w.org\/{rel}","templated":true}]}}