{"id":700646,"date":"2025-08-27T15:01:30","date_gmt":"2025-08-27T12:01:30","guid":{"rendered":"https:\/\/roveyayinevi.com.tr\/index.php\/urun\/aysegul-33-ata-biniyor\/"},"modified":"2026-04-16T02:09:59","modified_gmt":"2026-04-15T23:09:59","slug":"aysegul-33-ata-biniyor","status":"publish","type":"product","link":"https:\/\/roveyayinevi.com.tr\/index.php\/urun\/aysegul-33-ata-biniyor\/","title":{"rendered":"Ay\u015feg\u00fcl 33 &#8211; Ata Biniyor"},"content":{"rendered":"<p>Ay\u015feg\u00fcl dizisi ya\u015fam\u0131n t\u00fcm\u00fcn\u00fc kucakl\u0131yor: \u0130nsan ili\u015fkileri, karde\u015f sevgisi, oyunlar, okul ya\u015fam\u0131, dostluk, do\u011fa sevgisi, hayvan sevgisi, \u00e7evre bilinci Ay\u015feg\u00fcl ve arkada\u015flar\u0131n\u0131n ser\u00fcvenlerinde i\u015flenen konulard\u0131r. T\u00fcm konular didaktik olmayan bir bi\u00e7imde, ger\u00e7ek ya\u015famdan kesitler sunularak ele al\u0131n\u0131r. Keyifle okunacak minik \u00f6yk\u00fclerden olu\u015fur.<\/p>\n","protected":false},"excerpt":{"rendered":"<p>Ay\u015feg\u00fcl dizisi ya\u015fam\u0131n t\u00fcm\u00fcn\u00fc kucakl\u0131yor: \u0130nsan ili\u015fkileri, karde\u015f sevgisi, oyunlar, okul ya\u015fam\u0131, dostluk, do\u011fa sevgisi, hayvan sevgisi, \u00e7evre bilinci Ay\u015feg\u00fcl ve arkada\u015flar\u0131n\u0131n ser\u00fcvenlerinde i\u015flenen konulard\u0131r. T\u00fcm<span class=\"excerpt-hellip\"> [\u2026]<\/span><\/p>\n","protected":false},"featured_media":0,"template":"","meta":{"_monsterinsights_skip_tracking":false,"_monsterinsights_sitenote_active":false,"_monsterinsights_sitenote_note":"","_monsterinsights_sitenote_category":0},"product_brand":[],"product_cat":[12274,12284],"product_tag":[],"class_list":{"0":"post-700646","1":"product","2":"type-product","3":"status-publish","5":"product_cat-cocuk-ve-genclik-kitaplari","6":"product_cat-hikayeler","7":"pa_cilt-ciltsiz","8":"pa_tur-kitap","9":"pa_yayinevi-yapi-kredi-yayinlari","10":"pa_yazar-gilbert-delahaye","12":"first","13":"instock","14":"sale","15":"shipping-taxable","16":"purchasable","17":"product-type-simple"},"_links":{"self":[{"href":"https:\/\/roveyayinevi.com.tr\/index.php\/wp-json\/wp\/v2\/product\/700646","targetHints":{"allow":["GET"]}}],"collection":[{"href":"https:\/\/roveyayinevi.com.tr\/index.php\/wp-json\/wp\/v2\/product"}],"about":[{"href":"https:\/\/roveyayinevi.com.tr\/index.php\/wp-json\/wp\/v2\/types\/product"}],"wp:attachment":[{"href":"https:\/\/roveyayinevi.com.tr\/index.php\/wp-json\/wp\/v2\/media?parent=700646"}],"wp:term":[{"taxonomy":"product_brand","embeddable":true,"href":"https:\/\/roveyayinevi.com.tr\/index.php\/wp-json\/wp\/v2\/product_brand?post=700646"},{"taxonomy":"product_cat","embeddable":true,"href":"https:\/\/roveyayinevi.com.tr\/index.php\/wp-json\/wp\/v2\/product_cat?post=700646"},{"taxonomy":"product_tag","embeddable":true,"href":"https:\/\/roveyayinevi.com.tr\/index.php\/wp-json\/wp\/v2\/product_tag?post=700646"}],"curies":[{"name":"wp","href":"https:\/\/api.w.org\/{rel}","templated":true}]}}