{"id":700645,"date":"2025-08-27T15:01:30","date_gmt":"2025-08-27T12:01:30","guid":{"rendered":"https:\/\/roveyayinevi.com.tr\/index.php\/urun\/aise-r-a\/"},"modified":"2026-04-16T02:09:59","modified_gmt":"2026-04-15T23:09:59","slug":"aise-r-a","status":"publish","type":"product","link":"https:\/\/roveyayinevi.com.tr\/index.php\/urun\/aise-r-a\/","title":{"rendered":"Ai\u015fe (r.a.)"},"content":{"rendered":"<p>Ben Ai\u015fe\u2026 Muhammed\u2019in Ai\u015fe\u2019siyim\u2026Salat ve selam \u00fczerine olsun\u2026 Karasevdal\u0131s\u0131y\u0131m Resulullah\u2019\u0131n\u2026Salat ve selam \u00fczerine olsun\u2026 <\/p>\n","protected":false},"excerpt":{"rendered":"<p>Ben Ai\u015fe\u2026 Muhammed\u2019in Ai\u015fe\u2019siyim\u2026Salat ve selam \u00fczerine olsun\u2026 Karasevdal\u0131s\u0131y\u0131m Resulullah\u2019\u0131n\u2026Salat ve selam \u00fczerine olsun\u2026<\/p>\n","protected":false},"featured_media":0,"template":"","meta":{"_monsterinsights_skip_tracking":false,"_monsterinsights_sitenote_active":false,"_monsterinsights_sitenote_note":"","_monsterinsights_sitenote_category":0},"product_brand":[],"product_cat":[18094,12718,12719],"product_tag":[],"class_list":{"0":"post-700645","1":"product","2":"type-product","3":"status-publish","5":"product_cat-biyografi-otobiyografi-islam","6":"product_cat-din","7":"product_cat-islam","8":"pa_cilt-ciltsiz","9":"pa_tur-kitap","10":"pa_yayinevi-timas-yayinlari","11":"pa_yazar-sibel-eraslan","13":"first","14":"instock","15":"sale","16":"shipping-taxable","17":"purchasable","18":"product-type-simple"},"_links":{"self":[{"href":"https:\/\/roveyayinevi.com.tr\/index.php\/wp-json\/wp\/v2\/product\/700645","targetHints":{"allow":["GET"]}}],"collection":[{"href":"https:\/\/roveyayinevi.com.tr\/index.php\/wp-json\/wp\/v2\/product"}],"about":[{"href":"https:\/\/roveyayinevi.com.tr\/index.php\/wp-json\/wp\/v2\/types\/product"}],"wp:attachment":[{"href":"https:\/\/roveyayinevi.com.tr\/index.php\/wp-json\/wp\/v2\/media?parent=700645"}],"wp:term":[{"taxonomy":"product_brand","embeddable":true,"href":"https:\/\/roveyayinevi.com.tr\/index.php\/wp-json\/wp\/v2\/product_brand?post=700645"},{"taxonomy":"product_cat","embeddable":true,"href":"https:\/\/roveyayinevi.com.tr\/index.php\/wp-json\/wp\/v2\/product_cat?post=700645"},{"taxonomy":"product_tag","embeddable":true,"href":"https:\/\/roveyayinevi.com.tr\/index.php\/wp-json\/wp\/v2\/product_tag?post=700645"}],"curies":[{"name":"wp","href":"https:\/\/api.w.org\/{rel}","templated":true}]}}