{"id":700642,"date":"2025-08-27T15:01:29","date_gmt":"2025-08-27T12:01:29","guid":{"rendered":"https:\/\/roveyayinevi.com.tr\/index.php\/urun\/heidi-6\/"},"modified":"2026-04-16T02:09:59","modified_gmt":"2026-04-15T23:09:59","slug":"heidi-6","status":"publish","type":"product","link":"https:\/\/roveyayinevi.com.tr\/index.php\/urun\/heidi-6\/","title":{"rendered":"Heidi"},"content":{"rendered":"<p>Anne-babas\u0131n\u0131 bir ya\u015f\u0131ndayken kaybeden Heidi\u2019yi teyzesi Dete b\u00fcy\u00fct\u00fcr. Ancak Dete Frankfurt\u2019ta bir i\u015f bulunca ye\u011fenini oraya g\u00f6t\u00fcremeyece\u011fi i\u00e7in Heidi\u2019yi yaylaya, b\u00fcy\u00fckbabas\u0131n\u0131n yan\u0131na b\u0131rakmak zorunda kal\u0131r. K\u00fc\u00e7\u00fck k\u0131z\u0131 herkesin korktu\u011fu b\u00fcy\u00fckbabas\u0131n\u0131n yan\u0131nda, hi\u00e7 al\u0131\u015f\u0131k olmad\u0131\u011f\u0131 bir ortamda nas\u0131l bir hayat beklemektedir? Bir g\u00fcn beklenmedik \u015fekilde geri d\u00f6nen Dete teyze, Heidi\u2019ye nas\u0131l bir s\u00fcrpriz haz\u0131rlam\u0131\u015ft\u0131r? \ufffcTan\u0131t\u0131m Metni<\/p>\n","protected":false},"excerpt":{"rendered":"<p>Anne-babas\u0131n\u0131 bir ya\u015f\u0131ndayken kaybeden Heidi\u2019yi teyzesi Dete b\u00fcy\u00fct\u00fcr. Ancak Dete Frankfurt\u2019ta bir i\u015f bulunca ye\u011fenini oraya g\u00f6t\u00fcremeyece\u011fi i\u00e7in Heidi\u2019yi yaylaya, b\u00fcy\u00fckbabas\u0131n\u0131n yan\u0131na b\u0131rakmak zorunda kal\u0131r. K\u00fc\u00e7\u00fck<span class=\"excerpt-hellip\"> [\u2026]<\/span><\/p>\n","protected":false},"featured_media":0,"template":"","meta":{"_monsterinsights_skip_tracking":false,"_monsterinsights_sitenote_active":false,"_monsterinsights_sitenote_note":"","_monsterinsights_sitenote_category":0},"product_brand":[],"product_cat":[12274,12467],"product_tag":[],"class_list":{"0":"post-700642","1":"product","2":"type-product","3":"status-publish","5":"product_cat-cocuk-ve-genclik-kitaplari","6":"product_cat-dunya-klasikleri","7":"pa_tur-kitap","8":"pa_yayinevi-kirmizi-kedi-yayinevi","9":"pa_yazar-johanna-spyri","11":"first","12":"instock","13":"sale","14":"shipping-taxable","15":"purchasable","16":"product-type-simple"},"_links":{"self":[{"href":"https:\/\/roveyayinevi.com.tr\/index.php\/wp-json\/wp\/v2\/product\/700642","targetHints":{"allow":["GET"]}}],"collection":[{"href":"https:\/\/roveyayinevi.com.tr\/index.php\/wp-json\/wp\/v2\/product"}],"about":[{"href":"https:\/\/roveyayinevi.com.tr\/index.php\/wp-json\/wp\/v2\/types\/product"}],"wp:attachment":[{"href":"https:\/\/roveyayinevi.com.tr\/index.php\/wp-json\/wp\/v2\/media?parent=700642"}],"wp:term":[{"taxonomy":"product_brand","embeddable":true,"href":"https:\/\/roveyayinevi.com.tr\/index.php\/wp-json\/wp\/v2\/product_brand?post=700642"},{"taxonomy":"product_cat","embeddable":true,"href":"https:\/\/roveyayinevi.com.tr\/index.php\/wp-json\/wp\/v2\/product_cat?post=700642"},{"taxonomy":"product_tag","embeddable":true,"href":"https:\/\/roveyayinevi.com.tr\/index.php\/wp-json\/wp\/v2\/product_tag?post=700642"}],"curies":[{"name":"wp","href":"https:\/\/api.w.org\/{rel}","templated":true}]}}