{"id":700640,"date":"2025-08-27T15:01:28","date_gmt":"2025-08-27T12:01:28","guid":{"rendered":"https:\/\/roveyayinevi.com.tr\/index.php\/urun\/cocuk-egitiminde-dogru-bilinen-yanlislar\/"},"modified":"2026-04-16T02:09:59","modified_gmt":"2026-04-15T23:09:59","slug":"cocuk-egitiminde-dogru-bilinen-yanlislar","status":"publish","type":"product","link":"https:\/\/roveyayinevi.com.tr\/index.php\/urun\/cocuk-egitiminde-dogru-bilinen-yanlislar\/","title":{"rendered":"\u00c7ocuk E\u011fitiminde Do\u011fru Bilinen Yanl\u0131\u015flar"},"content":{"rendered":"<p>\u00c7ocuk e\u011fitimi, \u00e7ocu\u011fu ceza ve m\u00fck\u00e2fat ile \u201cadam etmek\u201d de\u011fil, onun dostlu\u011funu kazanabilme becerisidir&#8230; Bu beceriyi elde edebilen yeti\u015fkinlerdir \u00e7ocuklar\u0131n\u0131 e\u011fitebilenler&#8230; \u00c7ocuk, bask\u0131 ve zorlamalar ile sindirildik\u00e7e de\u011fil, ebeveynine g\u00fcvenle tutunabildik\u00e7e ki\u015fili\u011fini geli\u015ftirir.\u00c7\u0131kt\u0131\u011f\u0131 g\u00fcnden bu yana 100 binin \u00fczerinde okura ula\u015fan bu kitap, \u201ckorkmay\u0131n \u00e7ocuk iyidir\u201d s\u00f6z\u00fcnden cesaret alan yeti\u015fkinlerin \u00e7ocu\u011fa dost olma hik\u00e2yesine d\u00f6n\u00fc\u015ft\u00fc. Bir\u00e7ok anne baba, \u00e7ocuklar\u0131 ile dost olman\u0131n verdi\u011fi keyifle birbirlerine, \u201cgel sen de \u00e7ocukla \u00e7ocuk ol\u201d diye seslendi&#8230; Bir \u201c\u00e7ocuk dostu\u201d hik\u00e2yesi yay\u0131ld\u0131 \u00fclkemizde\u2026 Bu eserde Pedagog Dr. Adem G\u00fcne\u015f, \u00e7ocu\u011fun anne karn\u0131nda ba\u015flayan ya\u015fam ser\u00fcvenini ergenlik sonuna kadar ele al\u0131yor, \u00e7ocuk e\u011fitimine dair \u201cdo\u011fru bilinen yanl\u0131\u015flar\u201d\u0131 g\u00f6zler \u00f6n\u00fcne seriyor\u2026 <\/p>\n","protected":false},"excerpt":{"rendered":"<p>\u00c7ocuk e\u011fitimi, \u00e7ocu\u011fu ceza ve m\u00fck\u00e2fat ile \u201cadam etmek\u201d de\u011fil, onun dostlu\u011funu kazanabilme becerisidir&#8230; Bu beceriyi elde edebilen yeti\u015fkinlerdir \u00e7ocuklar\u0131n\u0131 e\u011fitebilenler&#8230; \u00c7ocuk, bask\u0131 ve zorlamalar ile<span class=\"excerpt-hellip\"> [\u2026]<\/span><\/p>\n","protected":false},"featured_media":0,"template":"","meta":{"_monsterinsights_skip_tracking":false,"_monsterinsights_sitenote_active":false,"_monsterinsights_sitenote_note":"","_monsterinsights_sitenote_category":0},"product_brand":[],"product_cat":[12831,12324],"product_tag":[],"class_list":{"0":"post-700640","1":"product","2":"type-product","3":"status-publish","5":"product_cat-aile-ve-cocuk","6":"product_cat-sosyoloji","7":"pa_cilt-ciltsiz","8":"pa_tur-kitap","9":"pa_yayinevi-timas-yayinlari","10":"pa_yazar-adem-gunes","12":"first","13":"instock","14":"sale","15":"shipping-taxable","16":"purchasable","17":"product-type-simple"},"_links":{"self":[{"href":"https:\/\/roveyayinevi.com.tr\/index.php\/wp-json\/wp\/v2\/product\/700640","targetHints":{"allow":["GET"]}}],"collection":[{"href":"https:\/\/roveyayinevi.com.tr\/index.php\/wp-json\/wp\/v2\/product"}],"about":[{"href":"https:\/\/roveyayinevi.com.tr\/index.php\/wp-json\/wp\/v2\/types\/product"}],"wp:attachment":[{"href":"https:\/\/roveyayinevi.com.tr\/index.php\/wp-json\/wp\/v2\/media?parent=700640"}],"wp:term":[{"taxonomy":"product_brand","embeddable":true,"href":"https:\/\/roveyayinevi.com.tr\/index.php\/wp-json\/wp\/v2\/product_brand?post=700640"},{"taxonomy":"product_cat","embeddable":true,"href":"https:\/\/roveyayinevi.com.tr\/index.php\/wp-json\/wp\/v2\/product_cat?post=700640"},{"taxonomy":"product_tag","embeddable":true,"href":"https:\/\/roveyayinevi.com.tr\/index.php\/wp-json\/wp\/v2\/product_tag?post=700640"}],"curies":[{"name":"wp","href":"https:\/\/api.w.org\/{rel}","templated":true}]}}