{"id":700639,"date":"2025-08-27T15:01:28","date_gmt":"2025-08-27T12:01:28","guid":{"rendered":"https:\/\/roveyayinevi.com.tr\/index.php\/urun\/mangala\/"},"modified":"2026-04-16T02:09:59","modified_gmt":"2026-04-15T23:09:59","slug":"mangala","status":"publish","type":"product","link":"https:\/\/roveyayinevi.com.tr\/index.php\/urun\/mangala\/","title":{"rendered":"Mangala"},"content":{"rendered":"<p>Mangala 4000 y\u0131ll\u0131k ge\u00e7mi\u015fe sahip T\u00fcrk oyunudur. Osmanl\u0131 d\u00f6neminde \u00e7ok pop\u00fcler olan bu oyun 7&#8217;den 70&#8217;e veya da\u011fdaki \u00e7obandan saraydaki sultana kadar geni\u015f bir yelpazeye hitap etmi\u015ftir. Orta Asya&#8217;da T\u00fcrk \u00e7obanlar\u0131 taraf\u0131ndan bulundu\u011fu kabul edilen Mangala, ger\u00e7ek bir strateji oyunudur, \u015fans fakt\u00f6r\u00fc hi\u00e7 yoktur. Yakla\u015f\u0131k 200 farkl\u0131 stile sahip t\u00fcrleri vard\u0131r. Mankala bu oyunlar\u0131n genel ad\u0131 olup, her \u00fclkede farkl\u0131 t\u00fcr\u00fc oynan\u0131r. Afrika ve etraf\u0131ndaki adalarda, Ortado\u011fu ve Asya&#8217;n\u0131n da baz\u0131 y\u00f6relerinde oynan\u0131r. Bu oyunlarda belli say\u0131da \u00e7ukurlar vard\u0131r ve belirli say\u0131daki ta\u015flar bu \u00e7ukurlara yerle\u015ftirilir. Oyunda ama\u00e7 belli say\u0131daki ta\u015flar\u0131 esir almakt\u0131r. Mankala kelimesinin Arap\u00e7a hareket etmek anlam\u0131ndaki s\u00f6zc\u00fckten t\u00fcredi\u011fi yayg\u0131n bir kan\u0131d\u0131r. Bizim k\u00fclt\u00fcr\u00fcm\u00fczde ise Mangala ad\u0131yla tan\u0131nan bu oyunun ge\u00e7mi\u015fi Sakalar, Hunlar ve G\u00f6kt\u00fcrklere kadar dayanmaktad\u0131r. Mangala oyunu kendi k\u00fclt\u00fcr\u00fcm\u00fczde &#8216;Kuyu Oyunu&#8217; veya &#8216;Dokuz Kumalak&#8217; adlar\u0131yla da bilinmektedir. Mangala oyunu \u00f6zellikle \u00e7ocuklar\u0131n bir\u00e7ok yetene\u011fini geli\u015ftirmek i\u00e7in bire birdir. Satran\u00e7 kadar zor olmayan bu oyunun ki\u015fiye kazan\u0131mlar\u0131 k\u00fc\u00e7\u00fcmsenmeyecek kadar k\u0131ymetlidir. Mangala oyununda ustala\u015fmak i\u00e7in, analitik d\u00fc\u015f\u00fcnceye sahip olmak, g\u00fc\u00e7l\u00fc bir haf\u0131za, gelece\u011fi planlama, esneklik, h\u0131zl\u0131 karar verme ve m\u00fccadele g\u00fcc\u00fcn\u00fcn y\u00fcksek olmas\u0131 gerekmektedir. Teknoloji \u00e7a\u011f\u0131nda bireyler birbirinden uzakla\u015fmakta olup, bireylerin birlikte vakit ge\u00e7irebilecekleri payla\u015f\u0131mlar h\u0131zla azalmaktad\u0131r. Ayn\u0131 problem \u00e7ocuklarda ve ebeveynlerde de g\u00f6zlenmektedir. Bu nedenle mangala oyunu ya\u015f, cinsiyet g\u00f6zetmeden her kesime \u00e7ok cazip gelen daha kaliteli, e\u011flenceli vakit ge\u00e7irmeniz i\u00e7in bir f\u0131rsatt\u0131r. <\/p>\n","protected":false},"excerpt":{"rendered":"<p>Mangala 4000 y\u0131ll\u0131k ge\u00e7mi\u015fe sahip T\u00fcrk oyunudur. Osmanl\u0131 d\u00f6neminde \u00e7ok pop\u00fcler olan bu oyun 7&#8217;den 70&#8217;e veya da\u011fdaki \u00e7obandan saraydaki sultana kadar geni\u015f bir yelpazeye hitap<span class=\"excerpt-hellip\"> [\u2026]<\/span><\/p>\n","protected":false},"featured_media":0,"template":"","meta":{"_monsterinsights_skip_tracking":false,"_monsterinsights_sitenote_active":false,"_monsterinsights_sitenote_note":"","_monsterinsights_sitenote_category":0},"product_brand":[],"product_cat":[15563,24020],"product_tag":[],"class_list":{"0":"post-700639","1":"product","2":"type-product","3":"status-publish","5":"product_cat-hobi","6":"product_cat-kultur","7":"pa_cilt-ciltsiz","8":"pa_tur-kitap20","9":"pa_yayinevi-delta-kultur-yayinevi","10":"pa_yazar-nilufer-cinar-corlulu","12":"first","13":"instock","14":"sale","15":"shipping-taxable","16":"purchasable","17":"product-type-simple"},"_links":{"self":[{"href":"https:\/\/roveyayinevi.com.tr\/index.php\/wp-json\/wp\/v2\/product\/700639","targetHints":{"allow":["GET"]}}],"collection":[{"href":"https:\/\/roveyayinevi.com.tr\/index.php\/wp-json\/wp\/v2\/product"}],"about":[{"href":"https:\/\/roveyayinevi.com.tr\/index.php\/wp-json\/wp\/v2\/types\/product"}],"wp:attachment":[{"href":"https:\/\/roveyayinevi.com.tr\/index.php\/wp-json\/wp\/v2\/media?parent=700639"}],"wp:term":[{"taxonomy":"product_brand","embeddable":true,"href":"https:\/\/roveyayinevi.com.tr\/index.php\/wp-json\/wp\/v2\/product_brand?post=700639"},{"taxonomy":"product_cat","embeddable":true,"href":"https:\/\/roveyayinevi.com.tr\/index.php\/wp-json\/wp\/v2\/product_cat?post=700639"},{"taxonomy":"product_tag","embeddable":true,"href":"https:\/\/roveyayinevi.com.tr\/index.php\/wp-json\/wp\/v2\/product_tag?post=700639"}],"curies":[{"name":"wp","href":"https:\/\/api.w.org\/{rel}","templated":true}]}}