{"id":700637,"date":"2025-08-27T15:01:27","date_gmt":"2025-08-27T12:01:27","guid":{"rendered":"https:\/\/roveyayinevi.com.tr\/index.php\/urun\/peygamberimizin-ozellikleri-ve-guzellikleri-1-temizlik\/"},"modified":"2026-04-16T02:09:59","modified_gmt":"2026-04-15T23:09:59","slug":"peygamberimizin-ozellikleri-ve-guzellikleri-1-temizlik","status":"publish","type":"product","link":"https:\/\/roveyayinevi.com.tr\/index.php\/urun\/peygamberimizin-ozellikleri-ve-guzellikleri-1-temizlik\/","title":{"rendered":"Peygamberimizin \u00d6zellikleri ve G\u00fczellikleri 1: Temizlik"},"content":{"rendered":"<p>O, insanlar\u0131n en temizi idi. Serin sabahlarda a\u00e7an taze g\u00fcller gibi kokard\u0131. B\u00fct\u00fcn hay\u0131rl\u0131 ve g\u00fczel \u015feylerde oldu\u011fu gibi temizlik konusunda da kimse onunla yar\u0131\u015famazd\u0131. <\/p>\n","protected":false},"excerpt":{"rendered":"<p>O, insanlar\u0131n en temizi idi. Serin sabahlarda a\u00e7an taze g\u00fcller gibi kokard\u0131. B\u00fct\u00fcn hay\u0131rl\u0131 ve g\u00fczel \u015feylerde oldu\u011fu gibi temizlik konusunda da kimse onunla yar\u0131\u015famazd\u0131.<\/p>\n","protected":false},"featured_media":0,"template":"","meta":{"_monsterinsights_skip_tracking":false,"_monsterinsights_sitenote_active":false,"_monsterinsights_sitenote_note":"","_monsterinsights_sitenote_category":0},"product_brand":[],"product_cat":[18094,12718,12719],"product_tag":[],"class_list":{"0":"post-700637","1":"product","2":"type-product","3":"status-publish","5":"product_cat-biyografi-otobiyografi-islam","6":"product_cat-din","7":"product_cat-islam","8":"pa_tur-kitap","9":"pa_yayinevi-ugurbocegi-yayinlari","10":"pa_yazar-ozkan-oze","12":"first","13":"instock","14":"sale","15":"shipping-taxable","16":"purchasable","17":"product-type-simple"},"_links":{"self":[{"href":"https:\/\/roveyayinevi.com.tr\/index.php\/wp-json\/wp\/v2\/product\/700637","targetHints":{"allow":["GET"]}}],"collection":[{"href":"https:\/\/roveyayinevi.com.tr\/index.php\/wp-json\/wp\/v2\/product"}],"about":[{"href":"https:\/\/roveyayinevi.com.tr\/index.php\/wp-json\/wp\/v2\/types\/product"}],"wp:attachment":[{"href":"https:\/\/roveyayinevi.com.tr\/index.php\/wp-json\/wp\/v2\/media?parent=700637"}],"wp:term":[{"taxonomy":"product_brand","embeddable":true,"href":"https:\/\/roveyayinevi.com.tr\/index.php\/wp-json\/wp\/v2\/product_brand?post=700637"},{"taxonomy":"product_cat","embeddable":true,"href":"https:\/\/roveyayinevi.com.tr\/index.php\/wp-json\/wp\/v2\/product_cat?post=700637"},{"taxonomy":"product_tag","embeddable":true,"href":"https:\/\/roveyayinevi.com.tr\/index.php\/wp-json\/wp\/v2\/product_tag?post=700637"}],"curies":[{"name":"wp","href":"https:\/\/api.w.org\/{rel}","templated":true}]}}