{"id":700636,"date":"2025-08-27T15:00:48","date_gmt":"2025-08-27T12:00:48","guid":{"rendered":"https:\/\/roveyayinevi.com.tr\/index.php\/urun\/denizin-sevdigi-seyler-7-tarhana-corbasi\/"},"modified":"2026-04-16T02:09:59","modified_gmt":"2026-04-15T23:09:59","slug":"denizin-sevdigi-seyler-7-tarhana-corbasi","status":"publish","type":"product","link":"https:\/\/roveyayinevi.com.tr\/index.php\/urun\/denizin-sevdigi-seyler-7-tarhana-corbasi\/","title":{"rendered":"Deniz&#8217;in Sevdi\u011fi \u015eeyler : 7 Tarhana \u00c7orbas\u0131"},"content":{"rendered":"<p>K\u0131\u015f gelip de havalar so\u011fudu\u011fu zaman sofrada s\u0131cac\u0131k, i\u00e7 \u0131s\u0131tan bir \u00e7orba d\u00fc\u015flemez mi insan?.. \ufffcTan\u0131t\u0131m Metni<\/p>\n","protected":false},"excerpt":{"rendered":"<p>K\u0131\u015f gelip de havalar so\u011fudu\u011fu zaman sofrada s\u0131cac\u0131k, i\u00e7 \u0131s\u0131tan bir \u00e7orba d\u00fc\u015flemez mi insan?.. \ufffcTan\u0131t\u0131m Metni<\/p>\n","protected":false},"featured_media":0,"template":"","meta":{"_monsterinsights_skip_tracking":false,"_monsterinsights_sitenote_active":false,"_monsterinsights_sitenote_note":"","_monsterinsights_sitenote_category":0},"product_brand":[],"product_cat":[12274,12284],"product_tag":[],"class_list":{"0":"post-700636","1":"product","2":"type-product","3":"status-publish","5":"product_cat-cocuk-ve-genclik-kitaplari","6":"product_cat-hikayeler","7":"pa_tur-kitap","8":"pa_yayinevi-kirmizi-kedi-yayinevi","9":"pa_yazar-ayla-cinaroglu","11":"first","12":"instock","13":"sale","14":"shipping-taxable","15":"purchasable","16":"product-type-simple"},"_links":{"self":[{"href":"https:\/\/roveyayinevi.com.tr\/index.php\/wp-json\/wp\/v2\/product\/700636","targetHints":{"allow":["GET"]}}],"collection":[{"href":"https:\/\/roveyayinevi.com.tr\/index.php\/wp-json\/wp\/v2\/product"}],"about":[{"href":"https:\/\/roveyayinevi.com.tr\/index.php\/wp-json\/wp\/v2\/types\/product"}],"wp:attachment":[{"href":"https:\/\/roveyayinevi.com.tr\/index.php\/wp-json\/wp\/v2\/media?parent=700636"}],"wp:term":[{"taxonomy":"product_brand","embeddable":true,"href":"https:\/\/roveyayinevi.com.tr\/index.php\/wp-json\/wp\/v2\/product_brand?post=700636"},{"taxonomy":"product_cat","embeddable":true,"href":"https:\/\/roveyayinevi.com.tr\/index.php\/wp-json\/wp\/v2\/product_cat?post=700636"},{"taxonomy":"product_tag","embeddable":true,"href":"https:\/\/roveyayinevi.com.tr\/index.php\/wp-json\/wp\/v2\/product_tag?post=700636"}],"curies":[{"name":"wp","href":"https:\/\/api.w.org\/{rel}","templated":true}]}}