{"id":700632,"date":"2025-08-27T15:00:47","date_gmt":"2025-08-27T12:00:47","guid":{"rendered":"https:\/\/roveyayinevi.com.tr\/index.php\/urun\/benim-haccim\/"},"modified":"2026-04-16T02:09:59","modified_gmt":"2026-04-15T23:09:59","slug":"benim-haccim","status":"publish","type":"product","link":"https:\/\/roveyayinevi.com.tr\/index.php\/urun\/benim-haccim\/","title":{"rendered":"Benim Hacc\u0131m"},"content":{"rendered":"<p>Kimler Hacca Gider?Hacca Gitmek \u0130\u00e7in Ne Kadar Zengin Olmak Gerekir?Hacca Ne S\u0131kl\u0131kla Gidilir?Hac \u00d6ncesi Ni\u00e7in Al\u0131\u015fveri\u015f Yap\u0131l\u0131r?Hacdan Gelenler Ni\u00e7in Ziyaret Edilir?Hac ile Umrenin Fark\u0131 Nedir?Hacca \u0130lk Kim Gitmi\u015ftir?Eskiden Hacca Nas\u0131l Gidilirdi?Hacda Sa\u2019y Yapmak Ne Demektir?Hacca Gidemeyecek Kadar Hasta ve Ya\u015fl\u0131lar Ne Yapar?Lebbeyk Ne Demektir?Hayvanlar Hacca Gider mi?E\u011fer sen de hac ibadeti hakk\u0131nda\u201cSorular\u0131m Vaaar\u201d diyorsanBiricik Dinimiz \u0130slam&#8217;\u0131n kurallar\u0131n\u0131 \u00f6\u011freten\u0130lk \u0130lmihalim: Benim Hacc\u0131mkitab\u0131 tam sana g\u00f6re! <\/p>\n","protected":false},"excerpt":{"rendered":"<p>Kimler Hacca Gider?Hacca Gitmek \u0130\u00e7in Ne Kadar Zengin Olmak Gerekir?Hacca Ne S\u0131kl\u0131kla Gidilir?Hac \u00d6ncesi Ni\u00e7in Al\u0131\u015fveri\u015f Yap\u0131l\u0131r?Hacdan Gelenler Ni\u00e7in Ziyaret Edilir?Hac ile Umrenin Fark\u0131 Nedir?Hacca \u0130lk<span class=\"excerpt-hellip\"> [\u2026]<\/span><\/p>\n","protected":false},"featured_media":0,"template":"","meta":{"_monsterinsights_skip_tracking":false,"_monsterinsights_sitenote_active":false,"_monsterinsights_sitenote_note":"","_monsterinsights_sitenote_category":0},"product_brand":[],"product_cat":[12274,18802],"product_tag":[],"class_list":{"0":"post-700632","1":"product","2":"type-product","3":"status-publish","5":"product_cat-cocuk-ve-genclik-kitaplari","6":"product_cat-din-egitimi","7":"pa_tur-kitap","8":"pa_yayinevi-nesil-cocuk-yayinlari","9":"pa_yazar-selcen-yuksel-arvas","11":"first","12":"instock","13":"sale","14":"shipping-taxable","15":"purchasable","16":"product-type-simple"},"_links":{"self":[{"href":"https:\/\/roveyayinevi.com.tr\/index.php\/wp-json\/wp\/v2\/product\/700632","targetHints":{"allow":["GET"]}}],"collection":[{"href":"https:\/\/roveyayinevi.com.tr\/index.php\/wp-json\/wp\/v2\/product"}],"about":[{"href":"https:\/\/roveyayinevi.com.tr\/index.php\/wp-json\/wp\/v2\/types\/product"}],"wp:attachment":[{"href":"https:\/\/roveyayinevi.com.tr\/index.php\/wp-json\/wp\/v2\/media?parent=700632"}],"wp:term":[{"taxonomy":"product_brand","embeddable":true,"href":"https:\/\/roveyayinevi.com.tr\/index.php\/wp-json\/wp\/v2\/product_brand?post=700632"},{"taxonomy":"product_cat","embeddable":true,"href":"https:\/\/roveyayinevi.com.tr\/index.php\/wp-json\/wp\/v2\/product_cat?post=700632"},{"taxonomy":"product_tag","embeddable":true,"href":"https:\/\/roveyayinevi.com.tr\/index.php\/wp-json\/wp\/v2\/product_tag?post=700632"}],"curies":[{"name":"wp","href":"https:\/\/api.w.org\/{rel}","templated":true}]}}