{"id":700626,"date":"2025-08-27T15:00:45","date_gmt":"2025-08-27T12:00:45","guid":{"rendered":"https:\/\/roveyayinevi.com.tr\/index.php\/urun\/paralel-hat\/"},"modified":"2026-04-16T02:09:59","modified_gmt":"2026-04-15T23:09:59","slug":"paralel-hat","status":"publish","type":"product","link":"https:\/\/roveyayinevi.com.tr\/index.php\/urun\/paralel-hat\/","title":{"rendered":"Paralel Hat"},"content":{"rendered":"<p>\u201cH\u00fck\u00fcmet ile Cemaat beraber y\u00fcr\u00fcd\u00fcler, beraber dinlediler, \u00e7\u0131kar \u00e7at\u0131\u015fmas\u0131na d\u00fc\u015ft\u00fcklerinde bildikleri yollardan ilerleyip, birbirlerini dinlediler.\u201d <\/p>\n","protected":false},"excerpt":{"rendered":"<p>\u201cH\u00fck\u00fcmet ile Cemaat beraber y\u00fcr\u00fcd\u00fcler, beraber dinlediler, \u00e7\u0131kar \u00e7at\u0131\u015fmas\u0131na d\u00fc\u015ft\u00fcklerinde bildikleri yollardan ilerleyip, birbirlerini dinlediler.\u201d<\/p>\n","protected":false},"featured_media":0,"template":"","meta":{"_monsterinsights_skip_tracking":false,"_monsterinsights_sitenote_active":false,"_monsterinsights_sitenote_note":"","_monsterinsights_sitenote_category":0},"product_brand":[],"product_cat":[12346,12337],"product_tag":[],"class_list":{"0":"post-700626","1":"product","2":"type-product","3":"status-publish","5":"product_cat-derin-siyaset-komplo-teorileri","6":"product_cat-politika-siyaset","7":"pa_tur-kitap","8":"pa_yayinevi-kirmizi-kedi-yayinevi","9":"pa_yazar-ilhan-tasci","11":"first","12":"instock","13":"sale","14":"shipping-taxable","15":"purchasable","16":"product-type-simple"},"_links":{"self":[{"href":"https:\/\/roveyayinevi.com.tr\/index.php\/wp-json\/wp\/v2\/product\/700626","targetHints":{"allow":["GET"]}}],"collection":[{"href":"https:\/\/roveyayinevi.com.tr\/index.php\/wp-json\/wp\/v2\/product"}],"about":[{"href":"https:\/\/roveyayinevi.com.tr\/index.php\/wp-json\/wp\/v2\/types\/product"}],"wp:attachment":[{"href":"https:\/\/roveyayinevi.com.tr\/index.php\/wp-json\/wp\/v2\/media?parent=700626"}],"wp:term":[{"taxonomy":"product_brand","embeddable":true,"href":"https:\/\/roveyayinevi.com.tr\/index.php\/wp-json\/wp\/v2\/product_brand?post=700626"},{"taxonomy":"product_cat","embeddable":true,"href":"https:\/\/roveyayinevi.com.tr\/index.php\/wp-json\/wp\/v2\/product_cat?post=700626"},{"taxonomy":"product_tag","embeddable":true,"href":"https:\/\/roveyayinevi.com.tr\/index.php\/wp-json\/wp\/v2\/product_tag?post=700626"}],"curies":[{"name":"wp","href":"https:\/\/api.w.org\/{rel}","templated":true}]}}