{"id":700622,"date":"2025-08-27T15:00:44","date_gmt":"2025-08-27T12:00:44","guid":{"rendered":"https:\/\/roveyayinevi.com.tr\/index.php\/urun\/benim-ataturkum\/"},"modified":"2026-04-16T02:09:59","modified_gmt":"2026-04-15T23:09:59","slug":"benim-ataturkum","status":"publish","type":"product","link":"https:\/\/roveyayinevi.com.tr\/index.php\/urun\/benim-ataturkum\/","title":{"rendered":"Benim Atat\u00fcrk\u00fcm"},"content":{"rendered":"<p>Sevgili \u00e7ocuklar, Mustafa Kemal, sizin gibi bir \u00e7ocuktu. G\u00fc\u00e7 ko\u015fullarda okuyup \u00f6nce asker oldu. Gen\u00e7li\u011finde \u00fclkesini d\u00fc\u015f\u00fcnmeye ba\u015flad\u0131. \u00c7ok okuyordu. Okuyup bilgisi artt\u0131k\u00e7a d\u00fc\u015f\u00fc, d\u00fc\u015f\u00fcncesi de b\u00fcy\u00fcyordu. \u00dclke b\u00fcy\u00fck s\u0131k\u0131nt\u0131lar i\u00e7indeydi; halk yoksul ve umutsuzdu. \u00c7o\u011funuz onu, Kurtulu\u015f Sava\u015f\u0131n\u0131 kazanan, devrimci bir asker olarak tan\u0131yorsunuz. Bu kitapta ger\u00e7ek Mustafa Kemal\u2019le bulu\u015facaks\u0131n\u0131z. G\u00fclen, a\u011flayan, zeybek oynayan, dans eden&#8230; Hep halk\u0131 d\u00fc\u015f\u00fcnen, do\u011faya tutkun Mustafa Kemal\u2019i g\u00f6receksiniz. D\u00fc\u015f\u00fcnceleri, sevinci, co\u015fkusu ya\u015fam\u0131na yans\u0131yan bir ayd\u0131n o. Bilgisiz, sanats\u0131z insan olunmayaca\u011f\u0131n\u0131 kan\u0131tlam\u0131\u015f bir devrimci. Bu kitapta belki daha \u00f6nce hi\u00e7 g\u00f6rmedi\u011finiz foto\u011fraflar\u0131 var. Onu daha iyi tan\u0131y\u0131nca&#8230; Anlay\u0131nca&#8230; Biliyoruz, siz de \u201cBenim Atat\u00fcrk\u00fcm!\u201d diyeceksiniz. <\/p>\n","protected":false},"excerpt":{"rendered":"<p>Sevgili \u00e7ocuklar, Mustafa Kemal, sizin gibi bir \u00e7ocuktu. G\u00fc\u00e7 ko\u015fullarda okuyup \u00f6nce asker oldu. Gen\u00e7li\u011finde \u00fclkesini d\u00fc\u015f\u00fcnmeye ba\u015flad\u0131. \u00c7ok okuyordu. Okuyup bilgisi artt\u0131k\u00e7a d\u00fc\u015f\u00fc, d\u00fc\u015f\u00fcncesi de<span class=\"excerpt-hellip\"> [\u2026]<\/span><\/p>\n","protected":false},"featured_media":0,"template":"","meta":{"_monsterinsights_skip_tracking":false,"_monsterinsights_sitenote_active":false,"_monsterinsights_sitenote_note":"","_monsterinsights_sitenote_category":0},"product_brand":[],"product_cat":[12275,12274],"product_tag":[],"class_list":{"0":"post-700622","1":"product","2":"type-product","3":"status-publish","5":"product_cat-6-12-yas-kitaplari","6":"product_cat-cocuk-ve-genclik-kitaplari","7":"pa_cilt-ciltsiz","8":"pa_tur-kitap","9":"pa_yayinevi-kirmizi-kedi-yayinevi","10":"pa_yazar-sevgi-ozel","12":"first","13":"instock","14":"sale","15":"shipping-taxable","16":"purchasable","17":"product-type-simple"},"_links":{"self":[{"href":"https:\/\/roveyayinevi.com.tr\/index.php\/wp-json\/wp\/v2\/product\/700622","targetHints":{"allow":["GET"]}}],"collection":[{"href":"https:\/\/roveyayinevi.com.tr\/index.php\/wp-json\/wp\/v2\/product"}],"about":[{"href":"https:\/\/roveyayinevi.com.tr\/index.php\/wp-json\/wp\/v2\/types\/product"}],"wp:attachment":[{"href":"https:\/\/roveyayinevi.com.tr\/index.php\/wp-json\/wp\/v2\/media?parent=700622"}],"wp:term":[{"taxonomy":"product_brand","embeddable":true,"href":"https:\/\/roveyayinevi.com.tr\/index.php\/wp-json\/wp\/v2\/product_brand?post=700622"},{"taxonomy":"product_cat","embeddable":true,"href":"https:\/\/roveyayinevi.com.tr\/index.php\/wp-json\/wp\/v2\/product_cat?post=700622"},{"taxonomy":"product_tag","embeddable":true,"href":"https:\/\/roveyayinevi.com.tr\/index.php\/wp-json\/wp\/v2\/product_tag?post=700622"}],"curies":[{"name":"wp","href":"https:\/\/api.w.org\/{rel}","templated":true}]}}