{"id":700621,"date":"2025-08-27T15:00:43","date_gmt":"2025-08-27T12:00:43","guid":{"rendered":"https:\/\/roveyayinevi.com.tr\/index.php\/urun\/kuresel-siyasete-giris-uluslararasi-iliskilerde-kavramlar-teroiler-surecler\/"},"modified":"2026-04-16T02:09:59","modified_gmt":"2026-04-15T23:09:59","slug":"kuresel-siyasete-giris-uluslararasi-iliskilerde-kavramlar-teroiler-surecler","status":"publish","type":"product","link":"https:\/\/roveyayinevi.com.tr\/index.php\/urun\/kuresel-siyasete-giris-uluslararasi-iliskilerde-kavramlar-teroiler-surecler\/","title":{"rendered":"K\u00fcresel Siyasete Giri\u015f: Uluslararas\u0131 \u0130li\u015fkilerde Kavramlar, Teroiler, S\u00fcre\u00e7ler"},"content":{"rendered":"<p>Etraf\u0131m\u0131zdaki d\u00fcnyan\u0131n ve onun bilgisinin b\u00fcy\u00fck bir h\u0131zla d\u00f6n\u00fc\u015f\u00fcme u\u011frad\u0131\u011f\u0131 bir d\u00f6nemde ya\u015f\u0131yoruz. Bir \u00f6nceki y\u00fczy\u0131la ait b\u00fct\u00fcn bilgilerimiz h\u0131zla ge\u00e7ersizle\u015fiyor, sosyal bilimlerin i\u00e7indeki disiplinleraras\u0131 ayr\u0131mlar bulan\u0131kla\u015f\u0131yor. Uluslararas\u0131 g\u00f6\u00e7, k\u00fcresel ekonomik krizler, k\u00fcresel \u00e7evre sorunlar\u0131, enerji krizleri, ulus\u00fcst\u00fc olu\u015fumlar\u0131n derinle\u015fmesi, sava\u015f\u0131n yeni bi\u00e7imleri uluslararas\u0131 ili\u015fkiler disiplinini kuran ve onu di\u011fer disiplinlerden ay\u0131ran, i\u00e7erisi ile d\u0131\u015far\u0131s\u0131 aras\u0131ndaki ayr\u0131m\u0131n ge\u00e7erli olmad\u0131\u011f\u0131 iddialar\u0131n\u0131n yayg\u0131nla\u015fmas\u0131na yol a\u00e7\u0131yor. Hukuksal bir stat\u00fc olarak egemenlik korunmaya devam etse de b\u00fct\u00fcn bu s\u00f6z\u00fc edilen d\u00f6n\u00fc\u015f\u00fcmler egemenli\u011fin siyasal bir kapasite olarak d\u00f6n\u00fc\u015fmesine neden oluyor. Ekonomiden siyasete, y\u00f6netimden idari yap\u0131lanmaya, insan haklar\u0131ndan \u00e7evre sorunlar\u0131na, kuvvet kullanmadan cezai yarg\u0131ya, spordan k\u00fclt\u00fcre, bilim-sanattan e\u011fitime kadar neredeyse t\u00fcm alanlarda yeni ilke ve kurallar getirmeye ba\u015flayan k\u00fcresel hukuk, devletlerin sadece d\u0131\u015f de\u011fil asl\u0131nda i\u00e7 egemenliklerinin de bir \u015fekilde s\u0131n\u0131rlanmas\u0131 anlam\u0131na geliyor. <\/p>\n","protected":false},"excerpt":{"rendered":"<p>Etraf\u0131m\u0131zdaki d\u00fcnyan\u0131n ve onun bilgisinin b\u00fcy\u00fck bir h\u0131zla d\u00f6n\u00fc\u015f\u00fcme u\u011frad\u0131\u011f\u0131 bir d\u00f6nemde ya\u015f\u0131yoruz. Bir \u00f6nceki y\u00fczy\u0131la ait b\u00fct\u00fcn bilgilerimiz h\u0131zla ge\u00e7ersizle\u015fiyor, sosyal bilimlerin i\u00e7indeki disiplinleraras\u0131 ayr\u0131mlar<span class=\"excerpt-hellip\"> [\u2026]<\/span><\/p>\n","protected":false},"featured_media":0,"template":"","meta":{"_monsterinsights_skip_tracking":false,"_monsterinsights_sitenote_active":false,"_monsterinsights_sitenote_note":"","_monsterinsights_sitenote_category":0},"product_brand":[],"product_cat":[13044,13043],"product_tag":[],"class_list":{"0":"post-700621","1":"product","2":"type-product","3":"status-publish","5":"product_cat-dunya-ekonomisi","6":"product_cat-ekonomi","7":"pa_cilt-ciltsiz","8":"pa_tur-kitap","9":"pa_yayinevi-iletisim-yayinlari","10":"pa_yazar-evren-balta-edt","12":"first","13":"instock","14":"sale","15":"shipping-taxable","16":"purchasable","17":"product-type-simple"},"_links":{"self":[{"href":"https:\/\/roveyayinevi.com.tr\/index.php\/wp-json\/wp\/v2\/product\/700621","targetHints":{"allow":["GET"]}}],"collection":[{"href":"https:\/\/roveyayinevi.com.tr\/index.php\/wp-json\/wp\/v2\/product"}],"about":[{"href":"https:\/\/roveyayinevi.com.tr\/index.php\/wp-json\/wp\/v2\/types\/product"}],"wp:attachment":[{"href":"https:\/\/roveyayinevi.com.tr\/index.php\/wp-json\/wp\/v2\/media?parent=700621"}],"wp:term":[{"taxonomy":"product_brand","embeddable":true,"href":"https:\/\/roveyayinevi.com.tr\/index.php\/wp-json\/wp\/v2\/product_brand?post=700621"},{"taxonomy":"product_cat","embeddable":true,"href":"https:\/\/roveyayinevi.com.tr\/index.php\/wp-json\/wp\/v2\/product_cat?post=700621"},{"taxonomy":"product_tag","embeddable":true,"href":"https:\/\/roveyayinevi.com.tr\/index.php\/wp-json\/wp\/v2\/product_tag?post=700621"}],"curies":[{"name":"wp","href":"https:\/\/api.w.org\/{rel}","templated":true}]}}