{"id":700618,"date":"2025-08-27T15:00:42","date_gmt":"2025-08-27T12:00:42","guid":{"rendered":"https:\/\/roveyayinevi.com.tr\/index.php\/urun\/insani-derinlik\/"},"modified":"2026-04-08T02:13:14","modified_gmt":"2026-04-07T23:13:14","slug":"insani-derinlik","status":"publish","type":"product","link":"https:\/\/roveyayinevi.com.tr\/index.php\/urun\/insani-derinlik\/","title":{"rendered":"\u0130nsani Derinlik"},"content":{"rendered":"<p>A\u015fk, Aile ve Ki\u015fisel Geli\u015fim \u00c7emberinde \u0130nsani Derinlik Yolculu\u011fumuza Ho\u015f Geldiniz! <\/p>\n","protected":false},"excerpt":{"rendered":"<p>A\u015fk, Aile ve Ki\u015fisel Geli\u015fim \u00c7emberinde \u0130nsani Derinlik Yolculu\u011fumuza Ho\u015f Geldiniz!<\/p>\n","protected":false},"featured_media":0,"template":"","meta":{"_monsterinsights_skip_tracking":false,"_monsterinsights_sitenote_active":false,"_monsterinsights_sitenote_note":"","_monsterinsights_sitenote_category":0},"product_brand":[],"product_cat":[12364,12376],"product_tag":[],"class_list":{"0":"post-700618","1":"product","2":"type-product","3":"status-publish","5":"product_cat-genel-konular","6":"product_cat-kisisel-gelisim","7":"pa_tur-kitap","8":"pa_yayinevi-alfa-yayinlari","9":"pa_yazar-ilhami-findikci","11":"first","12":"instock","13":"sale","14":"shipping-taxable","15":"purchasable","16":"product-type-simple"},"_links":{"self":[{"href":"https:\/\/roveyayinevi.com.tr\/index.php\/wp-json\/wp\/v2\/product\/700618","targetHints":{"allow":["GET"]}}],"collection":[{"href":"https:\/\/roveyayinevi.com.tr\/index.php\/wp-json\/wp\/v2\/product"}],"about":[{"href":"https:\/\/roveyayinevi.com.tr\/index.php\/wp-json\/wp\/v2\/types\/product"}],"wp:attachment":[{"href":"https:\/\/roveyayinevi.com.tr\/index.php\/wp-json\/wp\/v2\/media?parent=700618"}],"wp:term":[{"taxonomy":"product_brand","embeddable":true,"href":"https:\/\/roveyayinevi.com.tr\/index.php\/wp-json\/wp\/v2\/product_brand?post=700618"},{"taxonomy":"product_cat","embeddable":true,"href":"https:\/\/roveyayinevi.com.tr\/index.php\/wp-json\/wp\/v2\/product_cat?post=700618"},{"taxonomy":"product_tag","embeddable":true,"href":"https:\/\/roveyayinevi.com.tr\/index.php\/wp-json\/wp\/v2\/product_tag?post=700618"}],"curies":[{"name":"wp","href":"https:\/\/api.w.org\/{rel}","templated":true}]}}