{"id":700612,"date":"2025-08-27T15:00:40","date_gmt":"2025-08-27T12:00:40","guid":{"rendered":"https:\/\/roveyayinevi.com.tr\/index.php\/urun\/derin-cinayetler\/"},"modified":"2026-04-16T02:09:59","modified_gmt":"2026-04-15T23:09:59","slug":"derin-cinayetler","status":"publish","type":"product","link":"https:\/\/roveyayinevi.com.tr\/index.php\/urun\/derin-cinayetler\/","title":{"rendered":"Derin Cinayetler"},"content":{"rendered":"<p>Cumhuriyet\u2019in ilk y\u0131llar\u0131, bug\u00fcne kadar ayd\u0131nlanmam\u0131\u015f\/ayd\u0131nlat\u0131lamam\u0131\u015f, kaza ya da intihar s\u00fcs\u00fc verilmi\u015f \u015faibeli cinayetlerle doludur. Her nedense bu cinayetlerin \u00e7\u00f6z\u00fclmesi i\u00e7in fazla \u00e7aba g\u00f6sterilmemi\u015f; tarih\u00e7iler bu cinayetleri \u00e7o\u011fu zaman g\u00f6rmezden gelmi\u015ftir. &#8211; Atat\u00fcrk\u2019\u00fcn sofra arkada\u015flar\u0131 olarak bilinen Huzur-\u0131 Mutat Zevat kimlerden olu\u015fuyordu? <\/p>\n","protected":false},"excerpt":{"rendered":"<p>Cumhuriyet\u2019in ilk y\u0131llar\u0131, bug\u00fcne kadar ayd\u0131nlanmam\u0131\u015f\/ayd\u0131nlat\u0131lamam\u0131\u015f, kaza ya da intihar s\u00fcs\u00fc verilmi\u015f \u015faibeli cinayetlerle doludur. Her nedense bu cinayetlerin \u00e7\u00f6z\u00fclmesi i\u00e7in fazla \u00e7aba g\u00f6sterilmemi\u015f; tarih\u00e7iler bu<span class=\"excerpt-hellip\"> [\u2026]<\/span><\/p>\n","protected":false},"featured_media":0,"template":"","meta":{"_monsterinsights_skip_tracking":false,"_monsterinsights_sitenote_active":false,"_monsterinsights_sitenote_note":"","_monsterinsights_sitenote_category":0},"product_brand":[],"product_cat":[12370,12304],"product_tag":[],"class_list":{"0":"post-700612","1":"product","2":"type-product","3":"status-publish","5":"product_cat-arastirma-inceleme","6":"product_cat-tarih","7":"pa_tur-kitap","8":"pa_yayinevi-timas-yayinlari","9":"pa_yazar-ismail-akbal","11":"first","12":"instock","13":"sale","14":"shipping-taxable","15":"purchasable","16":"product-type-simple"},"_links":{"self":[{"href":"https:\/\/roveyayinevi.com.tr\/index.php\/wp-json\/wp\/v2\/product\/700612","targetHints":{"allow":["GET"]}}],"collection":[{"href":"https:\/\/roveyayinevi.com.tr\/index.php\/wp-json\/wp\/v2\/product"}],"about":[{"href":"https:\/\/roveyayinevi.com.tr\/index.php\/wp-json\/wp\/v2\/types\/product"}],"wp:attachment":[{"href":"https:\/\/roveyayinevi.com.tr\/index.php\/wp-json\/wp\/v2\/media?parent=700612"}],"wp:term":[{"taxonomy":"product_brand","embeddable":true,"href":"https:\/\/roveyayinevi.com.tr\/index.php\/wp-json\/wp\/v2\/product_brand?post=700612"},{"taxonomy":"product_cat","embeddable":true,"href":"https:\/\/roveyayinevi.com.tr\/index.php\/wp-json\/wp\/v2\/product_cat?post=700612"},{"taxonomy":"product_tag","embeddable":true,"href":"https:\/\/roveyayinevi.com.tr\/index.php\/wp-json\/wp\/v2\/product_tag?post=700612"}],"curies":[{"name":"wp","href":"https:\/\/api.w.org\/{rel}","templated":true}]}}