{"id":700610,"date":"2025-08-27T15:00:40","date_gmt":"2025-08-27T12:00:40","guid":{"rendered":"https:\/\/roveyayinevi.com.tr\/index.php\/urun\/muhasebe-hilelerinin-onlenmesinde-sarbanes-oxley-yasasi-ve-alman-on-adim-programinin-karsilastirilmasi-turkiye-icin-yol-haritas\/"},"modified":"2026-04-16T02:09:59","modified_gmt":"2026-04-15T23:09:59","slug":"muhasebe-hilelerinin-onlenmesinde-sarbanes-oxley-yasasi-ve-alman-on-adim-programinin-karsilastirilmasi-turkiye-icin-yol-haritas","status":"publish","type":"product","link":"https:\/\/roveyayinevi.com.tr\/index.php\/urun\/muhasebe-hilelerinin-onlenmesinde-sarbanes-oxley-yasasi-ve-alman-on-adim-programinin-karsilastirilmasi-turkiye-icin-yol-haritas\/","title":{"rendered":"Muhasebe Hilelerinin \u00d6nlenmesinde Sarbanes-Oxley Yasas\u0131 ve Alman On Ad\u0131m Program\u0131n\u0131n Kar\u015f\u0131la\u015ft\u0131r\u0131lmas\u0131: T\u00fcrkiye i\u00e7in Yol Haritas"},"content":{"rendered":"<p>Muhasebe Hilelerinin \u00d6nlenmesinde Sarbanes-Oxley Yasas\u0131 ve Alman On Ad\u0131m Program\u0131n\u0131n Kar\u015f\u0131la\u015ft\u0131r\u0131lmas\u0131: T\u00fcrkiye i\u00e7in Yol Haritas <\/p>\n","protected":false},"excerpt":{"rendered":"<p>Muhasebe Hilelerinin \u00d6nlenmesinde Sarbanes-Oxley Yasas\u0131 ve Alman On Ad\u0131m Program\u0131n\u0131n Kar\u015f\u0131la\u015ft\u0131r\u0131lmas\u0131: T\u00fcrkiye i\u00e7in Yol Haritas<\/p>\n","protected":false},"featured_media":0,"template":"","meta":{"_monsterinsights_skip_tracking":false,"_monsterinsights_sitenote_active":false,"_monsterinsights_sitenote_note":"","_monsterinsights_sitenote_category":0},"product_brand":[],"product_cat":[12573,12566],"product_tag":[],"class_list":{"0":"post-700610","1":"product","2":"type-product","3":"status-publish","5":"product_cat-akademik-kitaplar","6":"product_cat-egitim","7":"pa_cilt-ciltsiz","8":"pa_tur-kitap","9":"pa_yayinevi-gazi-kitabevi","10":"pa_yazar-cemal-elitas","12":"first","13":"instock","14":"sale","15":"shipping-taxable","16":"purchasable","17":"product-type-simple"},"_links":{"self":[{"href":"https:\/\/roveyayinevi.com.tr\/index.php\/wp-json\/wp\/v2\/product\/700610","targetHints":{"allow":["GET"]}}],"collection":[{"href":"https:\/\/roveyayinevi.com.tr\/index.php\/wp-json\/wp\/v2\/product"}],"about":[{"href":"https:\/\/roveyayinevi.com.tr\/index.php\/wp-json\/wp\/v2\/types\/product"}],"wp:attachment":[{"href":"https:\/\/roveyayinevi.com.tr\/index.php\/wp-json\/wp\/v2\/media?parent=700610"}],"wp:term":[{"taxonomy":"product_brand","embeddable":true,"href":"https:\/\/roveyayinevi.com.tr\/index.php\/wp-json\/wp\/v2\/product_brand?post=700610"},{"taxonomy":"product_cat","embeddable":true,"href":"https:\/\/roveyayinevi.com.tr\/index.php\/wp-json\/wp\/v2\/product_cat?post=700610"},{"taxonomy":"product_tag","embeddable":true,"href":"https:\/\/roveyayinevi.com.tr\/index.php\/wp-json\/wp\/v2\/product_tag?post=700610"}],"curies":[{"name":"wp","href":"https:\/\/api.w.org\/{rel}","templated":true}]}}