{"id":700605,"date":"2025-08-27T15:00:38","date_gmt":"2025-08-27T12:00:38","guid":{"rendered":"https:\/\/roveyayinevi.com.tr\/index.php\/urun\/curumenin-kitabi\/"},"modified":"2026-04-16T02:09:58","modified_gmt":"2026-04-15T23:09:58","slug":"curumenin-kitabi","status":"publish","type":"product","link":"https:\/\/roveyayinevi.com.tr\/index.php\/urun\/curumenin-kitabi\/","title":{"rendered":"\u00c7\u00fcr\u00fcmenin Kitab\u0131"},"content":{"rendered":"<p>Nerede t\u00fckettin \u00f6mr\u00fcn\u00fc? Bir hareketin hat\u0131ras\u0131, bir tutkunun i\u015fareti, bir maceran\u0131n par\u0131lt\u0131s\u0131, g\u00fczel ve firari bir cinnet &#8211; ge\u00e7mi\u015finde bunlar\u0131n hi\u00e7biri yok; hi\u00e7bir say\u0131klama senin ismini ta\u015f\u0131m\u0131yor, seni hi\u00e7bir zaaf onurland\u0131rm\u0131yor. \u0130z b\u0131rakmadan kay\u0131p gittin; senin r\u00fcyan neydi peki? K\u00f6keninde aldat\u0131c\u0131 ve y\u0131k\u0131ma mahkum olmayan hi\u00e7bir yeni hayat g\u00f6rmedim \u015fimdiye kadar. Her insan\u0131n zaman i\u00e7inde ilerleyip bunalt\u0131l\u0131 bir gevi\u015f getirmeyle kendini tecrit etti\u011fini, yenilenme niyetine de \u00fcmitlerinin beklenmedik y\u00fcz buru\u015fturmas\u0131yla kar\u015f\u0131la\u015f\u0131p kendi i\u00e7ine d\u00fc\u015ft\u00fc\u011f\u00fcn\u00fc g\u00f6rd\u00fcm&#8230; \ufffcTan\u0131t\u0131m Metni<\/p>\n","protected":false},"excerpt":{"rendered":"<p>Nerede t\u00fckettin \u00f6mr\u00fcn\u00fc? Bir hareketin hat\u0131ras\u0131, bir tutkunun i\u015fareti, bir maceran\u0131n par\u0131lt\u0131s\u0131, g\u00fczel ve firari bir cinnet &#8211; ge\u00e7mi\u015finde bunlar\u0131n hi\u00e7biri yok; hi\u00e7bir say\u0131klama senin ismini<span class=\"excerpt-hellip\"> [\u2026]<\/span><\/p>\n","protected":false},"featured_media":0,"template":"","meta":{"_monsterinsights_skip_tracking":false,"_monsterinsights_sitenote_active":false,"_monsterinsights_sitenote_note":"","_monsterinsights_sitenote_category":0},"product_brand":[],"product_cat":[20351,12388],"product_tag":[],"class_list":{"0":"post-700605","1":"product","2":"type-product","3":"status-publish","5":"product_cat-dusunce","6":"product_cat-felsefe","7":"pa_cilt-ciltsiz","8":"pa_tur-kitap","9":"pa_yayinevi-metis-yayinlari","10":"pa_yazar-emil-michel-cioran","12":"first","13":"instock","14":"sale","15":"shipping-taxable","16":"purchasable","17":"product-type-simple"},"_links":{"self":[{"href":"https:\/\/roveyayinevi.com.tr\/index.php\/wp-json\/wp\/v2\/product\/700605","targetHints":{"allow":["GET"]}}],"collection":[{"href":"https:\/\/roveyayinevi.com.tr\/index.php\/wp-json\/wp\/v2\/product"}],"about":[{"href":"https:\/\/roveyayinevi.com.tr\/index.php\/wp-json\/wp\/v2\/types\/product"}],"wp:attachment":[{"href":"https:\/\/roveyayinevi.com.tr\/index.php\/wp-json\/wp\/v2\/media?parent=700605"}],"wp:term":[{"taxonomy":"product_brand","embeddable":true,"href":"https:\/\/roveyayinevi.com.tr\/index.php\/wp-json\/wp\/v2\/product_brand?post=700605"},{"taxonomy":"product_cat","embeddable":true,"href":"https:\/\/roveyayinevi.com.tr\/index.php\/wp-json\/wp\/v2\/product_cat?post=700605"},{"taxonomy":"product_tag","embeddable":true,"href":"https:\/\/roveyayinevi.com.tr\/index.php\/wp-json\/wp\/v2\/product_tag?post=700605"}],"curies":[{"name":"wp","href":"https:\/\/api.w.org\/{rel}","templated":true}]}}