{"id":700602,"date":"2025-08-27T15:00:37","date_gmt":"2025-08-27T12:00:37","guid":{"rendered":"https:\/\/roveyayinevi.com.tr\/index.php\/urun\/kafayi-calistir-orta-seviye-4-kitap-takim\/"},"modified":"2026-04-16T02:09:58","modified_gmt":"2026-04-15T23:09:58","slug":"kafayi-calistir-orta-seviye-4-kitap-takim","status":"publish","type":"product","link":"https:\/\/roveyayinevi.com.tr\/index.php\/urun\/kafayi-calistir-orta-seviye-4-kitap-takim\/","title":{"rendered":"Kafay\u0131 \u00c7al\u0131\u015ft\u0131r &#8211; Orta Seviye (4 Kitap Tak\u0131m)"},"content":{"rendered":"<p>Kafay\u0131 \u00c7al\u0131\u015ft\u0131r &#8211; Zeka Geli\u015ftirme Seti; 6-10 ya\u015f aras\u0131 \u00f6\u011frencilerin analitik, g\u00f6rsel, ili\u015fkisel ve mant\u0131ksal d\u00fc\u015f\u00fcnme becerileri ile dikkat ve alg\u0131lar\u0131n\u0131n geli\u015fmesine yard\u0131mc\u0131 olmak i\u00e7in haz\u0131rlanm\u0131\u015ft\u0131r.Beceri t\u00fcrlerine g\u00f6re d\u00f6rt farkl\u0131 kategoride s\u0131n\u0131fland\u0131r\u0131lan ve her kategorisi kendi i\u00e7inde kolay, orta ve zor olmak \u00fczere \u00fc\u00e7 grup kitaptan olu\u015fan bu set, farkl\u0131 ya\u015f gruplar\u0131na hitap eden toplam 12 kitaptan olu\u015fmaktad\u0131r.Bu setteki kitaplar, \u00f6\u011frencilerin bo\u015f zamanlar\u0131n\u0131 de\u011ferlendirmesinde e\u011flenceli bir kaynak ve ders aras\u0131 aktivitelerde yararl\u0131 bir ara\u00e7 olarak, \u00f6\u011frencilerin d\u00fc\u015f\u00fcnme becerilerinin ve zekalar\u0131n\u0131n geli\u015fimine katk\u0131 sa\u011flayacakt\u0131r.<\/p>\n","protected":false},"excerpt":{"rendered":"<p>Kafay\u0131 \u00c7al\u0131\u015ft\u0131r &#8211; Zeka Geli\u015ftirme Seti; 6-10 ya\u015f aras\u0131 \u00f6\u011frencilerin analitik, g\u00f6rsel, ili\u015fkisel ve mant\u0131ksal d\u00fc\u015f\u00fcnme becerileri ile dikkat ve alg\u0131lar\u0131n\u0131n geli\u015fmesine yard\u0131mc\u0131 olmak i\u00e7in haz\u0131rlanm\u0131\u015ft\u0131r.Beceri<span class=\"excerpt-hellip\"> [\u2026]<\/span><\/p>\n","protected":false},"featured_media":0,"template":"","meta":{"_monsterinsights_skip_tracking":false,"_monsterinsights_sitenote_active":false,"_monsterinsights_sitenote_note":"","_monsterinsights_sitenote_category":0},"product_brand":[],"product_cat":[12492,12274],"product_tag":[],"class_list":{"0":"post-700602","1":"product","2":"type-product","3":"status-publish","5":"product_cat-bilmece-bulmaca","6":"product_cat-cocuk-ve-genclik-kitaplari","7":"pa_cilt-ciltsiz","8":"pa_tur-kitap","9":"pa_yayinevi-ugurbocegi-yayinlari","10":"pa_yazar-kolektif","12":"first","13":"instock","14":"sale","15":"shipping-taxable","16":"purchasable","17":"product-type-simple"},"_links":{"self":[{"href":"https:\/\/roveyayinevi.com.tr\/index.php\/wp-json\/wp\/v2\/product\/700602","targetHints":{"allow":["GET"]}}],"collection":[{"href":"https:\/\/roveyayinevi.com.tr\/index.php\/wp-json\/wp\/v2\/product"}],"about":[{"href":"https:\/\/roveyayinevi.com.tr\/index.php\/wp-json\/wp\/v2\/types\/product"}],"wp:attachment":[{"href":"https:\/\/roveyayinevi.com.tr\/index.php\/wp-json\/wp\/v2\/media?parent=700602"}],"wp:term":[{"taxonomy":"product_brand","embeddable":true,"href":"https:\/\/roveyayinevi.com.tr\/index.php\/wp-json\/wp\/v2\/product_brand?post=700602"},{"taxonomy":"product_cat","embeddable":true,"href":"https:\/\/roveyayinevi.com.tr\/index.php\/wp-json\/wp\/v2\/product_cat?post=700602"},{"taxonomy":"product_tag","embeddable":true,"href":"https:\/\/roveyayinevi.com.tr\/index.php\/wp-json\/wp\/v2\/product_tag?post=700602"}],"curies":[{"name":"wp","href":"https:\/\/api.w.org\/{rel}","templated":true}]}}