{"id":700600,"date":"2025-08-27T15:00:37","date_gmt":"2025-08-27T12:00:37","guid":{"rendered":"https:\/\/roveyayinevi.com.tr\/index.php\/urun\/kiyamet\/"},"modified":"2026-04-16T02:09:58","modified_gmt":"2026-04-15T23:09:58","slug":"kiyamet","status":"publish","type":"product","link":"https:\/\/roveyayinevi.com.tr\/index.php\/urun\/kiyamet\/","title":{"rendered":"K\u0131yamet"},"content":{"rendered":"<p>K\u0131yamet, adeta patlamaya haz\u0131r \u00fc\u00e7 katmanl\u0131 bir kar\u0131\u015f\u0131m: Amans\u0131z bir soru\u015fturma, gitgide yakla\u015fan k\u00fcresel bir felaketin hik\u00e2yesi ve k\u00fc\u00e7\u00fck bir Balkan \u015fehrindeki g\u00fcndelik hayat\u0131n tasviri. D\u00fc\u015f\u00fcn\u00fcn ki Dashiell Hammett, Umberto Eco ile bulu\u015fuyor, sonra ikisinin aras\u0131na Orhan Pamuk kat\u0131l\u0131yor! \u015eayet bu d\u00fcnyada adalet diye bir \u015fey varsa, Nikolaidis\u2019in roman\u0131, James Patterson ya da John Grisham\u2019\u0131n romanlar\u0131ndan \u00e7ok daha fazla satar. Ama bu d\u00fcnyada adalet olmad\u0131\u011f\u0131ndan, o zaman umut edelim de m\u00fcthi\u015f heyecanla okunan bu roman en az\u0131ndan kaderin cilvesi sayesinde b\u00fcy\u00fck bir ba\u015far\u0131 yakalas\u0131n.\u201d <\/p>\n","protected":false},"excerpt":{"rendered":"<p>K\u0131yamet, adeta patlamaya haz\u0131r \u00fc\u00e7 katmanl\u0131 bir kar\u0131\u015f\u0131m: Amans\u0131z bir soru\u015fturma, gitgide yakla\u015fan k\u00fcresel bir felaketin hik\u00e2yesi ve k\u00fc\u00e7\u00fck bir Balkan \u015fehrindeki g\u00fcndelik hayat\u0131n tasviri. D\u00fc\u015f\u00fcn\u00fcn<span class=\"excerpt-hellip\"> [\u2026]<\/span><\/p>\n","protected":false},"featured_media":0,"template":"","meta":{"_monsterinsights_skip_tracking":false,"_monsterinsights_sitenote_active":false,"_monsterinsights_sitenote_note":"","_monsterinsights_sitenote_category":0},"product_brand":[],"product_cat":[12291,12711],"product_tag":[],"class_list":{"0":"post-700600","1":"product","2":"type-product","3":"status-publish","5":"product_cat-edebiyat","6":"product_cat-roman-oyku","7":"pa_tur-kitap","8":"pa_yayinevi-aylak-kitap","9":"pa_yazar-andrej-nikolaidis","11":"first","12":"instock","13":"sale","14":"shipping-taxable","15":"purchasable","16":"product-type-simple"},"_links":{"self":[{"href":"https:\/\/roveyayinevi.com.tr\/index.php\/wp-json\/wp\/v2\/product\/700600","targetHints":{"allow":["GET"]}}],"collection":[{"href":"https:\/\/roveyayinevi.com.tr\/index.php\/wp-json\/wp\/v2\/product"}],"about":[{"href":"https:\/\/roveyayinevi.com.tr\/index.php\/wp-json\/wp\/v2\/types\/product"}],"wp:attachment":[{"href":"https:\/\/roveyayinevi.com.tr\/index.php\/wp-json\/wp\/v2\/media?parent=700600"}],"wp:term":[{"taxonomy":"product_brand","embeddable":true,"href":"https:\/\/roveyayinevi.com.tr\/index.php\/wp-json\/wp\/v2\/product_brand?post=700600"},{"taxonomy":"product_cat","embeddable":true,"href":"https:\/\/roveyayinevi.com.tr\/index.php\/wp-json\/wp\/v2\/product_cat?post=700600"},{"taxonomy":"product_tag","embeddable":true,"href":"https:\/\/roveyayinevi.com.tr\/index.php\/wp-json\/wp\/v2\/product_tag?post=700600"}],"curies":[{"name":"wp","href":"https:\/\/api.w.org\/{rel}","templated":true}]}}