{"id":700598,"date":"2025-08-27T15:00:36","date_gmt":"2025-08-27T12:00:36","guid":{"rendered":"https:\/\/roveyayinevi.com.tr\/index.php\/urun\/isik-tanrisi\/"},"modified":"2026-04-14T02:12:39","modified_gmt":"2026-04-13T23:12:39","slug":"isik-tanrisi","status":"publish","type":"product","link":"https:\/\/roveyayinevi.com.tr\/index.php\/urun\/isik-tanrisi\/","title":{"rendered":"I\u015f\u0131k Tanr\u0131s\u0131"},"content":{"rendered":"<p>\u201cZelazny\u2019nin dehas\u0131n\u0131n muhte\u015fem bir \u00f6rne\u011fi. Karakterler ilgi \u00e7ekici ve ba\u015fd\u00f6nd\u00fcr\u00fcc\u00fc\u2026 I\u015f\u0131k Tanr\u0131s\u0131\u2026 Bir \u015faheser.\u201d \ufffcTan\u0131t\u0131m Metni<\/p>\n","protected":false},"excerpt":{"rendered":"<p>\u201cZelazny\u2019nin dehas\u0131n\u0131n muhte\u015fem bir \u00f6rne\u011fi. Karakterler ilgi \u00e7ekici ve ba\u015fd\u00f6nd\u00fcr\u00fcc\u00fc\u2026 I\u015f\u0131k Tanr\u0131s\u0131\u2026 Bir \u015faheser.\u201d \ufffcTan\u0131t\u0131m Metni<\/p>\n","protected":false},"featured_media":0,"template":"","meta":{"_monsterinsights_skip_tracking":false,"_monsterinsights_sitenote_active":false,"_monsterinsights_sitenote_note":"","_monsterinsights_sitenote_category":0},"product_brand":[],"product_cat":[12891,12291],"product_tag":[],"class_list":{"0":"post-700598","1":"product","2":"type-product","3":"status-publish","5":"product_cat-amerikan-edebiyati","6":"product_cat-edebiyat","7":"pa_cilt-ciltsiz","8":"pa_tur-kitap","9":"pa_yayinevi-ithaki-yayinlari","10":"pa_yazar-roger-zelazny","12":"first","13":"instock","14":"sale","15":"shipping-taxable","16":"purchasable","17":"product-type-simple"},"_links":{"self":[{"href":"https:\/\/roveyayinevi.com.tr\/index.php\/wp-json\/wp\/v2\/product\/700598","targetHints":{"allow":["GET"]}}],"collection":[{"href":"https:\/\/roveyayinevi.com.tr\/index.php\/wp-json\/wp\/v2\/product"}],"about":[{"href":"https:\/\/roveyayinevi.com.tr\/index.php\/wp-json\/wp\/v2\/types\/product"}],"wp:attachment":[{"href":"https:\/\/roveyayinevi.com.tr\/index.php\/wp-json\/wp\/v2\/media?parent=700598"}],"wp:term":[{"taxonomy":"product_brand","embeddable":true,"href":"https:\/\/roveyayinevi.com.tr\/index.php\/wp-json\/wp\/v2\/product_brand?post=700598"},{"taxonomy":"product_cat","embeddable":true,"href":"https:\/\/roveyayinevi.com.tr\/index.php\/wp-json\/wp\/v2\/product_cat?post=700598"},{"taxonomy":"product_tag","embeddable":true,"href":"https:\/\/roveyayinevi.com.tr\/index.php\/wp-json\/wp\/v2\/product_tag?post=700598"}],"curies":[{"name":"wp","href":"https:\/\/api.w.org\/{rel}","templated":true}]}}