{"id":700595,"date":"2025-08-27T15:00:35","date_gmt":"2025-08-27T12:00:35","guid":{"rendered":"https:\/\/roveyayinevi.com.tr\/index.php\/urun\/karamazov-kardesler-3\/"},"modified":"2026-04-16T02:09:58","modified_gmt":"2026-04-15T23:09:58","slug":"karamazov-kardesler-3","status":"publish","type":"product","link":"https:\/\/roveyayinevi.com.tr\/index.php\/urun\/karamazov-kardesler-3\/","title":{"rendered":"Karamazov Karde\u015fler"},"content":{"rendered":"<p>T\u00fcm zamanlar\u0131n en ba\u015far\u0131l\u0131 romanlar\u0131 aras\u0131nda say\u0131lan Karamazov Karde\u015fler Dostoyevski\u2019nin kaleme ald\u0131\u011f\u0131 son b\u00fcy\u00fck eseri ve ba\u015fyap\u0131t\u0131d\u0131r. Bencil, paraya ve zevke d\u00fc\u015fk\u00fcn Fyodor Pavlovi\u00e7 Karamazov\u2019un esrarengiz \u00f6l\u00fcm\u00fc, birbirinden \u00e7ok farkl\u0131 karakterlere sahip o\u011fullar\u0131n\u0131n hayat\u0131n\u0131 geri d\u00f6n\u00fc\u015f\u00fc olmayacak bir \u015fekilde de\u011fi\u015ftirmekle kalmay\u0131p t\u00fcm Rusya\u2019n\u0131n yak\u0131ndan takip etti\u011fi bir davaya d\u00f6n\u00fc\u015fecektir. Dostoyevski, Karamazov Karde\u015fler\u2019de yazarl\u0131k ya\u015fam\u0131 boyunca kafa yordu\u011fu hemen b\u00fct\u00fcn temalar\u0131 i\u015fleyerek dev bir esere imza atm\u0131\u015f, bu son eseriyle de \u00e7ok b\u00fcy\u00fck \u00f6vg\u00fcler alm\u0131\u015f ve kitab\u0131n yay\u0131m\u0131ndan k\u0131sa bir s\u00fcre sonra \u00fcn\u00fcn\u00fcn doru\u011fundayken hayata veda etmi\u015ftir. \u201c&#8230;Karamazov Karde\u015fler yakla\u015f\u0131k d\u00f6rt y\u00fcz bin s\u00f6zc\u00fckten olu\u015fan bir destand\u0131r..\u201d EDWARD HALLETT CARR \u201cHayatta \u00f6\u011frenmek istedi\u011finiz ne varsa hepsini Karamazov Karde\u015fler\u2019de bulursunuz&#8230;\u201d KURT VONNEGUT<\/p>\n","protected":false},"excerpt":{"rendered":"<p>T\u00fcm zamanlar\u0131n en ba\u015far\u0131l\u0131 romanlar\u0131 aras\u0131nda say\u0131lan Karamazov Karde\u015fler Dostoyevski\u2019nin kaleme ald\u0131\u011f\u0131 son b\u00fcy\u00fck eseri ve ba\u015fyap\u0131t\u0131d\u0131r. Bencil, paraya ve zevke d\u00fc\u015fk\u00fcn Fyodor Pavlovi\u00e7 Karamazov\u2019un esrarengiz<span class=\"excerpt-hellip\"> [\u2026]<\/span><\/p>\n","protected":false},"featured_media":0,"template":"","meta":{"_monsterinsights_skip_tracking":false,"_monsterinsights_sitenote_active":false,"_monsterinsights_sitenote_note":"","_monsterinsights_sitenote_category":0},"product_brand":[],"product_cat":[12291,13570],"product_tag":[],"class_list":{"0":"post-700595","1":"product","2":"type-product","3":"status-publish","5":"product_cat-edebiyat","6":"product_cat-rus-edebiyati","7":"pa_cilt-ciltsiz","8":"pa_tur-kitap","9":"pa_yayinevi-iletisim-yayinlari","10":"pa_yazar-fyodor-mihaylovic-dostoyevski","12":"first","13":"instock","14":"sale","15":"shipping-taxable","16":"purchasable","17":"product-type-simple"},"_links":{"self":[{"href":"https:\/\/roveyayinevi.com.tr\/index.php\/wp-json\/wp\/v2\/product\/700595","targetHints":{"allow":["GET"]}}],"collection":[{"href":"https:\/\/roveyayinevi.com.tr\/index.php\/wp-json\/wp\/v2\/product"}],"about":[{"href":"https:\/\/roveyayinevi.com.tr\/index.php\/wp-json\/wp\/v2\/types\/product"}],"wp:attachment":[{"href":"https:\/\/roveyayinevi.com.tr\/index.php\/wp-json\/wp\/v2\/media?parent=700595"}],"wp:term":[{"taxonomy":"product_brand","embeddable":true,"href":"https:\/\/roveyayinevi.com.tr\/index.php\/wp-json\/wp\/v2\/product_brand?post=700595"},{"taxonomy":"product_cat","embeddable":true,"href":"https:\/\/roveyayinevi.com.tr\/index.php\/wp-json\/wp\/v2\/product_cat?post=700595"},{"taxonomy":"product_tag","embeddable":true,"href":"https:\/\/roveyayinevi.com.tr\/index.php\/wp-json\/wp\/v2\/product_tag?post=700595"}],"curies":[{"name":"wp","href":"https:\/\/api.w.org\/{rel}","templated":true}]}}