{"id":700594,"date":"2025-08-27T15:00:34","date_gmt":"2025-08-27T12:00:34","guid":{"rendered":"https:\/\/roveyayinevi.com.tr\/index.php\/urun\/baharda-yine-geliriz\/"},"modified":"2026-04-16T02:09:58","modified_gmt":"2026-04-15T23:09:58","slug":"baharda-yine-geliriz","status":"publish","type":"product","link":"https:\/\/roveyayinevi.com.tr\/index.php\/urun\/baharda-yine-geliriz\/","title":{"rendered":"Baharda Yine Geliriz"},"content":{"rendered":"<p>\u201cG\u00fczel bir kitap okumak ve \u00f6mr\u00fcm\u00fcn geri kalan\u0131n\u0131 o kitab\u0131 okudu\u011fum yerde ge\u00e7irmek istiyorum,\u201d demi\u015fti. Sonra da bana d\u00f6n\u00fcp sormu\u015ftu: \u201c\u0130nsan g\u00fczel bir kitap okudu\u011fu yerden nas\u0131l ayr\u0131labilir?\u201d \u015eehri ve insanlar\u0131 tan\u0131mak i\u00e7in m\u00fctevaz\u0131 bir rehber<\/p>\n","protected":false},"excerpt":{"rendered":"<p>\u201cG\u00fczel bir kitap okumak ve \u00f6mr\u00fcm\u00fcn geri kalan\u0131n\u0131 o kitab\u0131 okudu\u011fum yerde ge\u00e7irmek istiyorum,\u201d demi\u015fti. Sonra da bana d\u00f6n\u00fcp sormu\u015ftu: \u201c\u0130nsan g\u00fczel bir kitap okudu\u011fu yerden<span class=\"excerpt-hellip\"> [\u2026]<\/span><\/p>\n","protected":false},"featured_media":0,"template":"","meta":{"_monsterinsights_skip_tracking":false,"_monsterinsights_sitenote_active":false,"_monsterinsights_sitenote_note":"","_monsterinsights_sitenote_category":0},"product_brand":[],"product_cat":[12291,12292],"product_tag":[],"class_list":{"0":"post-700594","1":"product","2":"type-product","3":"status-publish","5":"product_cat-edebiyat","6":"product_cat-turk-edebiyati","7":"pa_cilt-ciltsiz","8":"pa_tur-kitap","9":"pa_yayinevi-iletisim-yayinlari","10":"pa_yazar-baris-bicakci","12":"first","13":"instock","14":"sale","15":"shipping-taxable","16":"purchasable","17":"product-type-simple"},"_links":{"self":[{"href":"https:\/\/roveyayinevi.com.tr\/index.php\/wp-json\/wp\/v2\/product\/700594","targetHints":{"allow":["GET"]}}],"collection":[{"href":"https:\/\/roveyayinevi.com.tr\/index.php\/wp-json\/wp\/v2\/product"}],"about":[{"href":"https:\/\/roveyayinevi.com.tr\/index.php\/wp-json\/wp\/v2\/types\/product"}],"wp:attachment":[{"href":"https:\/\/roveyayinevi.com.tr\/index.php\/wp-json\/wp\/v2\/media?parent=700594"}],"wp:term":[{"taxonomy":"product_brand","embeddable":true,"href":"https:\/\/roveyayinevi.com.tr\/index.php\/wp-json\/wp\/v2\/product_brand?post=700594"},{"taxonomy":"product_cat","embeddable":true,"href":"https:\/\/roveyayinevi.com.tr\/index.php\/wp-json\/wp\/v2\/product_cat?post=700594"},{"taxonomy":"product_tag","embeddable":true,"href":"https:\/\/roveyayinevi.com.tr\/index.php\/wp-json\/wp\/v2\/product_tag?post=700594"}],"curies":[{"name":"wp","href":"https:\/\/api.w.org\/{rel}","templated":true}]}}