{"id":700593,"date":"2025-08-27T15:00:34","date_gmt":"2025-08-27T12:00:34","guid":{"rendered":"https:\/\/roveyayinevi.com.tr\/index.php\/urun\/eski-turk-boylari\/"},"modified":"2026-04-16T02:09:58","modified_gmt":"2026-04-15T23:09:58","slug":"eski-turk-boylari","status":"publish","type":"product","link":"https:\/\/roveyayinevi.com.tr\/index.php\/urun\/eski-turk-boylari\/","title":{"rendered":"Eski T\u00fcrk Boylar\u0131"},"content":{"rendered":"<p>Avrasya\u2019n\u0131n u\u00e7suz bucaks\u0131z bozk\u0131rlar\u0131nda tarihin ilk \u0131\u015f\u0131klar\u0131yla birlikte T\u00fcrk k\u00f6kenli topluluklar\u0131n tarihi ba\u015flar ve 21. y\u00fczy\u0131la kadar kesintisiz s\u00fcrer. Bu uzun maceran\u0131n \u00e7ok boyutlu de\u011ferlendirmeleri yap\u0131labilir. Ancak bunlar\u0131n i\u00e7inde bir konu vard\u0131r ki en eski d\u00f6nemde de temel dinamiktir; bu konu T\u00fcrk boylar\u0131d\u0131r. Boylar T\u00fcrk milletinin ana g\u00f6vdesini olu\u015fturmu\u015ftur.T\u00fcrkler bu kadar geni\u015f sahada nas\u0131l varl\u0131klar\u0131n\u0131 kaybetmeden ya\u015fad\u0131lar? sorusunun cevab\u0131 boylar\u0131n tarihinde yatar.T\u00fcrkler tarih\u00ee geni\u015fliklerini de boylar\u0131n da\u011f\u0131l\u0131m\u0131na bor\u00e7ludur. Bir grup T\u00fcrk k\u00fctlesi Orta Avrupa\u2019da devletler kurarken, ba\u015fka bir T\u00fcrk k\u00fctlesi Mo\u011folistan ya da Kuzey \u00c7in\u2019de siyasi organizasyonlar meydana getiriyor, \u0130ran\u2019dan Kuzey Hindistan\u2019a kadar uzanan sahada da yine ba\u015fka devletler h\u00e2linde ya\u015f\u0131yordu. K\u0131sacas\u0131 boylar h\u00e2linde ya\u015famak ya da boy organizasyonlar\u0131 \u00fczerinde siyasi kurulu\u015flar meydana getirmek T\u00fcrk tarihinin en \u00f6nemli \u00f6zelliklerinden biridir. Benliklerini kaybetmemelerinin de en \u00f6nemli sebebi budur.Elinizdeki kitapta M\u00d6 3. y\u00fczy\u0131ldan, MS 10. y\u00fczy\u0131la kadar Volga (\u0130dil) Irma\u011f\u0131\u2019n\u0131n do\u011fusunda Orta Asya ad\u0131 verilen sahada ya\u015fam\u0131\u015f T\u00fcrk boylar\u0131n\u0131n durumlar\u0131 ele al\u0131nd\u0131. Dayand\u0131\u011f\u0131m\u0131z ana kaynaklar \u00c7ince yaz\u0131lm\u0131\u015f olanlard\u0131. Daha sonra bunlar T\u00fcrk\u00e7e, Arap\u00e7a, Fars\u00e7a, Grek\u00e7e ve Latince meydana getirilmi\u015flerle kar\u015f\u0131la\u015ft\u0131r\u0131ld\u0131 ve ortaya bir boylar ana g\u00f6vdesi \u00e7\u0131kt\u0131. Bu ana g\u00f6vde T\u00fcrklerin tarih\u00ee temellerini meydana getirir.Elinizdeki kitap T\u00fcrk tarihinin \u0130slam \u00d6ncesi d\u00f6neminin ana g\u00f6vdesini \u00f6\u011frenmek isteyenlere kaynaklara dayal\u0131 muazzam bilgiler sunmaktad\u0131r.<\/p>\n","protected":false},"excerpt":{"rendered":"<p>Avrasya\u2019n\u0131n u\u00e7suz bucaks\u0131z bozk\u0131rlar\u0131nda tarihin ilk \u0131\u015f\u0131klar\u0131yla birlikte T\u00fcrk k\u00f6kenli topluluklar\u0131n tarihi ba\u015flar ve 21. y\u00fczy\u0131la kadar kesintisiz s\u00fcrer. Bu uzun maceran\u0131n \u00e7ok boyutlu de\u011ferlendirmeleri yap\u0131labilir.<span class=\"excerpt-hellip\"> [\u2026]<\/span><\/p>\n","protected":false},"featured_media":0,"template":"","meta":{"_monsterinsights_skip_tracking":false,"_monsterinsights_sitenote_active":false,"_monsterinsights_sitenote_note":"","_monsterinsights_sitenote_category":0},"product_brand":[],"product_cat":[12370,12304],"product_tag":[],"class_list":{"0":"post-700593","1":"product","2":"type-product","3":"status-publish","5":"product_cat-arastirma-inceleme","6":"product_cat-tarih","7":"pa_cilt-ciltsiz","8":"pa_tur-kitap","9":"pa_yayinevi-bilge-kultur-sanat","10":"pa_yazar-ahmet-tasagil","12":"first","13":"instock","14":"sale","15":"shipping-taxable","16":"purchasable","17":"product-type-simple"},"_links":{"self":[{"href":"https:\/\/roveyayinevi.com.tr\/index.php\/wp-json\/wp\/v2\/product\/700593","targetHints":{"allow":["GET"]}}],"collection":[{"href":"https:\/\/roveyayinevi.com.tr\/index.php\/wp-json\/wp\/v2\/product"}],"about":[{"href":"https:\/\/roveyayinevi.com.tr\/index.php\/wp-json\/wp\/v2\/types\/product"}],"wp:attachment":[{"href":"https:\/\/roveyayinevi.com.tr\/index.php\/wp-json\/wp\/v2\/media?parent=700593"}],"wp:term":[{"taxonomy":"product_brand","embeddable":true,"href":"https:\/\/roveyayinevi.com.tr\/index.php\/wp-json\/wp\/v2\/product_brand?post=700593"},{"taxonomy":"product_cat","embeddable":true,"href":"https:\/\/roveyayinevi.com.tr\/index.php\/wp-json\/wp\/v2\/product_cat?post=700593"},{"taxonomy":"product_tag","embeddable":true,"href":"https:\/\/roveyayinevi.com.tr\/index.php\/wp-json\/wp\/v2\/product_tag?post=700593"}],"curies":[{"name":"wp","href":"https:\/\/api.w.org\/{rel}","templated":true}]}}