{"id":700592,"date":"2025-08-27T15:00:34","date_gmt":"2025-08-27T12:00:34","guid":{"rendered":"https:\/\/roveyayinevi.com.tr\/index.php\/urun\/seksen-gunde-devrialem-2\/"},"modified":"2025-10-08T10:49:11","modified_gmt":"2025-10-08T07:49:11","slug":"seksen-gunde-devrialem-2","status":"publish","type":"product","link":"https:\/\/roveyayinevi.com.tr\/index.php\/urun\/seksen-gunde-devrialem-2\/","title":{"rendered":"Seksen G\u00fcnde Devrialem"},"content":{"rendered":"<p>Phileas Fogg ve Passepartout dur durak bilmeyen, e\u015fsiz bir seyahate \u00e7\u0131k\u0131yor. <\/p>\n","protected":false},"excerpt":{"rendered":"<p>Phileas Fogg ve Passepartout dur durak bilmeyen, e\u015fsiz bir seyahate \u00e7\u0131k\u0131yor.<\/p>\n","protected":false},"featured_media":0,"template":"","meta":{"_monsterinsights_skip_tracking":false,"_monsterinsights_sitenote_active":false,"_monsterinsights_sitenote_note":"","_monsterinsights_sitenote_category":0},"product_brand":[],"product_cat":[12291,13376],"product_tag":[],"class_list":{"0":"post-700592","1":"product","2":"type-product","3":"status-publish","5":"product_cat-edebiyat","6":"product_cat-fransiz-edebiyati","7":"pa_tur-kitap","8":"pa_yayinevi-antik-kitap","9":"pa_yazar-jules-verne","11":"first","12":"instock","13":"sale","14":"shipping-taxable","15":"purchasable","16":"product-type-simple"},"_links":{"self":[{"href":"https:\/\/roveyayinevi.com.tr\/index.php\/wp-json\/wp\/v2\/product\/700592","targetHints":{"allow":["GET"]}}],"collection":[{"href":"https:\/\/roveyayinevi.com.tr\/index.php\/wp-json\/wp\/v2\/product"}],"about":[{"href":"https:\/\/roveyayinevi.com.tr\/index.php\/wp-json\/wp\/v2\/types\/product"}],"wp:attachment":[{"href":"https:\/\/roveyayinevi.com.tr\/index.php\/wp-json\/wp\/v2\/media?parent=700592"}],"wp:term":[{"taxonomy":"product_brand","embeddable":true,"href":"https:\/\/roveyayinevi.com.tr\/index.php\/wp-json\/wp\/v2\/product_brand?post=700592"},{"taxonomy":"product_cat","embeddable":true,"href":"https:\/\/roveyayinevi.com.tr\/index.php\/wp-json\/wp\/v2\/product_cat?post=700592"},{"taxonomy":"product_tag","embeddable":true,"href":"https:\/\/roveyayinevi.com.tr\/index.php\/wp-json\/wp\/v2\/product_tag?post=700592"}],"curies":[{"name":"wp","href":"https:\/\/api.w.org\/{rel}","templated":true}]}}