{"id":700588,"date":"2025-08-27T15:00:32","date_gmt":"2025-08-27T12:00:32","guid":{"rendered":"https:\/\/roveyayinevi.com.tr\/index.php\/urun\/mit-ve-tarih-arasinda-orta-avrupa-edebiyat-tarihinde-turk-imgesi\/"},"modified":"2026-04-16T02:09:58","modified_gmt":"2026-04-15T23:09:58","slug":"mit-ve-tarih-arasinda-orta-avrupa-edebiyat-tarihinde-turk-imgesi","status":"publish","type":"product","link":"https:\/\/roveyayinevi.com.tr\/index.php\/urun\/mit-ve-tarih-arasinda-orta-avrupa-edebiyat-tarihinde-turk-imgesi\/","title":{"rendered":"Mit ve Tarih Aras\u0131nda: Orta Avrupa Edebiyat Tarihinde T\u00fcrk \u0130mgesi"},"content":{"rendered":"<p>Orta Avrupa edebiyatlar\u0131ndaki Osmanl\u0131 imgesinin en eski \u00f6rneklerine folklorik kaynaklarda rastlan\u0131r; folklorun Barok \u015fiirinin geli\u015fimine y\u00f6nelik etkisi ise, bu d\u00f6nem \u015fiirindeki T\u00fcrk kar\u015f\u0131t\u0131 imgelerin olu\u015fumuna katk\u0131da bulunmu\u015ftur. B\u00f6lgede d\u00fczyaz\u0131 t\u00fcr\u00fcn\u00fcn ortaya \u00e7\u0131kmas\u0131 seyahat yaz\u0131m\u0131 ve esaret anlat\u0131lar\u0131na dayan\u0131r; s\u00f6z konusu metinler, T\u00fcrklere atfedilen vah\u015fetinin lanetlenmesi ve din\u00ee antipatiden kaynaklanan bir karmay\u0131 temsil etmektedir. Balkanlarda karanl\u0131k bir durgunluk d\u00f6nemi olarak g\u00f6r\u00fclen (ve okul \u00e7ocuklar\u0131na bu \u015fekilde \u00f6\u011fretilen) Osmanl\u0131 h\u00e2kimiyeti, ayn\u0131 zamanda ulusal ge\u00e7mi\u015fin ayr\u0131lmaz bir par\u00e7as\u0131n\u0131, tarih\u00ee bir miras\u0131 da ifade eder. Ne Slav ne de Balkan \u00fclkesi olan Macaristan\u2019da da, edebiyat, Osmanl\u0131 istila ve h\u00e2kimiyetinin g\u00fc\u00e7l\u00fc etkilerini ta\u015f\u0131r. <\/p>\n","protected":false},"excerpt":{"rendered":"<p>Orta Avrupa edebiyatlar\u0131ndaki Osmanl\u0131 imgesinin en eski \u00f6rneklerine folklorik kaynaklarda rastlan\u0131r; folklorun Barok \u015fiirinin geli\u015fimine y\u00f6nelik etkisi ise, bu d\u00f6nem \u015fiirindeki T\u00fcrk kar\u015f\u0131t\u0131 imgelerin olu\u015fumuna katk\u0131da<span class=\"excerpt-hellip\"> [\u2026]<\/span><\/p>\n","protected":false},"featured_media":0,"template":"","meta":{"_monsterinsights_skip_tracking":false,"_monsterinsights_sitenote_active":false,"_monsterinsights_sitenote_note":"","_monsterinsights_sitenote_category":0},"product_brand":[],"product_cat":[12777,12291],"product_tag":[],"class_list":{"0":"post-700588","1":"product","2":"type-product","3":"status-publish","5":"product_cat-deneme","6":"product_cat-edebiyat","7":"pa_tur-kitap","8":"pa_yayinevi-bilge-kultur-sanat","9":"pa_yazar-charles-d-sabatos","11":"first","12":"instock","13":"sale","14":"shipping-taxable","15":"purchasable","16":"product-type-simple"},"_links":{"self":[{"href":"https:\/\/roveyayinevi.com.tr\/index.php\/wp-json\/wp\/v2\/product\/700588","targetHints":{"allow":["GET"]}}],"collection":[{"href":"https:\/\/roveyayinevi.com.tr\/index.php\/wp-json\/wp\/v2\/product"}],"about":[{"href":"https:\/\/roveyayinevi.com.tr\/index.php\/wp-json\/wp\/v2\/types\/product"}],"wp:attachment":[{"href":"https:\/\/roveyayinevi.com.tr\/index.php\/wp-json\/wp\/v2\/media?parent=700588"}],"wp:term":[{"taxonomy":"product_brand","embeddable":true,"href":"https:\/\/roveyayinevi.com.tr\/index.php\/wp-json\/wp\/v2\/product_brand?post=700588"},{"taxonomy":"product_cat","embeddable":true,"href":"https:\/\/roveyayinevi.com.tr\/index.php\/wp-json\/wp\/v2\/product_cat?post=700588"},{"taxonomy":"product_tag","embeddable":true,"href":"https:\/\/roveyayinevi.com.tr\/index.php\/wp-json\/wp\/v2\/product_tag?post=700588"}],"curies":[{"name":"wp","href":"https:\/\/api.w.org\/{rel}","templated":true}]}}