{"id":700585,"date":"2025-08-27T15:00:31","date_gmt":"2025-08-27T12:00:31","guid":{"rendered":"https:\/\/roveyayinevi.com.tr\/index.php\/urun\/dusman-yaratmak\/"},"modified":"2026-04-16T02:09:58","modified_gmt":"2026-04-15T23:09:58","slug":"dusman-yaratmak","status":"publish","type":"product","link":"https:\/\/roveyayinevi.com.tr\/index.php\/urun\/dusman-yaratmak\/","title":{"rendered":"D\u00fc\u015fman Yaratmak"},"content":{"rendered":"<p>D\u00fc\u015fman Yaratmak, \u201crastgele yaz\u0131lar\u201ddan olu\u015fan bir kitap. Ama, yazar\u0131n 20. y\u00fczy\u0131l\u0131n en \u00f6nemli d\u00fc\u015f\u00fcnce adamlar\u0131ndan Umberto Eco oldu\u011funu d\u00fc\u015f\u00fcn\u00fcnce, bu yaz\u0131lar\u0131n \u00f6ylesine se\u00e7ilmi\u015f konularda rastgele yaz\u0131lm\u0131\u015f yaz\u0131lar olmad\u0131klar\u0131 belli. \ufffcTan\u0131t\u0131m Metni<\/p>\n","protected":false},"excerpt":{"rendered":"<p>D\u00fc\u015fman Yaratmak, \u201crastgele yaz\u0131lar\u201ddan olu\u015fan bir kitap. Ama, yazar\u0131n 20. y\u00fczy\u0131l\u0131n en \u00f6nemli d\u00fc\u015f\u00fcnce adamlar\u0131ndan Umberto Eco oldu\u011funu d\u00fc\u015f\u00fcn\u00fcnce, bu yaz\u0131lar\u0131n \u00f6ylesine se\u00e7ilmi\u015f konularda rastgele yaz\u0131lm\u0131\u015f<span class=\"excerpt-hellip\"> [\u2026]<\/span><\/p>\n","protected":false},"featured_media":0,"template":"","meta":{"_monsterinsights_skip_tracking":false,"_monsterinsights_sitenote_active":false,"_monsterinsights_sitenote_note":"","_monsterinsights_sitenote_category":0},"product_brand":[],"product_cat":[12965,12337],"product_tag":[],"class_list":{"0":"post-700585","1":"product","2":"type-product","3":"status-publish","5":"product_cat-genel-politika","6":"product_cat-politika-siyaset","7":"pa_cilt-ciltsiz","8":"pa_tur-kitap","9":"pa_yayinevi-dogan-kitap","10":"pa_yazar-umberto-eco","12":"first","13":"instock","14":"sale","15":"shipping-taxable","16":"purchasable","17":"product-type-simple"},"_links":{"self":[{"href":"https:\/\/roveyayinevi.com.tr\/index.php\/wp-json\/wp\/v2\/product\/700585","targetHints":{"allow":["GET"]}}],"collection":[{"href":"https:\/\/roveyayinevi.com.tr\/index.php\/wp-json\/wp\/v2\/product"}],"about":[{"href":"https:\/\/roveyayinevi.com.tr\/index.php\/wp-json\/wp\/v2\/types\/product"}],"wp:attachment":[{"href":"https:\/\/roveyayinevi.com.tr\/index.php\/wp-json\/wp\/v2\/media?parent=700585"}],"wp:term":[{"taxonomy":"product_brand","embeddable":true,"href":"https:\/\/roveyayinevi.com.tr\/index.php\/wp-json\/wp\/v2\/product_brand?post=700585"},{"taxonomy":"product_cat","embeddable":true,"href":"https:\/\/roveyayinevi.com.tr\/index.php\/wp-json\/wp\/v2\/product_cat?post=700585"},{"taxonomy":"product_tag","embeddable":true,"href":"https:\/\/roveyayinevi.com.tr\/index.php\/wp-json\/wp\/v2\/product_tag?post=700585"}],"curies":[{"name":"wp","href":"https:\/\/api.w.org\/{rel}","templated":true}]}}