{"id":700577,"date":"2025-08-27T15:00:29","date_gmt":"2025-08-27T12:00:29","guid":{"rendered":"https:\/\/roveyayinevi.com.tr\/index.php\/urun\/dilimiz-dillerimiz-uygulama-uzerine-yazilar\/"},"modified":"2026-02-28T02:18:19","modified_gmt":"2026-02-27T23:18:19","slug":"dilimiz-dillerimiz-uygulama-uzerine-yazilar","status":"publish","type":"product","link":"https:\/\/roveyayinevi.com.tr\/index.php\/urun\/dilimiz-dillerimiz-uygulama-uzerine-yazilar\/","title":{"rendered":"Dilimiz, Dillerimiz: Uygulama \u00dczerine Yaz\u0131lar"},"content":{"rendered":"<p>Daha \u00f6nce, T\u00fcrk\u00e7e Sorunlar\u0131 K\u0131lavuzu&#8217;nu yay\u0131mlam\u0131\u015ft\u0131k Necmiye Alpay&#8217;\u0131n: \u0130ncelikli dil sorunlar\u0131na ilgi duyacak e\u011fitimli okur-yazarlar\u0131 hedefleyen bir k\u0131lavuz. Dilimiz, Dillerimiz&#8217;de ise Alpay, ba\u015fta Radikal Kitap olmak \u00fczere \u00e7e\u015fitli yerlerde yay\u0131mlanan yaz\u0131lar\u0131n\u0131, yapt\u0131\u011f\u0131 konu\u015fmalar\u0131 g\u00f6zden ge\u00e7irerek bir araya getirdi. S\u0131k yap\u0131lan hatalar, kafa kar\u0131\u015ft\u0131ran konular, &#8220;fetvac\u0131 anlay\u0131\u015f&#8221;, imla sorunlar\u0131, anadili\/dilleri, ba\u015fvuru kaynaklar\u0131 gibi konulara de\u011finen \u00e7ok de\u011ferli, zihin a\u00e7\u0131c\u0131 bir kitap \u00e7\u0131kt\u0131 ortaya. &#8220;Ku\u015fkusuz, bu toplum harfleri bir araya getirebilmeyi okuma yazma bilmek sayan toplumlardan biri durumuna geleli epey oluyor; dilbilgisi olsun, edebiyat olsun, okuyup yazmaktan tam anlam\u0131yla kopuk bilgi yumaklar\u0131 durumunda; bu adlar\u0131 ta\u015f\u0131yan dersler \u00f6\u011frecilerde merak yerine nefret uyand\u0131r\u0131yor&#8230; \u015eu var ki T\u00fcrk\u00e7e, ya\u015farl\u0131k a\u00e7\u0131s\u0131ndan orta hallilik sular\u0131nda seyrediyorsa da, ya\u015fanan her dil gibi yeni gereksinmeler onda da de\u011fi\u015fmelere yol a\u00e7\u0131yor. Dolay\u0131s\u0131yla, T\u00fcrk\u00e7ede olup bitene bakarken hangi de\u011fi\u015fikli\u011fin T\u00fcrk\u00e7enin temel \u00f6zelliklerine, e\u011filimlerine, gereksinimlerine uygun, ba\u015fka bir deyi\u015fle, anlat\u0131m olanaklar\u0131n\u0131 geli\u015ftirici nitelikte oldu\u011fu, hangisinin tam tersine T\u00fcrk\u00e7eyi yoksulla\u015ft\u0131rd\u0131\u011f\u0131, bozdu\u011fu ay\u0131rt edilmeli. &#8220;Bug\u00fcn art\u0131k, tarihin bu noktas\u0131nda, bize, T\u00fcrk\u00e7eden ka\u00e7\u0131\u015fta \u00f6nemli rol oynam\u0131\u015f dil politikalar\u0131yla ayn\u0131 \u00e7er\u00e7eve i\u00e7inde hareket eden, hatta bu politikalar\u0131n daha polisiye bir \u00e7izgide uygulanmas\u0131 \u00e7a\u011fr\u0131s\u0131nda bulunan dil kampanyalar\u0131ndan \u00e7ok, bir t\u00fcr e\u011fitim ve k\u00fclt\u00fcr devrimi gerek.&#8221; &#8211; Necmiye Alpay- \ufffcTan\u0131t\u0131m Metni<\/p>\n","protected":false},"excerpt":{"rendered":"<p>Daha \u00f6nce, T\u00fcrk\u00e7e Sorunlar\u0131 K\u0131lavuzu&#8217;nu yay\u0131mlam\u0131\u015ft\u0131k Necmiye Alpay&#8217;\u0131n: \u0130ncelikli dil sorunlar\u0131na ilgi duyacak e\u011fitimli okur-yazarlar\u0131 hedefleyen bir k\u0131lavuz. Dilimiz, Dillerimiz&#8217;de ise Alpay, ba\u015fta Radikal Kitap olmak<span class=\"excerpt-hellip\"> [\u2026]<\/span><\/p>\n","protected":false},"featured_media":0,"template":"","meta":{"_monsterinsights_skip_tracking":false,"_monsterinsights_sitenote_active":false,"_monsterinsights_sitenote_note":"","_monsterinsights_sitenote_category":0},"product_brand":[],"product_cat":[12573,12566],"product_tag":[],"class_list":{"0":"post-700577","1":"product","2":"type-product","3":"status-publish","5":"product_cat-akademik-kitaplar","6":"product_cat-egitim","7":"pa_cilt-ciltsiz","8":"pa_tur-kitap","9":"pa_yayinevi-metis-yayinlari","10":"pa_yazar-necmiye-alpay","12":"first","13":"instock","14":"sale","15":"shipping-taxable","16":"purchasable","17":"product-type-simple"},"_links":{"self":[{"href":"https:\/\/roveyayinevi.com.tr\/index.php\/wp-json\/wp\/v2\/product\/700577","targetHints":{"allow":["GET"]}}],"collection":[{"href":"https:\/\/roveyayinevi.com.tr\/index.php\/wp-json\/wp\/v2\/product"}],"about":[{"href":"https:\/\/roveyayinevi.com.tr\/index.php\/wp-json\/wp\/v2\/types\/product"}],"wp:attachment":[{"href":"https:\/\/roveyayinevi.com.tr\/index.php\/wp-json\/wp\/v2\/media?parent=700577"}],"wp:term":[{"taxonomy":"product_brand","embeddable":true,"href":"https:\/\/roveyayinevi.com.tr\/index.php\/wp-json\/wp\/v2\/product_brand?post=700577"},{"taxonomy":"product_cat","embeddable":true,"href":"https:\/\/roveyayinevi.com.tr\/index.php\/wp-json\/wp\/v2\/product_cat?post=700577"},{"taxonomy":"product_tag","embeddable":true,"href":"https:\/\/roveyayinevi.com.tr\/index.php\/wp-json\/wp\/v2\/product_tag?post=700577"}],"curies":[{"name":"wp","href":"https:\/\/api.w.org\/{rel}","templated":true}]}}