{"id":700575,"date":"2025-08-27T15:00:28","date_gmt":"2025-08-27T12:00:28","guid":{"rendered":"https:\/\/roveyayinevi.com.tr\/index.php\/urun\/toplumsal-sinif-dil-ve-iktidar\/"},"modified":"2026-04-16T02:09:58","modified_gmt":"2026-04-15T23:09:58","slug":"toplumsal-sinif-dil-ve-iktidar","status":"publish","type":"product","link":"https:\/\/roveyayinevi.com.tr\/index.php\/urun\/toplumsal-sinif-dil-ve-iktidar\/","title":{"rendered":"Toplumsal S\u0131n\u0131f Dil ve \u0130ktidar"},"content":{"rendered":"<p>E\u011fitimin, do\u011fas\u0131 gere\u011fi siyasal bir karakter ta\u015f\u0131d\u0131\u011f\u0131na ili\u015fkin ahlaki kan\u0131y\u0131 hareket noktas\u0131 olarak al\u0131rsak bu kitap, Don Lorenzo Milani\u2019nin (1923-1967) e\u011fitsel miras\u0131na ve Toskana\u2019n\u0131n Mugello b\u00f6lgesinde izole bir topluluk olan Barbiana\u2019daki okuluna devam eden \u00f6\u011frencilerine vurgu yapmaktad\u0131r. Lettera a una professoressa (Bir \u00d6\u011fretmene Mektup), Milani\u2019nin ya\u015fam\u0131n\u0131n Barbiana safhas\u0131n\u0131 tan\u0131mlayan anahtar metindir. Bizzat kendisinin editoryal g\u00f6zetiminde yaz\u0131lan metin, okuldaki sekiz gen\u00e7 \u00f6\u011frencinin \u00e7al\u0131\u015fmas\u0131 olarak kabul edilmektedir. \u00c7e\u015fitli dillere \u00e7evrilen Mektup, yay\u0131mlanmas\u0131ndan k\u0131rk yedi y\u0131l sonra bile; akademisyenlere, e\u011fitim bilimcilere, \u00f6\u011frencilere ve toplumsal adaleti e\u011fitim vizyonlar\u0131ndan hareketle kavrayan sosyal aktivistlere ilham kayna\u011f\u0131 olmaya devam etmektedir . \ufffcTan\u0131t\u0131m Metni<\/p>\n","protected":false},"excerpt":{"rendered":"<p>E\u011fitimin, do\u011fas\u0131 gere\u011fi siyasal bir karakter ta\u015f\u0131d\u0131\u011f\u0131na ili\u015fkin ahlaki kan\u0131y\u0131 hareket noktas\u0131 olarak al\u0131rsak bu kitap, Don Lorenzo Milani\u2019nin (1923-1967) e\u011fitsel miras\u0131na ve Toskana\u2019n\u0131n Mugello b\u00f6lgesinde<span class=\"excerpt-hellip\"> [\u2026]<\/span><\/p>\n","protected":false},"featured_media":0,"template":"","meta":{"_monsterinsights_skip_tracking":false,"_monsterinsights_sitenote_active":false,"_monsterinsights_sitenote_note":"","_monsterinsights_sitenote_category":0},"product_brand":[],"product_cat":[16098,12337],"product_tag":[],"class_list":{"0":"post-700575","1":"product","2":"type-product","3":"status-publish","5":"product_cat-politik-akimlar-hareketler","6":"product_cat-politika-siyaset","7":"pa_tur-kitap","8":"pa_yayinevi-kalkedon-yayincilik","9":"pa_yazar-josep-maria-cardona","11":"first","12":"instock","13":"sale","14":"shipping-taxable","15":"purchasable","16":"product-type-simple"},"_links":{"self":[{"href":"https:\/\/roveyayinevi.com.tr\/index.php\/wp-json\/wp\/v2\/product\/700575","targetHints":{"allow":["GET"]}}],"collection":[{"href":"https:\/\/roveyayinevi.com.tr\/index.php\/wp-json\/wp\/v2\/product"}],"about":[{"href":"https:\/\/roveyayinevi.com.tr\/index.php\/wp-json\/wp\/v2\/types\/product"}],"wp:attachment":[{"href":"https:\/\/roveyayinevi.com.tr\/index.php\/wp-json\/wp\/v2\/media?parent=700575"}],"wp:term":[{"taxonomy":"product_brand","embeddable":true,"href":"https:\/\/roveyayinevi.com.tr\/index.php\/wp-json\/wp\/v2\/product_brand?post=700575"},{"taxonomy":"product_cat","embeddable":true,"href":"https:\/\/roveyayinevi.com.tr\/index.php\/wp-json\/wp\/v2\/product_cat?post=700575"},{"taxonomy":"product_tag","embeddable":true,"href":"https:\/\/roveyayinevi.com.tr\/index.php\/wp-json\/wp\/v2\/product_tag?post=700575"}],"curies":[{"name":"wp","href":"https:\/\/api.w.org\/{rel}","templated":true}]}}