{"id":700573,"date":"2025-08-27T15:00:27","date_gmt":"2025-08-27T12:00:27","guid":{"rendered":"https:\/\/roveyayinevi.com.tr\/index.php\/urun\/herzog\/"},"modified":"2026-02-03T02:16:41","modified_gmt":"2026-02-02T23:16:41","slug":"herzog","status":"publish","type":"product","link":"https:\/\/roveyayinevi.com.tr\/index.php\/urun\/herzog\/","title":{"rendered":"Herzog"},"content":{"rendered":"<p>20. y\u00fczy\u0131l\u0131n birey \u00fczerindeki y\u0131k\u0131c\u0131l\u0131\u011f\u0131n\u0131 ele alan Herzog, Nobel Edebiyat \u00d6d\u00fcl\u00fc sahibi Saul Bellow\u2019un ba\u015fyap\u0131t\u0131 olarak kabul ediliyor.Herzog, hayat\u0131 her anlamda alt\u00fcst olmu\u015f, \u201cAkl\u0131m\u0131 ka\u00e7\u0131rd\u0131ysam bana g\u00f6re hava ho\u015f,\u201d diye d\u00fc\u015f\u00fcnecek kadar kendinden vazge\u00e7mi\u015f bir adam\u0131n hik\u00e2yesini anlat\u0131r. Ba\u015far\u0131s\u0131z yazar, ba\u015far\u0131s\u0131z hoca, ba\u015far\u0131s\u0131z baba Moses Herzog, kendisini ki\u015fisel felaketlerinden ve modern zamanlar\u0131n y\u0131k\u0131c\u0131l\u0131\u011f\u0131ndan sa\u011f \u00e7\u0131kabilmi\u015f bir kazazede olarak g\u00f6r\u00fcr. \u0130\u00e7ini d\u00f6kmek ve s\u0131k\u0131\u015fm\u0131\u015fl\u0131\u011f\u0131ndan kurtulmak amac\u0131yla tan\u0131d\u0131\u011f\u0131 tan\u0131mad\u0131\u011f\u0131, hayatta ya da \u00f6l\u00fc, \u00f6nemli ya da \u00f6nemsiz bir s\u00fcr\u00fc insana, hi\u00e7 g\u00f6ndermeyece\u011fi mektuplar yazmaya ba\u015flar. Arkada\u015flar\u0131na, d\u00fc\u015fmanlar\u0131na, meslekta\u015flar\u0131na ve \u00fcnl\u00fclere d\u00fcnya g\u00f6r\u00fc\u015f\u00fcn\u00fc, \u00e7ekti\u011fi ac\u0131lar\u0131, i\u00e7inden \u00e7\u0131kamad\u0131\u011f\u0131 sorunlar\u0131, \u00f6zlem ve h\u0131nc\u0131n\u0131 anlat\u0131r, kalbini a\u00e7ar. Amerikan edebiyat\u0131n\u0131n en \u00f6nemli romanc\u0131lar\u0131ndan olan Saul Bellow, Herzog\u2019da adeta i\u00e7inde ya\u015fad\u0131\u011f\u0131 \u00e7a\u011f\u0131n duygusal, d\u00fc\u015f\u00fcnsel ve ahl\u00e2ki r\u00f6ntgenini \u00e7eker.\u201cMadam Bovary\u2019yi Charles\u2019\u0131n ya da Anna Karenina\u2019y\u0131 Karenin\u2019in bak\u0131\u015f a\u00e7\u0131s\u0131ndan anlatma hevesine kap\u0131lan biri, Herzog\u2019da bunun kusursuz bir \u015fekilde ger\u00e7ekle\u015ftirildi\u011fini g\u00f6recektir.\u201d <\/p>\n","protected":false},"excerpt":{"rendered":"<p>20. y\u00fczy\u0131l\u0131n birey \u00fczerindeki y\u0131k\u0131c\u0131l\u0131\u011f\u0131n\u0131 ele alan Herzog, Nobel Edebiyat \u00d6d\u00fcl\u00fc sahibi Saul Bellow\u2019un ba\u015fyap\u0131t\u0131 olarak kabul ediliyor.Herzog, hayat\u0131 her anlamda alt\u00fcst olmu\u015f, \u201cAkl\u0131m\u0131 ka\u00e7\u0131rd\u0131ysam bana<span class=\"excerpt-hellip\"> [\u2026]<\/span><\/p>\n","protected":false},"featured_media":0,"template":"","meta":{"_monsterinsights_skip_tracking":false,"_monsterinsights_sitenote_active":false,"_monsterinsights_sitenote_note":"","_monsterinsights_sitenote_category":0},"product_brand":[],"product_cat":[12891,12291],"product_tag":[],"class_list":{"0":"post-700573","1":"product","2":"type-product","3":"status-publish","5":"product_cat-amerikan-edebiyati","6":"product_cat-edebiyat","7":"pa_cilt-ciltsiz","8":"pa_tur-kitap","9":"pa_yayinevi-iletisim-yayinlari","10":"pa_yazar-saul-bellow","12":"first","13":"instock","14":"sale","15":"shipping-taxable","16":"purchasable","17":"product-type-simple"},"_links":{"self":[{"href":"https:\/\/roveyayinevi.com.tr\/index.php\/wp-json\/wp\/v2\/product\/700573","targetHints":{"allow":["GET"]}}],"collection":[{"href":"https:\/\/roveyayinevi.com.tr\/index.php\/wp-json\/wp\/v2\/product"}],"about":[{"href":"https:\/\/roveyayinevi.com.tr\/index.php\/wp-json\/wp\/v2\/types\/product"}],"wp:attachment":[{"href":"https:\/\/roveyayinevi.com.tr\/index.php\/wp-json\/wp\/v2\/media?parent=700573"}],"wp:term":[{"taxonomy":"product_brand","embeddable":true,"href":"https:\/\/roveyayinevi.com.tr\/index.php\/wp-json\/wp\/v2\/product_brand?post=700573"},{"taxonomy":"product_cat","embeddable":true,"href":"https:\/\/roveyayinevi.com.tr\/index.php\/wp-json\/wp\/v2\/product_cat?post=700573"},{"taxonomy":"product_tag","embeddable":true,"href":"https:\/\/roveyayinevi.com.tr\/index.php\/wp-json\/wp\/v2\/product_tag?post=700573"}],"curies":[{"name":"wp","href":"https:\/\/api.w.org\/{rel}","templated":true}]}}