{"id":700571,"date":"2025-08-27T15:00:27","date_gmt":"2025-08-27T12:00:27","guid":{"rendered":"https:\/\/roveyayinevi.com.tr\/index.php\/urun\/mis-gibi-yetiskinler\/"},"modified":"2026-04-16T02:09:58","modified_gmt":"2026-04-15T23:09:58","slug":"mis-gibi-yetiskinler","status":"publish","type":"product","link":"https:\/\/roveyayinevi.com.tr\/index.php\/urun\/mis-gibi-yetiskinler\/","title":{"rendered":"M\u0131\u015f Gibi Yeti\u015fkinler"},"content":{"rendered":"<p>Yeti\u015fkin \u00c7ocuklar Aile Ortam\u0131 ve \u00c7ocuk Yeti\u015ftirme \u00dczerine Yakup Bey\u2019le S\u00f6yle\u015filer Do\u011fan C\u00fccelo\u011flu\u2019nun Yeti\u015fkin \u00c7ocuklar adl\u0131 kitab\u0131n\u0131, i\u00e7eri\u011fini daha iyi yans\u0131tt\u0131\u011f\u0131na inand\u0131\u011f\u0131m\u0131z yeni bir kapak ve yeni bir isimle sunuyoruz. \ufffc<\/p>\n","protected":false},"excerpt":{"rendered":"<p>Yeti\u015fkin \u00c7ocuklar Aile Ortam\u0131 ve \u00c7ocuk Yeti\u015ftirme \u00dczerine Yakup Bey\u2019le S\u00f6yle\u015filer Do\u011fan C\u00fccelo\u011flu\u2019nun Yeti\u015fkin \u00c7ocuklar adl\u0131 kitab\u0131n\u0131, i\u00e7eri\u011fini daha iyi yans\u0131tt\u0131\u011f\u0131na inand\u0131\u011f\u0131m\u0131z yeni bir kapak ve<span class=\"excerpt-hellip\"> [\u2026]<\/span><\/p>\n","protected":false},"featured_media":0,"template":"","meta":{"_monsterinsights_skip_tracking":false,"_monsterinsights_sitenote_active":false,"_monsterinsights_sitenote_note":"","_monsterinsights_sitenote_category":0},"product_brand":[],"product_cat":[12679,12357],"product_tag":[],"class_list":{"0":"post-700571","1":"product","2":"type-product","3":"status-publish","5":"product_cat-cocuk-psikolojisi","6":"product_cat-psikoloji","7":"pa_cilt-ciltsiz","8":"pa_tur-kitap","9":"pa_yayinevi-remzi-kitabevi","10":"pa_yazar-dogan-cuceloglu","12":"first","13":"instock","14":"sale","15":"shipping-taxable","16":"purchasable","17":"product-type-simple"},"_links":{"self":[{"href":"https:\/\/roveyayinevi.com.tr\/index.php\/wp-json\/wp\/v2\/product\/700571","targetHints":{"allow":["GET"]}}],"collection":[{"href":"https:\/\/roveyayinevi.com.tr\/index.php\/wp-json\/wp\/v2\/product"}],"about":[{"href":"https:\/\/roveyayinevi.com.tr\/index.php\/wp-json\/wp\/v2\/types\/product"}],"wp:attachment":[{"href":"https:\/\/roveyayinevi.com.tr\/index.php\/wp-json\/wp\/v2\/media?parent=700571"}],"wp:term":[{"taxonomy":"product_brand","embeddable":true,"href":"https:\/\/roveyayinevi.com.tr\/index.php\/wp-json\/wp\/v2\/product_brand?post=700571"},{"taxonomy":"product_cat","embeddable":true,"href":"https:\/\/roveyayinevi.com.tr\/index.php\/wp-json\/wp\/v2\/product_cat?post=700571"},{"taxonomy":"product_tag","embeddable":true,"href":"https:\/\/roveyayinevi.com.tr\/index.php\/wp-json\/wp\/v2\/product_tag?post=700571"}],"curies":[{"name":"wp","href":"https:\/\/api.w.org\/{rel}","templated":true}]}}