{"id":700568,"date":"2025-08-27T15:00:26","date_gmt":"2025-08-27T12:00:26","guid":{"rendered":"https:\/\/roveyayinevi.com.tr\/index.php\/urun\/istanbulun-yasayan-efsanesi\/"},"modified":"2026-04-16T02:09:58","modified_gmt":"2026-04-15T23:09:58","slug":"istanbulun-yasayan-efsanesi","status":"publish","type":"product","link":"https:\/\/roveyayinevi.com.tr\/index.php\/urun\/istanbulun-yasayan-efsanesi\/","title":{"rendered":"\u0130stanbul&#8217;un Ya\u015fayan Efsanesi"},"content":{"rendered":"<p>\u201cDe\u011ferli dostum Semavi Eyice, yurdumuzda Bizans ara\u015ft\u0131rmalar\u0131n\u0131 vukufla tan\u0131tan, bu ara\u015ft\u0131rmalara de\u011ferli katk\u0131lar yapan, \u00f6zellikle \u0130stanbul tarihi ve an\u0131tlar\u0131 \u00fczerinde de\u011ferli incelemeler yay\u0131nlayan, alan\u0131nda memleketimizi hakk\u0131yla temsil eden bir ara\u015ft\u0131r\u0131c\u0131 ve bilim adam\u0131d\u0131r.\u201d <\/p>\n","protected":false},"excerpt":{"rendered":"<p>\u201cDe\u011ferli dostum Semavi Eyice, yurdumuzda Bizans ara\u015ft\u0131rmalar\u0131n\u0131 vukufla tan\u0131tan, bu ara\u015ft\u0131rmalara de\u011ferli katk\u0131lar yapan, \u00f6zellikle \u0130stanbul tarihi ve an\u0131tlar\u0131 \u00fczerinde de\u011ferli incelemeler yay\u0131nlayan, alan\u0131nda memleketimizi hakk\u0131yla<span class=\"excerpt-hellip\"> [\u2026]<\/span><\/p>\n","protected":false},"featured_media":0,"template":"","meta":{"_monsterinsights_skip_tracking":false,"_monsterinsights_sitenote_active":false,"_monsterinsights_sitenote_note":"","_monsterinsights_sitenote_category":0},"product_brand":[],"product_cat":[12337,14543],"product_tag":[],"class_list":{"0":"post-700568","1":"product","2":"type-product","3":"status-publish","5":"product_cat-politika-siyaset","6":"product_cat-turkiye-siyaseti-ve-politikasi","7":"pa_tur-kitap","8":"pa_yayinevi-timas-yayinlari","9":"pa_yazar-semavi-eyice","11":"first","12":"instock","13":"sale","14":"shipping-taxable","15":"purchasable","16":"product-type-simple"},"_links":{"self":[{"href":"https:\/\/roveyayinevi.com.tr\/index.php\/wp-json\/wp\/v2\/product\/700568","targetHints":{"allow":["GET"]}}],"collection":[{"href":"https:\/\/roveyayinevi.com.tr\/index.php\/wp-json\/wp\/v2\/product"}],"about":[{"href":"https:\/\/roveyayinevi.com.tr\/index.php\/wp-json\/wp\/v2\/types\/product"}],"wp:attachment":[{"href":"https:\/\/roveyayinevi.com.tr\/index.php\/wp-json\/wp\/v2\/media?parent=700568"}],"wp:term":[{"taxonomy":"product_brand","embeddable":true,"href":"https:\/\/roveyayinevi.com.tr\/index.php\/wp-json\/wp\/v2\/product_brand?post=700568"},{"taxonomy":"product_cat","embeddable":true,"href":"https:\/\/roveyayinevi.com.tr\/index.php\/wp-json\/wp\/v2\/product_cat?post=700568"},{"taxonomy":"product_tag","embeddable":true,"href":"https:\/\/roveyayinevi.com.tr\/index.php\/wp-json\/wp\/v2\/product_tag?post=700568"}],"curies":[{"name":"wp","href":"https:\/\/api.w.org\/{rel}","templated":true}]}}