{"id":700566,"date":"2025-08-27T15:00:25","date_gmt":"2025-08-27T12:00:25","guid":{"rendered":"https:\/\/roveyayinevi.com.tr\/index.php\/urun\/factotum\/"},"modified":"2026-04-16T02:09:58","modified_gmt":"2026-04-15T23:09:58","slug":"factotum","status":"publish","type":"product","link":"https:\/\/roveyayinevi.com.tr\/index.php\/urun\/factotum\/","title":{"rendered":"Factotum"},"content":{"rendered":"<p>Zengin olmay\u0131 d\u00fc\u015fleyen yoksul ve despot bir baban\u0131n cehenneme \u00e7evirdi\u011fi ergenlik d\u00f6neminden sonra iki y\u0131l Los Angeles \u00dcniversitesi\u2019nde gazetecilik b\u00f6l\u00fcm\u00fcne devam eden Charles Bukowski (Henry Chinaski) karar\u0131n\u0131 verir. Babas\u0131 gibi biri zengin olmay\u0131 isterse o tersini isteyecektir. Aylakl\u0131\u011f\u0131. Ancak erken ya\u015fta saptad\u0131\u011f\u0131 bir hedefi vard\u0131r. Yazar olmak. Mukavva bavulunu al\u0131p yola d\u00fc\u015ft\u00fc\u011f\u00fcnde yirmi iki ya\u015f\u0131ndad\u0131r. Ucuz pansiyon odalar\u0131nda sefaletle bo\u011fu\u015fup yazmaya \u00e7al\u0131\u015f\u0131rken kendine ger\u00e7ek bir dost edinmi\u015ftir. Alkol. Bar Sine\u011fi filminde be\u015f g\u00fcnl\u00fck bir kesitini senaryola\u015ft\u0131rd\u0131\u011f\u0131 bu d\u00f6nem yakla\u015f\u0131k on y\u0131l s\u00fcrer. Eyalet eyalet dola\u015f\u0131p, pansiyon kiras\u0131 ve i\u00e7ki giderlerini kar\u015f\u0131lamak i\u00e7in say\u0131s\u0131z ikinci, hatta \u00fc\u00e7\u00fcnc\u00fc s\u0131n\u0131f i\u015flere girip \u00e7\u0131kar. Bukowski roman, \u00f6yk\u00fc ve \u015fiirlerinde s\u0131k s\u0131k \u00f6zlemle s\u00f6z etti\u011fi bu d\u00f6nemi anlat\u0131rken mizah\u0131n\u0131n ve onu \u00e7a\u011fda\u015f Amerikan edebiyat\u0131n\u0131n \u00f6nde gelen yazarlar\u0131ndan biri yapan e\u015fsiz yal\u0131nl\u0131\u011f\u0131n\u0131n doru\u011fundad\u0131r. \ufffcTan\u0131t\u0131m Metni<\/p>\n","protected":false},"excerpt":{"rendered":"<p>Zengin olmay\u0131 d\u00fc\u015fleyen yoksul ve despot bir baban\u0131n cehenneme \u00e7evirdi\u011fi ergenlik d\u00f6neminden sonra iki y\u0131l Los Angeles \u00dcniversitesi\u2019nde gazetecilik b\u00f6l\u00fcm\u00fcne devam eden Charles Bukowski (Henry Chinaski)<span class=\"excerpt-hellip\"> [\u2026]<\/span><\/p>\n","protected":false},"featured_media":0,"template":"","meta":{"_monsterinsights_skip_tracking":false,"_monsterinsights_sitenote_active":false,"_monsterinsights_sitenote_note":"","_monsterinsights_sitenote_category":0},"product_brand":[],"product_cat":[12891,12291],"product_tag":[],"class_list":{"0":"post-700566","1":"product","2":"type-product","3":"status-publish","5":"product_cat-amerikan-edebiyati","6":"product_cat-edebiyat","7":"pa_cilt-ciltsiz","8":"pa_tur-kitap","9":"pa_yayinevi-metis-yayinlari","10":"pa_yazar-charles-bukowski","12":"first","13":"instock","14":"sale","15":"shipping-taxable","16":"purchasable","17":"product-type-simple"},"_links":{"self":[{"href":"https:\/\/roveyayinevi.com.tr\/index.php\/wp-json\/wp\/v2\/product\/700566","targetHints":{"allow":["GET"]}}],"collection":[{"href":"https:\/\/roveyayinevi.com.tr\/index.php\/wp-json\/wp\/v2\/product"}],"about":[{"href":"https:\/\/roveyayinevi.com.tr\/index.php\/wp-json\/wp\/v2\/types\/product"}],"wp:attachment":[{"href":"https:\/\/roveyayinevi.com.tr\/index.php\/wp-json\/wp\/v2\/media?parent=700566"}],"wp:term":[{"taxonomy":"product_brand","embeddable":true,"href":"https:\/\/roveyayinevi.com.tr\/index.php\/wp-json\/wp\/v2\/product_brand?post=700566"},{"taxonomy":"product_cat","embeddable":true,"href":"https:\/\/roveyayinevi.com.tr\/index.php\/wp-json\/wp\/v2\/product_cat?post=700566"},{"taxonomy":"product_tag","embeddable":true,"href":"https:\/\/roveyayinevi.com.tr\/index.php\/wp-json\/wp\/v2\/product_tag?post=700566"}],"curies":[{"name":"wp","href":"https:\/\/api.w.org\/{rel}","templated":true}]}}