{"id":700565,"date":"2025-08-27T15:00:25","date_gmt":"2025-08-27T12:00:25","guid":{"rendered":"https:\/\/roveyayinevi.com.tr\/index.php\/urun\/hasat\/"},"modified":"2026-04-16T02:09:58","modified_gmt":"2026-04-15T23:09:58","slug":"hasat","status":"publish","type":"product","link":"https:\/\/roveyayinevi.com.tr\/index.php\/urun\/hasat\/","title":{"rendered":"Hasat"},"content":{"rendered":"<p>Dizlerini karnina \u00e7ekip, kollarini kendine dolayarak oturdu. Tuhaf bir titreme sarmisti v\u00fccudunu, ugrassa da engel olamiyordu. Soguktan degil, ruhunun ta derinliklerinden gelen sarsilmalarla disleri takirdiyordu. G\u00f6zlerini kapattiginda o gece g\u00f6rd\u00fckleri canlandi zihninde. Nadiya bir isik bulutunun \u00fcst\u00fcnde adeta y\u00fczerek g\u00fcverteyi ge\u00e7ti. Helikopter, kapisi a\u00e7ik onu bekledi. Nadiya egildi, uzanarak pilota bir sey verdi.Bir kutu.Yakov iyice b\u00fcz\u00fcst\u00fc ama titremeleri durmadi. Inleyerek basparmagini agzina g\u00f6t\u00fcrd\u00fc ve emmeye basladi.Abby DiMatteo gelecegi parlak, basarili bir hekimdir. Boston Bayside Hastanesi\u2019nin organ nakli ekibine kabul edilince d\u00fcnyalar onun olur. \u00dclkenin en se\u00e7kin cerrahlariyla birlikte \u00e7alisacaktir artik. Ancak bu mutlulugu, kalp nakli bekleyen on yedi yasindaki hastasi i\u00e7in uygun bir kalp bulundugu halde, organin baska bir hastaya, hem de nakil listesinde adi daha alt siralarda olan varlikli bir kadina tahsis edilmesiyle bozulur. Ortada ciddi bir adaletsizlik vardir ve Abby bu adaletsizligin \u00fczerine gitmeye kararlidir. Ancak sahit oldugu bu olay, buzdaginin sadece g\u00f6r\u00fcnen kismidir. Gen\u00e7 kadin daha da derinlere daldik\u00e7a akil almaz ger\u00e7eklerle karsilasacak, en yakinindaki insanlar bile onun i\u00e7in b\u00fcy\u00fck bir tehlike kaynagi haline gelecektir.Hasat solugunuzu kesecek.USA TodayGerilimin ve korkunun en u\u00e7 noktalarinda dolasacaksiniz.Chicago Tribune- Metni<\/p>\n","protected":false},"excerpt":{"rendered":"<p>Dizlerini karnina \u00e7ekip, kollarini kendine dolayarak oturdu. Tuhaf bir titreme sarmisti v\u00fccudunu, ugrassa da engel olamiyordu. Soguktan degil, ruhunun ta derinliklerinden gelen sarsilmalarla disleri takirdiyordu. G\u00f6zlerini<span class=\"excerpt-hellip\"> [\u2026]<\/span><\/p>\n","protected":false},"featured_media":0,"template":"","meta":{"_monsterinsights_skip_tracking":false,"_monsterinsights_sitenote_active":false,"_monsterinsights_sitenote_note":"","_monsterinsights_sitenote_category":0},"product_brand":[],"product_cat":[12291,12711],"product_tag":[],"class_list":{"0":"post-700565","1":"product","2":"type-product","3":"status-publish","5":"product_cat-edebiyat","6":"product_cat-roman-oyku","7":"pa_cilt-ciltsiz","8":"pa_tur-kitap","9":"pa_yayinevi-dogan-kitap","10":"pa_yazar-tess-gerritsen","12":"first","13":"instock","14":"sale","15":"shipping-taxable","16":"purchasable","17":"product-type-simple"},"_links":{"self":[{"href":"https:\/\/roveyayinevi.com.tr\/index.php\/wp-json\/wp\/v2\/product\/700565","targetHints":{"allow":["GET"]}}],"collection":[{"href":"https:\/\/roveyayinevi.com.tr\/index.php\/wp-json\/wp\/v2\/product"}],"about":[{"href":"https:\/\/roveyayinevi.com.tr\/index.php\/wp-json\/wp\/v2\/types\/product"}],"wp:attachment":[{"href":"https:\/\/roveyayinevi.com.tr\/index.php\/wp-json\/wp\/v2\/media?parent=700565"}],"wp:term":[{"taxonomy":"product_brand","embeddable":true,"href":"https:\/\/roveyayinevi.com.tr\/index.php\/wp-json\/wp\/v2\/product_brand?post=700565"},{"taxonomy":"product_cat","embeddable":true,"href":"https:\/\/roveyayinevi.com.tr\/index.php\/wp-json\/wp\/v2\/product_cat?post=700565"},{"taxonomy":"product_tag","embeddable":true,"href":"https:\/\/roveyayinevi.com.tr\/index.php\/wp-json\/wp\/v2\/product_tag?post=700565"}],"curies":[{"name":"wp","href":"https:\/\/api.w.org\/{rel}","templated":true}]}}