{"id":700563,"date":"2025-08-27T15:00:24","date_gmt":"2025-08-27T12:00:24","guid":{"rendered":"https:\/\/roveyayinevi.com.tr\/index.php\/urun\/turk-imgesi\/"},"modified":"2026-04-16T02:09:57","modified_gmt":"2026-04-15T23:09:57","slug":"turk-imgesi","status":"publish","type":"product","link":"https:\/\/roveyayinevi.com.tr\/index.php\/urun\/turk-imgesi\/","title":{"rendered":"T\u00fcrk \u0130mgesi"},"content":{"rendered":"<p>Fuat bozkurt, kitab\u0131nda biz t\u00fcrkleri anlat\u0131yor.Aynay\u0131 y\u00fcz\u00fcm\u00fcze tutuyor.Orta asya steplerinde ortaya \u00e7\u0131k\u0131\u015f\u0131m\u0131zdan g\u00fcn\u00fcm\u00fcze kadar ge\u00e7en zaman diliminde T\u00fcrklerin zamana kar\u015f\u0131 direnen \u00f6zelliklerini anlat\u0131yor.Duygusal \u00f6zelliklerimiz, k\u00fclt\u00fcr\u00fcm\u00fcz, toplumsal ya\u015fam\u0131m\u0131z, olumlu-olumsuz y\u00f6nleriyle, bilimsel bir anlay\u0131\u015fla irdeleniyor bu kitapta.T\u00fcrklerin, \u00f6zele\u015ftiri eksikli\u011fi, hay\u0131r diyememeleri, g\u00f6steri\u015f tutkular\u0131, doktor korkular\u0131, bo\u015f inan\u00e7lara olan tutkunluklar\u0131 gibi olumsuz \u00f6zellikleriyle dayan\u0131\u015fmac\u0131 ya\u015famlar\u0131, devlet kurma gelenekleri, misafirperverlikleri, arkada\u015fl\u0131k sevgisi gibi \u00f6zellikleri bir arada nesnel bir yakla\u015f\u0131mla inceleniyor.Yazar kitab\u0131nda bu \u00f6zellikleri birtak\u0131m kuramsal savlardan yola \u00e7\u0131karak de\u011fil do\u011frudan do\u011fruya toplumsal hayatta kar\u015f\u0131la\u015f\u0131lan olaylardan yola \u00e7\u0131karak inceliyor ve bunlardan sonu\u00e7lara var\u0131yor.\u00c7al\u0131\u015fman\u0131n as\u0131l kayna\u011f\u0131, t\u00fcrklerin yabanc\u0131larda g\u00f6rd\u00fckleri ve yabanc\u0131lar\u0131n T\u00fcrklerde g\u00f6rd\u00fckleri davran\u0131\u015flar\u0131 sergileyen an\u0131lar ve g\u00f6zlemlerdir.Dr. Do\u011fu Perin\u00e7ek\u2019 in \u00f6ns\u00f6z\u00fcyle <\/p>\n","protected":false},"excerpt":{"rendered":"<p>Fuat bozkurt, kitab\u0131nda biz t\u00fcrkleri anlat\u0131yor.Aynay\u0131 y\u00fcz\u00fcm\u00fcze tutuyor.Orta asya steplerinde ortaya \u00e7\u0131k\u0131\u015f\u0131m\u0131zdan g\u00fcn\u00fcm\u00fcze kadar ge\u00e7en zaman diliminde T\u00fcrklerin zamana kar\u015f\u0131 direnen \u00f6zelliklerini anlat\u0131yor.Duygusal \u00f6zelliklerimiz, k\u00fclt\u00fcr\u00fcm\u00fcz, toplumsal<span class=\"excerpt-hellip\"> [\u2026]<\/span><\/p>\n","protected":false},"featured_media":0,"template":"","meta":{"_monsterinsights_skip_tracking":false,"_monsterinsights_sitenote_active":false,"_monsterinsights_sitenote_note":"","_monsterinsights_sitenote_category":0},"product_brand":[],"product_cat":[12835,12324],"product_tag":[],"class_list":{"0":"post-700563","1":"product","2":"type-product","3":"status-publish","5":"product_cat-genel-sosyoloji","6":"product_cat-sosyoloji","7":"pa_tur-kitap","8":"pa_yayinevi-kaynak-yayinlari","9":"pa_yazar-fuat-bozkurt","11":"first","12":"instock","13":"sale","14":"shipping-taxable","15":"purchasable","16":"product-type-simple"},"_links":{"self":[{"href":"https:\/\/roveyayinevi.com.tr\/index.php\/wp-json\/wp\/v2\/product\/700563","targetHints":{"allow":["GET"]}}],"collection":[{"href":"https:\/\/roveyayinevi.com.tr\/index.php\/wp-json\/wp\/v2\/product"}],"about":[{"href":"https:\/\/roveyayinevi.com.tr\/index.php\/wp-json\/wp\/v2\/types\/product"}],"wp:attachment":[{"href":"https:\/\/roveyayinevi.com.tr\/index.php\/wp-json\/wp\/v2\/media?parent=700563"}],"wp:term":[{"taxonomy":"product_brand","embeddable":true,"href":"https:\/\/roveyayinevi.com.tr\/index.php\/wp-json\/wp\/v2\/product_brand?post=700563"},{"taxonomy":"product_cat","embeddable":true,"href":"https:\/\/roveyayinevi.com.tr\/index.php\/wp-json\/wp\/v2\/product_cat?post=700563"},{"taxonomy":"product_tag","embeddable":true,"href":"https:\/\/roveyayinevi.com.tr\/index.php\/wp-json\/wp\/v2\/product_tag?post=700563"}],"curies":[{"name":"wp","href":"https:\/\/api.w.org\/{rel}","templated":true}]}}