{"id":700561,"date":"2025-08-27T15:00:24","date_gmt":"2025-08-27T12:00:24","guid":{"rendered":"https:\/\/roveyayinevi.com.tr\/index.php\/urun\/kayip-uygarliklar-muammasi\/"},"modified":"2026-04-16T02:09:57","modified_gmt":"2026-04-15T23:09:57","slug":"kayip-uygarliklar-muammasi","status":"publish","type":"product","link":"https:\/\/roveyayinevi.com.tr\/index.php\/urun\/kayip-uygarliklar-muammasi\/","title":{"rendered":"Kay\u0131p Uygarl\u0131klar Muammas\u0131"},"content":{"rendered":"<p>Tarih kitaplar\u0131 uygarl\u0131\u011f\u0131n ba\u015flang\u0131c\u0131 ve geli\u015fimi hakk\u0131nda bize t\u00fcm ger\u00e7ekleri anlat\u0131yor mu? Yoksa tarih bize \u00f6\u011fretilenden \u00e7ok daha eski ve \u00e7ok daha karma\u015f\u0131k m\u0131? Okuldaki ders kitaplar\u0131m\u0131z 6000 y\u0131l \u00f6nce yerle\u015fik hayata ge\u00e7en S\u00fcmer uygarl\u0131\u011f\u0131ndan \u00e7ok az bahseder, ama Eriha ve T\u00fcrkiye\u2019deki G\u00f6bekli Tepe alanlar\u0131ndaki en son arkeolojik buluntular, uygarl\u0131\u011f\u0131n M\u00d6 10.000\u2019e dayand\u0131\u011f\u0131n\u0131 g\u00f6steriyor. Kay\u0131p Uygarl\u0131klar Muammas\u0131 \u015fu ger\u00e7ekleri ortaya seriyor: * Bosna piramitleri ve \u201cEski Avrupa\u201d uygarl\u0131\u011f\u0131 gibi bilinen k\u00fclt\u00fcrlerin kay\u0131p y\u00f6nlerini. * Uygarl\u0131k tarihinin yeniden yaz\u0131lmas\u0131na yol a\u00e7an G\u00f6bekli Tepe\u2019nin gizemini. * Yava\u015f yava\u015f yeniden ke\u015ffedilen Amazon ve G\u00fcney Amerika\u2019n\u0131n \u201calt\u0131n\u201d \u015fehirlerini. * Antikythera cihaz\u0131 gibi kay\u0131p teknolojilerin b\u00fcy\u00fcleyici \u00f6rneklerini. * Atlantis\u2019in varl\u0131\u011f\u0131 ve nerede bulundu\u011fu hakk\u0131ndaki g\u00fcncel ara\u015ft\u0131rmalar\u0131.  D\u00fcnyada sat\u0131\u015f rekorlar\u0131 k\u0131ran yazar Philip Coppens, tarihi ve arkeolojik kay\u0131tlar\u0131 inceleyerek uygarl\u0131\u011f\u0131n \u015fu anda kabul edilenden \u00e7ok daha eski, \u00e7ok daha ileri ve \u00e7ok daha karma\u015f\u0131k oldu\u011funu ve bunlar\u0131 destekleyen sa\u011flam kan\u0131tlar\u0131n bulundu\u011funu g\u00f6steriyor. Tarih kitaplar\u0131n\u0131n ba\u015ftan yaz\u0131lmas\u0131n\u0131n zaman\u0131 geldi! <\/p>\n","protected":false},"excerpt":{"rendered":"<p>Tarih kitaplar\u0131 uygarl\u0131\u011f\u0131n ba\u015flang\u0131c\u0131 ve geli\u015fimi hakk\u0131nda bize t\u00fcm ger\u00e7ekleri anlat\u0131yor mu? Yoksa tarih bize \u00f6\u011fretilenden \u00e7ok daha eski ve \u00e7ok daha karma\u015f\u0131k m\u0131? Okuldaki ders<span class=\"excerpt-hellip\"> [\u2026]<\/span><\/p>\n","protected":false},"featured_media":0,"template":"","meta":{"_monsterinsights_skip_tracking":false,"_monsterinsights_sitenote_active":false,"_monsterinsights_sitenote_note":"","_monsterinsights_sitenote_category":0},"product_brand":[],"product_cat":[13005,13006],"product_tag":[],"class_list":{"0":"post-700561","1":"product","2":"type-product","3":"status-publish","5":"product_cat-bilim-muhendislik","6":"product_cat-populer-bilim","7":"pa_cilt-ciltsiz","8":"pa_tur-kitap","9":"pa_yayinevi-omega","10":"pa_yazar-philip-coppens","12":"first","13":"instock","14":"sale","15":"shipping-taxable","16":"purchasable","17":"product-type-simple"},"_links":{"self":[{"href":"https:\/\/roveyayinevi.com.tr\/index.php\/wp-json\/wp\/v2\/product\/700561","targetHints":{"allow":["GET"]}}],"collection":[{"href":"https:\/\/roveyayinevi.com.tr\/index.php\/wp-json\/wp\/v2\/product"}],"about":[{"href":"https:\/\/roveyayinevi.com.tr\/index.php\/wp-json\/wp\/v2\/types\/product"}],"wp:attachment":[{"href":"https:\/\/roveyayinevi.com.tr\/index.php\/wp-json\/wp\/v2\/media?parent=700561"}],"wp:term":[{"taxonomy":"product_brand","embeddable":true,"href":"https:\/\/roveyayinevi.com.tr\/index.php\/wp-json\/wp\/v2\/product_brand?post=700561"},{"taxonomy":"product_cat","embeddable":true,"href":"https:\/\/roveyayinevi.com.tr\/index.php\/wp-json\/wp\/v2\/product_cat?post=700561"},{"taxonomy":"product_tag","embeddable":true,"href":"https:\/\/roveyayinevi.com.tr\/index.php\/wp-json\/wp\/v2\/product_tag?post=700561"}],"curies":[{"name":"wp","href":"https:\/\/api.w.org\/{rel}","templated":true}]}}