{"id":700560,"date":"2025-08-27T15:00:23","date_gmt":"2025-08-27T12:00:23","guid":{"rendered":"https:\/\/roveyayinevi.com.tr\/index.php\/urun\/ugur-olsun\/"},"modified":"2026-04-16T02:09:57","modified_gmt":"2026-04-15T23:09:57","slug":"ugur-olsun","status":"publish","type":"product","link":"https:\/\/roveyayinevi.com.tr\/index.php\/urun\/ugur-olsun\/","title":{"rendered":"U\u011fur Olsun!"},"content":{"rendered":"<p>Bir Devrimcinin \u00d6yk\u00fcs\u00fc U\u011fur Mumcu, gencecik bir gazeteciyken laik cumhuriyetimizin kurucusu Mustafa Kemal Atat\u00fcrk\u2019le ve T\u00fcrk Devrimiyle hesapla\u015fma g\u00fcnlerinin yakla\u015ft\u0131\u011f\u0131n\u0131 g\u00f6rm\u00fc\u015ft\u00fc. Hak ve \u00f6zg\u00fcrl\u00fckleri budayan hukuksuzluklar\u0131, yolsuzluklar\u0131 belgeliyordu. Bask\u0131ya, yasaklara, \u00fclkenin sol damar\u0131n\u0131 kurutacak, yurtta\u015flar\u0131n dinsel ve \u0131rksal farkl\u0131l\u0131klar\u0131n\u0131 ka\u015f\u0131yacak hukuk d\u0131\u015f\u0131 uygulamalara y\u00fcksek sesle tepki veriyordu. Tutuklanm\u0131\u015f, ya\u015fam\u0131n\u0131 tehlikeye atarak ter\u00f6rs\u00fcz \u00f6zg\u00fcrl\u00fck i\u00e7in sava\u015f\u0131m vermi\u015fti. Pek \u00e7o\u011fumuz d\u00fcn ya\u015fananlar\u0131 belle\u011fimize g\u00f6md\u00fck. Atat\u00fcrk\u2019le ve T\u00fcrk Devrimiyle nas\u0131l bilgisizce ve ahlaks\u0131zca hesapla\u015f\u0131ld\u0131\u011f\u0131n\u0131 belgeleriyle halka anlatan U\u011fur Mumcu\u2019yu unutmad\u0131k. Bu yap\u0131t yaln\u0131z U\u011fur Mumcu\u2019nun de\u011fil, onun do\u011fdu\u011fu 1940\u2019l\u0131 y\u0131llardan ac\u0131mas\u0131zca \u00f6ld\u00fcr\u00fcld\u00fc\u011f\u00fc 1993\u2019e dek T\u00fcrkiye\u2019nin de ya\u015fam\u00f6yk\u00fcs\u00fc say\u0131labilir. Toplumsal belle\u011fin iktidar bask\u0131lar\u0131yla zay\u0131flat\u0131ld\u0131\u011f\u0131 bir \u00fclkede, \u00f6zellikle gen\u00e7lere olan borcumuzun binde birini bile \u00f6dememi\u015f say\u0131l\u0131r\u0131z; onlar\u0131n a\u011f\u0131r yara alm\u0131\u015f bir \u00fclkeye do\u011fmas\u0131nda pay\u0131m\u0131z var. \u00d6rg\u00fctlenmeyi kar\u015f\u0131devrimcilere \u00f6\u011frettik, geri \u00e7ekildik; cumhuriyetin de\u011ferlerine kimsenin dokunamayaca\u011f\u0131na inand\u0131k; usla, bilimle \u00e7eli\u015fen uygulamalara salt \u00f6zg\u00fcrl\u00fck penceresinden bakt\u0131k; yan\u0131ld\u0131k. Perde a\u00e7\u0131ld\u0131; dincisi, \u0131rk\u00e7\u0131s\u0131yla kar\u015f\u0131devrim oyuncular\u0131 sahnede\u2026 Karanl\u0131k bir s\u00fcrece sapland\u0131\u011f\u0131m\u0131z g\u00fcnlerde U\u011fur Mumcular\u0131 \u00e7ok ar\u0131yoruz; ama umut t\u00fckenmez. Umut hep var; 2013 yaz\u0131nda Gezi Direni\u015fiyle ayaklanan gen\u00e7ler, belleklere \u00e7\u00f6reklenen tozu silip umudu ayakland\u0131rd\u0131. \u201cKorkmadan \u00f6ld\u00fck ey halk\u0131m, unutma bizi\u201d diyen ve bombayla \u00f6ld\u00fcr\u00fclen U\u011fur Mumcu\u2019nun, adalet ve demokrasi i\u00e7in can\u0131n\u0131 veren b\u00fct\u00fcn gen\u00e7lerin, b\u00fct\u00fcn ayd\u0131nlar\u0131n \u201cmezarlar\u0131nda bir g\u00fcn g\u00fcller\u201d a\u00e7acak! Umut hep var! <\/p>\n","protected":false},"excerpt":{"rendered":"<p>Bir Devrimcinin \u00d6yk\u00fcs\u00fc U\u011fur Mumcu, gencecik bir gazeteciyken laik cumhuriyetimizin kurucusu Mustafa Kemal Atat\u00fcrk\u2019le ve T\u00fcrk Devrimiyle hesapla\u015fma g\u00fcnlerinin yakla\u015ft\u0131\u011f\u0131n\u0131 g\u00f6rm\u00fc\u015ft\u00fc. Hak ve \u00f6zg\u00fcrl\u00fckleri budayan hukuksuzluklar\u0131,<span class=\"excerpt-hellip\"> [\u2026]<\/span><\/p>\n","protected":false},"featured_media":0,"template":"","meta":{"_monsterinsights_skip_tracking":false,"_monsterinsights_sitenote_active":false,"_monsterinsights_sitenote_note":"","_monsterinsights_sitenote_category":0},"product_brand":[],"product_cat":[14009,12291],"product_tag":[],"class_list":{"0":"post-700560","1":"product","2":"type-product","3":"status-publish","5":"product_cat-biyografi-otobiyografi-edebiyat","6":"product_cat-edebiyat","7":"pa_cilt-ciltsiz","8":"pa_tur-kitap","9":"pa_yayinevi-kirmizi-kedi-yayinevi","10":"pa_yazar-sevgi-ozel","12":"first","13":"instock","14":"sale","15":"shipping-taxable","16":"purchasable","17":"product-type-simple"},"_links":{"self":[{"href":"https:\/\/roveyayinevi.com.tr\/index.php\/wp-json\/wp\/v2\/product\/700560","targetHints":{"allow":["GET"]}}],"collection":[{"href":"https:\/\/roveyayinevi.com.tr\/index.php\/wp-json\/wp\/v2\/product"}],"about":[{"href":"https:\/\/roveyayinevi.com.tr\/index.php\/wp-json\/wp\/v2\/types\/product"}],"wp:attachment":[{"href":"https:\/\/roveyayinevi.com.tr\/index.php\/wp-json\/wp\/v2\/media?parent=700560"}],"wp:term":[{"taxonomy":"product_brand","embeddable":true,"href":"https:\/\/roveyayinevi.com.tr\/index.php\/wp-json\/wp\/v2\/product_brand?post=700560"},{"taxonomy":"product_cat","embeddable":true,"href":"https:\/\/roveyayinevi.com.tr\/index.php\/wp-json\/wp\/v2\/product_cat?post=700560"},{"taxonomy":"product_tag","embeddable":true,"href":"https:\/\/roveyayinevi.com.tr\/index.php\/wp-json\/wp\/v2\/product_tag?post=700560"}],"curies":[{"name":"wp","href":"https:\/\/api.w.org\/{rel}","templated":true}]}}