{"id":700557,"date":"2025-08-27T15:00:22","date_gmt":"2025-08-27T12:00:22","guid":{"rendered":"https:\/\/roveyayinevi.com.tr\/index.php\/urun\/insani-tanima-sanati\/"},"modified":"2026-04-16T02:09:57","modified_gmt":"2026-04-15T23:09:57","slug":"insani-tanima-sanati","status":"publish","type":"product","link":"https:\/\/roveyayinevi.com.tr\/index.php\/urun\/insani-tanima-sanati\/","title":{"rendered":"\u0130nsan\u0131 Tan\u0131ma Sanat\u0131"},"content":{"rendered":"<p>\u00c7a\u011fda\u015f psikolojinin \u00fc\u00e7 b\u00fcy\u00fck devinden biri ve bireysel psikoloji ekol\u00fcn\u00fcn kurucusu, Avusturyal\u0131 psikiyatr Alfred Adler, \u0130nsan\u0131 Tan\u0131ma Sanat\u0131\u2019yla geni\u015f bir okur kitlesine y\u00f6neliyor. Adler\u2019in, bu y\u00fczy\u0131l\u0131n ba\u015f\u0131nda, insan\u0131n ruhsal-fiziksel varl\u0131\u011f\u0131na ve ya\u015famdaki sorunlar\u0131na ili\u015fkin yapt\u0131\u011f\u0131 saptamalar, aradan ge\u00e7en bunca y\u0131la kar\u015f\u0131n de\u011ferinden hi\u00e7bir \u015fey yitirmeden anlaml\u0131l\u0131\u011f\u0131n\u0131 ve yol g\u00f6stericilik i\u015flevini koruyor. Adler\u2019in bir dizi konferans\u0131ndan do\u011fan bu yap\u0131t\u0131n ba\u015fl\u0131ca amac\u0131, toplum i\u00e7indeki etkinli\u011fimizin i\u00e7erdi\u011fi kusurlar\u0131 bireylerin hatal\u0131 davran\u0131\u015flar\u0131ndan yola \u00e7\u0131karak anlamak, s\u00f6z konusu hatalar\u0131 g\u00f6z \u00f6n\u00fcne sermek ve bireylerin toplum ya\u015fam\u0131na daha iyi uymalar\u0131n\u0131 sa\u011flamaya \u00e7al\u0131\u015fmak. Yap\u0131t \u00f6te yandan, bireysel psikolojinin en temel ilkelerini ve bunlar\u0131n insan\u0131 tan\u0131mada ta\u015f\u0131d\u0131\u011f\u0131 de\u011feri, ortak ya\u015famdaki ve ki\u015finin kendi ya\u015fam\u0131n\u0131 kurmadaki \u00f6nemini a\u00e7\u0131klama amac\u0131 ta\u015f\u0131yor. Adler, ya\u015fam\u0131n \u00e7a\u011f\u0131m\u0131zda pek de g\u00f6remedi\u011fimiz anlam\u0131n\u0131, ger\u00e7ekten de bir sanat\u00e7\u0131 gibi ince ince  i\u015fleyerek ortaya koyuyor. <\/p>\n","protected":false},"excerpt":{"rendered":"<p>\u00c7a\u011fda\u015f psikolojinin \u00fc\u00e7 b\u00fcy\u00fck devinden biri ve bireysel psikoloji ekol\u00fcn\u00fcn kurucusu, Avusturyal\u0131 psikiyatr Alfred Adler, \u0130nsan\u0131 Tan\u0131ma Sanat\u0131\u2019yla geni\u015f bir okur kitlesine y\u00f6neliyor. Adler\u2019in, bu y\u00fczy\u0131l\u0131n<span class=\"excerpt-hellip\"> [\u2026]<\/span><\/p>\n","protected":false},"featured_media":0,"template":"","meta":{"_monsterinsights_skip_tracking":false,"_monsterinsights_sitenote_active":false,"_monsterinsights_sitenote_note":"","_monsterinsights_sitenote_category":0},"product_brand":[],"product_cat":[12358,12357],"product_tag":[],"class_list":{"0":"post-700557","1":"product","2":"type-product","3":"status-publish","5":"product_cat-genel-psikoloji","6":"product_cat-psikoloji","7":"pa_cilt-ciltsiz","8":"pa_tur-kitap","9":"pa_yayinevi-say-yayinlari","10":"pa_yazar-alfred-adler","12":"first","13":"instock","14":"sale","15":"shipping-taxable","16":"purchasable","17":"product-type-simple"},"_links":{"self":[{"href":"https:\/\/roveyayinevi.com.tr\/index.php\/wp-json\/wp\/v2\/product\/700557","targetHints":{"allow":["GET"]}}],"collection":[{"href":"https:\/\/roveyayinevi.com.tr\/index.php\/wp-json\/wp\/v2\/product"}],"about":[{"href":"https:\/\/roveyayinevi.com.tr\/index.php\/wp-json\/wp\/v2\/types\/product"}],"wp:attachment":[{"href":"https:\/\/roveyayinevi.com.tr\/index.php\/wp-json\/wp\/v2\/media?parent=700557"}],"wp:term":[{"taxonomy":"product_brand","embeddable":true,"href":"https:\/\/roveyayinevi.com.tr\/index.php\/wp-json\/wp\/v2\/product_brand?post=700557"},{"taxonomy":"product_cat","embeddable":true,"href":"https:\/\/roveyayinevi.com.tr\/index.php\/wp-json\/wp\/v2\/product_cat?post=700557"},{"taxonomy":"product_tag","embeddable":true,"href":"https:\/\/roveyayinevi.com.tr\/index.php\/wp-json\/wp\/v2\/product_tag?post=700557"}],"curies":[{"name":"wp","href":"https:\/\/api.w.org\/{rel}","templated":true}]}}