{"id":700555,"date":"2025-08-27T15:00:22","date_gmt":"2025-08-27T12:00:22","guid":{"rendered":"https:\/\/roveyayinevi.com.tr\/index.php\/urun\/kaptan-dusukdon-7-kitap\/"},"modified":"2026-04-16T02:09:57","modified_gmt":"2026-04-15T23:09:57","slug":"kaptan-dusukdon-7-kitap","status":"publish","type":"product","link":"https:\/\/roveyayinevi.com.tr\/index.php\/urun\/kaptan-dusukdon-7-kitap\/","title":{"rendered":"Kaptan D\u00fc\u015f\u00fckdon 7. Kitap"},"content":{"rendered":"<p>Tam kurtulduklar\u0131n\u0131 d\u00fc\u015f\u00fcn\u00fcrken, kendilerini tekrar olaylar\u0131n i\u00e7inde buldular. Kahramanlar\u0131m\u0131z S\u00fcm\u00fckl\u00fc Biyonik \u00c7ocu\u011fu bozguna u\u011fratm\u0131\u015flard\u0131, ama kurnaz Tuhaf Robot S\u00fcm\u00fckler\u2019i unutmu\u015flard\u0131. Haydi! George, Harold, Bay Krupp, Melvin Sneedly ve Biyonik Hamster Sulu ile birlikte uzay\u0131n derinliklerine gidelim. Sonra zaman\u0131m\u0131z\u0131n hen\u00fcz ke\u015ffedilmemi\u015f esrarengiz d\u00fcnyas\u0131nda, d\u00fcnden bir g\u00fcn \u00f6nceki maceralara d\u00f6nelim! Canavarezen, robot d\u00f6v\u00fc\u015ft\u00fcren, kafa u\u00e7uran, burun kar\u0131\u015ft\u0131ran bu zaman yolculu\u011funda ne\u015feli dakikalar!<\/p>\n","protected":false},"excerpt":{"rendered":"<p>Tam kurtulduklar\u0131n\u0131 d\u00fc\u015f\u00fcn\u00fcrken, kendilerini tekrar olaylar\u0131n i\u00e7inde buldular. Kahramanlar\u0131m\u0131z S\u00fcm\u00fckl\u00fc Biyonik \u00c7ocu\u011fu bozguna u\u011fratm\u0131\u015flard\u0131, ama kurnaz Tuhaf Robot S\u00fcm\u00fckler\u2019i unutmu\u015flard\u0131. Haydi! George, Harold, Bay Krupp, Melvin<span class=\"excerpt-hellip\"> [\u2026]<\/span><\/p>\n","protected":false},"featured_media":0,"template":"","meta":{"_monsterinsights_skip_tracking":false,"_monsterinsights_sitenote_active":false,"_monsterinsights_sitenote_note":"","_monsterinsights_sitenote_category":0},"product_brand":[],"product_cat":[12275,12274],"product_tag":[],"class_list":{"0":"post-700555","1":"product","2":"type-product","3":"status-publish","5":"product_cat-6-12-yas-kitaplari","6":"product_cat-cocuk-ve-genclik-kitaplari","7":"pa_cilt-ciltsiz","8":"pa_tur-kitap","9":"pa_yayinevi-altin-kitaplar-cocuk-kitaplari","10":"pa_yazar-dav-pilkey","12":"first","13":"instock","14":"sale","15":"shipping-taxable","16":"purchasable","17":"product-type-simple"},"_links":{"self":[{"href":"https:\/\/roveyayinevi.com.tr\/index.php\/wp-json\/wp\/v2\/product\/700555","targetHints":{"allow":["GET"]}}],"collection":[{"href":"https:\/\/roveyayinevi.com.tr\/index.php\/wp-json\/wp\/v2\/product"}],"about":[{"href":"https:\/\/roveyayinevi.com.tr\/index.php\/wp-json\/wp\/v2\/types\/product"}],"wp:attachment":[{"href":"https:\/\/roveyayinevi.com.tr\/index.php\/wp-json\/wp\/v2\/media?parent=700555"}],"wp:term":[{"taxonomy":"product_brand","embeddable":true,"href":"https:\/\/roveyayinevi.com.tr\/index.php\/wp-json\/wp\/v2\/product_brand?post=700555"},{"taxonomy":"product_cat","embeddable":true,"href":"https:\/\/roveyayinevi.com.tr\/index.php\/wp-json\/wp\/v2\/product_cat?post=700555"},{"taxonomy":"product_tag","embeddable":true,"href":"https:\/\/roveyayinevi.com.tr\/index.php\/wp-json\/wp\/v2\/product_tag?post=700555"}],"curies":[{"name":"wp","href":"https:\/\/api.w.org\/{rel}","templated":true}]}}