{"id":700554,"date":"2025-08-27T15:00:21","date_gmt":"2025-08-27T12:00:21","guid":{"rendered":"https:\/\/roveyayinevi.com.tr\/index.php\/urun\/uc-novella-ev-sahibesi-amcanin-ruyasi-ebedi-koca\/"},"modified":"2026-04-16T02:09:57","modified_gmt":"2026-04-15T23:09:57","slug":"uc-novella-ev-sahibesi-amcanin-ruyasi-ebedi-koca","status":"publish","type":"product","link":"https:\/\/roveyayinevi.com.tr\/index.php\/urun\/uc-novella-ev-sahibesi-amcanin-ruyasi-ebedi-koca\/","title":{"rendered":"\u00dc\u00e7 Novella: Ev Sahibesi, Amcan\u0131n R\u00fcyas\u0131, Ebedi Koca"},"content":{"rendered":"<p>K\u0131z\u0131n\u0131 zengin ve ya\u015fl\u0131 bir prensle evlendirmeye \u00e7al\u0131\u015fan hesap\u00e7\u0131 bir annenin oynad\u0131\u011f\u0131 oyunlar\u0131 konu alan Amcan\u0131n R\u00fcyas\u0131\u2019nda Dostoyevski\u2019nin g\u00fc\u00e7l\u00fc mizah anlay\u0131\u015f\u0131na; yaln\u0131z bir adam\u0131n kilisede g\u00f6rd\u00fc\u011f\u00fc gen\u00e7 kad\u0131na duydu\u011fu tak\u0131nt\u0131l\u0131 a\u015fk\u0131n anlat\u0131ld\u0131\u011f\u0131 Ev Sahibesi\u2019nde, gen\u00e7 bir kad\u0131nla yan\u0131ndaki ihtiyar\u0131n anla\u015f\u0131lmaz ili\u015fkisine; ayn\u0131 kad\u0131n\u0131 seven ve y\u0131llar sonra kar\u015f\u0131la\u015fan iki erkek aras\u0131ndaki ili\u015fkiyi anlatan Ebedi Koca\u2019da ise, eski s\u0131rlar\u0131n g\u00fcn y\u00fcz\u00fcne \u00e7\u0131kmas\u0131yla alt \u00fcst olan hayatlara tan\u0131kl\u0131k ediyoruz. 1847-1870 y\u0131llar\u0131 aras\u0131nda yaz\u0131lan bu \u00fc\u00e7 novellada, Dostoyevski\u2019nin gen\u00e7 kaleminin pe\u015finden gidecek; trajedi, gizem ve mizah\u0131 bir arada bulacaks\u0131n\u0131z.\u00dc\u00e7 Novella\u2019da bir araya gelen Ev Sahibesi, Amcan\u0131n R\u00fcyas\u0131 ve Ebedi Koca, ak\u0131lda yer eden karakterleriyle Dostoyevski\u2019nin b\u00fcy\u00fck romanlar\u0131n\u0131n lezzetini ta\u015f\u0131yor. <\/p>\n","protected":false},"excerpt":{"rendered":"<p>K\u0131z\u0131n\u0131 zengin ve ya\u015fl\u0131 bir prensle evlendirmeye \u00e7al\u0131\u015fan hesap\u00e7\u0131 bir annenin oynad\u0131\u011f\u0131 oyunlar\u0131 konu alan Amcan\u0131n R\u00fcyas\u0131\u2019nda Dostoyevski\u2019nin g\u00fc\u00e7l\u00fc mizah anlay\u0131\u015f\u0131na; yaln\u0131z bir adam\u0131n kilisede g\u00f6rd\u00fc\u011f\u00fc<span class=\"excerpt-hellip\"> [\u2026]<\/span><\/p>\n","protected":false},"featured_media":0,"template":"","meta":{"_monsterinsights_skip_tracking":false,"_monsterinsights_sitenote_active":false,"_monsterinsights_sitenote_note":"","_monsterinsights_sitenote_category":0},"product_brand":[],"product_cat":[12291,13570],"product_tag":[],"class_list":{"0":"post-700554","1":"product","2":"type-product","3":"status-publish","5":"product_cat-edebiyat","6":"product_cat-rus-edebiyati","7":"pa_cilt-ciltsiz","8":"pa_tur-kitap","9":"pa_yayinevi-iletisim-yayinlari","10":"pa_yazar-fyodor-mihaylovic-dostoyevski","12":"first","13":"instock","14":"sale","15":"shipping-taxable","16":"purchasable","17":"product-type-simple"},"_links":{"self":[{"href":"https:\/\/roveyayinevi.com.tr\/index.php\/wp-json\/wp\/v2\/product\/700554","targetHints":{"allow":["GET"]}}],"collection":[{"href":"https:\/\/roveyayinevi.com.tr\/index.php\/wp-json\/wp\/v2\/product"}],"about":[{"href":"https:\/\/roveyayinevi.com.tr\/index.php\/wp-json\/wp\/v2\/types\/product"}],"wp:attachment":[{"href":"https:\/\/roveyayinevi.com.tr\/index.php\/wp-json\/wp\/v2\/media?parent=700554"}],"wp:term":[{"taxonomy":"product_brand","embeddable":true,"href":"https:\/\/roveyayinevi.com.tr\/index.php\/wp-json\/wp\/v2\/product_brand?post=700554"},{"taxonomy":"product_cat","embeddable":true,"href":"https:\/\/roveyayinevi.com.tr\/index.php\/wp-json\/wp\/v2\/product_cat?post=700554"},{"taxonomy":"product_tag","embeddable":true,"href":"https:\/\/roveyayinevi.com.tr\/index.php\/wp-json\/wp\/v2\/product_tag?post=700554"}],"curies":[{"name":"wp","href":"https:\/\/api.w.org\/{rel}","templated":true}]}}