{"id":700549,"date":"2025-08-27T15:00:20","date_gmt":"2025-08-27T12:00:20","guid":{"rendered":"https:\/\/roveyayinevi.com.tr\/index.php\/urun\/metis-kucuk-filozoflar-serisi-08-diyojen-kopek-adam\/"},"modified":"2026-04-16T02:09:57","modified_gmt":"2026-04-15T23:09:57","slug":"metis-kucuk-filozoflar-serisi-08-diyojen-kopek-adam","status":"publish","type":"product","link":"https:\/\/roveyayinevi.com.tr\/index.php\/urun\/metis-kucuk-filozoflar-serisi-08-diyojen-kopek-adam\/","title":{"rendered":"Metis K\u00fc\u00e7\u00fck Filozoflar Serisi 08 &#8211; Diyojen: K\u00f6pek Adam"},"content":{"rendered":"<p>Ka\u00e7\u0131n, ka\u00e7\u0131n! Diyojen geliyor&#8230; Sizinle alay edecek, zenginli\u011finizi k\u00fc\u00e7\u00fcmseyecek, gurur duydu\u011funuz her \u015feyi hi\u00e7e sayacak! Kimse onunla ba\u015fa \u00e7\u0131kamaz; B\u00fcy\u00fck \u0130skender bile kurtulamad\u0131 onun dilinden. \u00c7\u00fcnk\u00fc Diyojen tam bir k\u00f6pek: \u00d6zg\u00fcr, \u00f6fkeli, yenilmez; ama ayn\u0131 zamanda \u0130nsan&#8217;\u0131n en iyi dostu. K\u00fc\u00e7\u00fck Filozoflar Dizisi, 8-12 ya\u015f \u00e7ocuklar\u0131 i\u00e7in filozoflar\u0131n hik\u00e2yelerini anlatan \u00e7ok g\u00fczel resimlenmi\u015f kitaplardan olu\u015fuyor. Diziyle \u00e7ocuklar\u0131n felsefeye zevkli bir giri\u015f yapmalar\u0131n\u0131, kendi sorular\u0131n\u0131n pe\u015finden gitme al\u0131\u015fkanl\u0131\u011f\u0131 kazanmalar\u0131n\u0131 ama\u00e7l\u0131yoruz. Diyojen: K\u00f6pek Adam, K\u00fc\u00e7\u00fck Filozoflar dizisinin sekizinci kitab\u0131.<\/p>\n","protected":false},"excerpt":{"rendered":"<p>Ka\u00e7\u0131n, ka\u00e7\u0131n! Diyojen geliyor&#8230; Sizinle alay edecek, zenginli\u011finizi k\u00fc\u00e7\u00fcmseyecek, gurur duydu\u011funuz her \u015feyi hi\u00e7e sayacak! Kimse onunla ba\u015fa \u00e7\u0131kamaz; B\u00fcy\u00fck \u0130skender bile kurtulamad\u0131 onun dilinden. \u00c7\u00fcnk\u00fc<span class=\"excerpt-hellip\"> [\u2026]<\/span><\/p>\n","protected":false},"featured_media":0,"template":"","meta":{"_monsterinsights_skip_tracking":false,"_monsterinsights_sitenote_active":false,"_monsterinsights_sitenote_note":"","_monsterinsights_sitenote_category":0},"product_brand":[],"product_cat":[12492,12274],"product_tag":[],"class_list":{"0":"post-700549","1":"product","2":"type-product","3":"status-publish","5":"product_cat-bilmece-bulmaca","6":"product_cat-cocuk-ve-genclik-kitaplari","7":"pa_cilt-ciltsiz","8":"pa_tur-kitap","9":"pa_yayinevi-metis-yayinlari","10":"pa_yazar-yan-marchand","12":"first","13":"instock","14":"sale","15":"shipping-taxable","16":"purchasable","17":"product-type-simple"},"_links":{"self":[{"href":"https:\/\/roveyayinevi.com.tr\/index.php\/wp-json\/wp\/v2\/product\/700549","targetHints":{"allow":["GET"]}}],"collection":[{"href":"https:\/\/roveyayinevi.com.tr\/index.php\/wp-json\/wp\/v2\/product"}],"about":[{"href":"https:\/\/roveyayinevi.com.tr\/index.php\/wp-json\/wp\/v2\/types\/product"}],"wp:attachment":[{"href":"https:\/\/roveyayinevi.com.tr\/index.php\/wp-json\/wp\/v2\/media?parent=700549"}],"wp:term":[{"taxonomy":"product_brand","embeddable":true,"href":"https:\/\/roveyayinevi.com.tr\/index.php\/wp-json\/wp\/v2\/product_brand?post=700549"},{"taxonomy":"product_cat","embeddable":true,"href":"https:\/\/roveyayinevi.com.tr\/index.php\/wp-json\/wp\/v2\/product_cat?post=700549"},{"taxonomy":"product_tag","embeddable":true,"href":"https:\/\/roveyayinevi.com.tr\/index.php\/wp-json\/wp\/v2\/product_tag?post=700549"}],"curies":[{"name":"wp","href":"https:\/\/api.w.org\/{rel}","templated":true}]}}