{"id":700545,"date":"2025-08-27T15:00:19","date_gmt":"2025-08-27T12:00:19","guid":{"rendered":"https:\/\/roveyayinevi.com.tr\/index.php\/urun\/robin-hood-5\/"},"modified":"2026-04-16T02:09:57","modified_gmt":"2026-04-15T23:09:57","slug":"robin-hood-5","status":"publish","type":"product","link":"https:\/\/roveyayinevi.com.tr\/index.php\/urun\/robin-hood-5\/","title":{"rendered":"Robin Hood"},"content":{"rendered":"<p>Akl\u0131, becerisi ve haks\u0131zl\u0131\u011fa kar\u015f\u0131 duru\u015fuyla t\u00fcm \u00e7aresizlerin s\u0131\u011f\u0131na\u011f\u0131 olan Robin Hood ile \u00fcnl\u00fc \u00e7etesi \u201cNe\u015feli Adamlar\u201d, Sherwood Ormanlar\u0131nda sizi bekliyor.<\/p>\n","protected":false},"excerpt":{"rendered":"<p>Akl\u0131, becerisi ve haks\u0131zl\u0131\u011fa kar\u015f\u0131 duru\u015fuyla t\u00fcm \u00e7aresizlerin s\u0131\u011f\u0131na\u011f\u0131 olan Robin Hood ile \u00fcnl\u00fc \u00e7etesi \u201cNe\u015feli Adamlar\u201d, Sherwood Ormanlar\u0131nda sizi bekliyor.<\/p>\n","protected":false},"featured_media":0,"template":"","meta":{"_monsterinsights_skip_tracking":false,"_monsterinsights_sitenote_active":false,"_monsterinsights_sitenote_note":"","_monsterinsights_sitenote_category":0},"product_brand":[],"product_cat":[12274,12467],"product_tag":[],"class_list":{"0":"post-700545","1":"product","2":"type-product","3":"status-publish","5":"product_cat-cocuk-ve-genclik-kitaplari","6":"product_cat-dunya-klasikleri","7":"pa_cilt-ciltsiz","8":"pa_tur-kitap","9":"pa_yayinevi-bilgi-yayinevi-cocuk","10":"pa_yazar-howard-pyle","12":"first","13":"instock","14":"sale","15":"shipping-taxable","16":"purchasable","17":"product-type-simple"},"_links":{"self":[{"href":"https:\/\/roveyayinevi.com.tr\/index.php\/wp-json\/wp\/v2\/product\/700545","targetHints":{"allow":["GET"]}}],"collection":[{"href":"https:\/\/roveyayinevi.com.tr\/index.php\/wp-json\/wp\/v2\/product"}],"about":[{"href":"https:\/\/roveyayinevi.com.tr\/index.php\/wp-json\/wp\/v2\/types\/product"}],"wp:attachment":[{"href":"https:\/\/roveyayinevi.com.tr\/index.php\/wp-json\/wp\/v2\/media?parent=700545"}],"wp:term":[{"taxonomy":"product_brand","embeddable":true,"href":"https:\/\/roveyayinevi.com.tr\/index.php\/wp-json\/wp\/v2\/product_brand?post=700545"},{"taxonomy":"product_cat","embeddable":true,"href":"https:\/\/roveyayinevi.com.tr\/index.php\/wp-json\/wp\/v2\/product_cat?post=700545"},{"taxonomy":"product_tag","embeddable":true,"href":"https:\/\/roveyayinevi.com.tr\/index.php\/wp-json\/wp\/v2\/product_tag?post=700545"}],"curies":[{"name":"wp","href":"https:\/\/api.w.org\/{rel}","templated":true}]}}