{"id":700544,"date":"2025-08-27T15:00:19","date_gmt":"2025-08-27T12:00:19","guid":{"rendered":"https:\/\/roveyayinevi.com.tr\/index.php\/urun\/tarot-nasil-bkilir\/"},"modified":"2026-04-16T02:09:57","modified_gmt":"2026-04-15T23:09:57","slug":"tarot-nasil-bkilir","status":"publish","type":"product","link":"https:\/\/roveyayinevi.com.tr\/index.php\/urun\/tarot-nasil-bkilir\/","title":{"rendered":"Tarot Nas\u0131l Bk\u0131l\u0131r?"},"content":{"rendered":"<p>\ufffcTAROT\u2019UN, HAYATINIZLA \u0130LG\u0130L\u0130 SORU VE SORUNLARDA S\u0130ZE REHBERL\u0130K YAPMASINI \u0130STER M\u0130S\u0130N\u0130Z?   Yak\u0131nda yeni bir a\u015fk ya\u015fayacak m\u0131y\u0131m? Kariyerim i\u00e7in en iyisi nedir? Evlenebilecek miyim? Bu evden ta\u015f\u0131nmal\u0131 m\u0131y\u0131m? Hayat\u0131m\u0131 nas\u0131l de\u011fi\u015ftirebilirim? Bug\u00fcn piyango bileti almal\u0131 m\u0131y\u0131m? Amerika\u2019n\u0131n \u00f6nde gelen Tarot yorumcular\u0131ndan Sylvia Abraham, Tarot\u2019un farkl\u0131 a\u00e7\u0131l\u0131m \u015fekillerini anlatan bu kitab\u0131 size yol g\u00f6stermek i\u00e7in yazd\u0131. Maj\u00f6r ve Min\u00f6r Arkana kartlar\u0131n\u0131n detayl\u0131 anlat\u0131mlar\u0131 ve \u00f6rnek yorumlamalar\u0131yla, y\u00fczy\u0131llard\u0131r kullan\u0131lan 78 kart\u0131n g\u00fcc\u00fcne siz de \u015fahit olacaks\u0131n\u0131z. <\/p>\n","protected":false},"excerpt":{"rendered":"<p>\ufffcTAROT\u2019UN, HAYATINIZLA \u0130LG\u0130L\u0130 SORU VE SORUNLARDA S\u0130ZE REHBERL\u0130K YAPMASINI \u0130STER M\u0130S\u0130N\u0130Z? Yak\u0131nda yeni bir a\u015fk ya\u015fayacak m\u0131y\u0131m? Kariyerim i\u00e7in en iyisi nedir? Evlenebilecek miyim? Bu evden<span class=\"excerpt-hellip\"> [\u2026]<\/span><\/p>\n","protected":false},"featured_media":0,"template":"","meta":{"_monsterinsights_skip_tracking":false,"_monsterinsights_sitenote_active":false,"_monsterinsights_sitenote_note":"","_monsterinsights_sitenote_category":0},"product_brand":[],"product_cat":[18082,15563],"product_tag":[],"class_list":{"0":"post-700544","1":"product","2":"type-product","3":"status-publish","5":"product_cat-astroloji-fal-ruya","6":"product_cat-hobi","7":"pa_cilt-ciltsiz","8":"pa_tur-kitap","9":"pa_yayinevi-mona-kitap","10":"pa_yazar-sylvia-abraham","12":"first","13":"instock","14":"sale","15":"shipping-taxable","16":"purchasable","17":"product-type-simple"},"_links":{"self":[{"href":"https:\/\/roveyayinevi.com.tr\/index.php\/wp-json\/wp\/v2\/product\/700544","targetHints":{"allow":["GET"]}}],"collection":[{"href":"https:\/\/roveyayinevi.com.tr\/index.php\/wp-json\/wp\/v2\/product"}],"about":[{"href":"https:\/\/roveyayinevi.com.tr\/index.php\/wp-json\/wp\/v2\/types\/product"}],"wp:attachment":[{"href":"https:\/\/roveyayinevi.com.tr\/index.php\/wp-json\/wp\/v2\/media?parent=700544"}],"wp:term":[{"taxonomy":"product_brand","embeddable":true,"href":"https:\/\/roveyayinevi.com.tr\/index.php\/wp-json\/wp\/v2\/product_brand?post=700544"},{"taxonomy":"product_cat","embeddable":true,"href":"https:\/\/roveyayinevi.com.tr\/index.php\/wp-json\/wp\/v2\/product_cat?post=700544"},{"taxonomy":"product_tag","embeddable":true,"href":"https:\/\/roveyayinevi.com.tr\/index.php\/wp-json\/wp\/v2\/product_tag?post=700544"}],"curies":[{"name":"wp","href":"https:\/\/api.w.org\/{rel}","templated":true}]}}