{"id":700543,"date":"2025-08-27T15:00:18","date_gmt":"2025-08-27T12:00:18","guid":{"rendered":"https:\/\/roveyayinevi.com.tr\/index.php\/urun\/feminist-guzergah-rosi-braidotti-ve-marra-montanaronun-katkilariyla\/"},"modified":"2026-04-16T02:09:57","modified_gmt":"2026-04-15T23:09:57","slug":"feminist-guzergah-rosi-braidotti-ve-marra-montanaronun-katkilariyla","status":"publish","type":"product","link":"https:\/\/roveyayinevi.com.tr\/index.php\/urun\/feminist-guzergah-rosi-braidotti-ve-marra-montanaronun-katkilariyla\/","title":{"rendered":"Feminist G\u00fczergah: Rosi Braidotti ve Marra Montanaro&#8217;nun Katk\u0131lar\u0131yla"},"content":{"rendered":"<p>Fran\u00e7oise Collin bu kitap i\u00e7in kaleme ald\u0131\u011f\u0131 bir \u00f6n yaz\u0131da, burada Ir\u00e8ne Kauer ile g\u00f6r\u00fc\u015fmeleri boyunca yapmay\u0131 \u00fcstlendi\u011fi i\u015fe geri d\u00f6nerek \u015f\u00f6yle yaz\u0131yor: \u201cAma d\u00fc\u015f\u00fcnmek, sorulara yan\u0131t vermek midir? Yoksa, sorular\u0131n kendilerini hep yeniden form\u00fcle etmek, terimlerinin yerini de\u011fi\u015ftirmek ve onlar\u0131 ba\u015fka bir \u015fekilde birbirine ba\u011flamak m\u0131d\u0131r? Soruyu yan\u0131tlarken, uzun bir yolculuk boyunca form\u00fcle etti\u011finizi d\u00fc\u015f\u00fcnd\u00fc\u011f\u00fcn\u00fcz, y\u0131llar boyunca sadece kitaplarda ve metinlerde de\u011fil \u00e7e\u015fitli inisiyatif ve eylemlerde de yaz\u0131l\u0131 olan \u015fey, yeni bir nefesle, ba\u015fka a\u00e7\u0131lardan, keskin terimlerle nas\u0131l yeniden form\u00fcle edilebilir? Uzun bir yazma ve eyleme \u00e7abas\u0131n\u0131n ortaya serdi\u011fi \u015fey, bir form\u00fcl halinde ya da birka\u00e7 sat\u0131rda nas\u0131l \u00f6zetlenebilir? T\u00fcm hayat\u0131n\u0131, bir \u015fey s\u00f6yleyebilmek i\u00e7in her \u015feyi [birden] s\u00f6ylemeyi reddetmekle ge\u00e7irmi\u015fken, \u2018her \u015fey\u2019 \u00fczerine konu\u015fma talebi nas\u0131l kar\u015f\u0131lanabilir?O zaman, ilgin\u00e7 olaca\u011f\u0131 ku\u015fku g\u00f6t\u00fcrmez bir yol, ba\u015flang\u0131\u00e7tan bu yana kad\u0131nlar\u0131 bir hareket halinde bir araya getirmi\u015f ve \u00e7ok anlaml\u0131l\u0131\u011f\u0131 sonsal olarak ortaya \u00e7\u0131km\u0131\u015f olan baz\u0131 kurucu temalar\u0131n ger\u00e7ekli\u011fine yeniden birlikte geri d\u00f6nmektir: B\u00f6ylece, \u2018bedenim bana aittir\u2019, \u2018e\u015fit i\u015fe e\u015fit \u00fccret\u2019, \u2018\u00f6zel olan politiktir\u2019, \u2018\u015fayet istersem \u00e7ocuk yapar\u0131m\u2019 hermen\u00f6tik bir \u00e7al\u0131\u015fman\u0131n konusu haline gelir. Ortak olan\u0131n nas\u0131l her zaman \u2018bir gibi\u2019 oldu\u011funu alg\u0131lar\u0131z.\u201d \ufffcTan\u0131t\u0131m Metni<\/p>\n","protected":false},"excerpt":{"rendered":"<p>Fran\u00e7oise Collin bu kitap i\u00e7in kaleme ald\u0131\u011f\u0131 bir \u00f6n yaz\u0131da, burada Ir\u00e8ne Kauer ile g\u00f6r\u00fc\u015fmeleri boyunca yapmay\u0131 \u00fcstlendi\u011fi i\u015fe geri d\u00f6nerek \u015f\u00f6yle yaz\u0131yor: \u201cAma d\u00fc\u015f\u00fcnmek, sorulara<span class=\"excerpt-hellip\"> [\u2026]<\/span><\/p>\n","protected":false},"featured_media":0,"template":"","meta":{"_monsterinsights_skip_tracking":false,"_monsterinsights_sitenote_active":false,"_monsterinsights_sitenote_note":"","_monsterinsights_sitenote_category":0},"product_brand":[],"product_cat":[14741,13488],"product_tag":[],"class_list":{"0":"post-700543","1":"product","2":"type-product","3":"status-publish","5":"product_cat-kadin-sorunlari-feminizm","6":"product_cat-toplum-ve-insan","7":"pa_cilt-ciltsiz","8":"pa_tur-kitap","9":"pa_yayinevi-dipnot-yayinlari","10":"pa_yazar-francoise-collin","11":"pa_yazar-irene-kaufer","13":"first","14":"instock","15":"sale","16":"shipping-taxable","17":"purchasable","18":"product-type-simple"},"_links":{"self":[{"href":"https:\/\/roveyayinevi.com.tr\/index.php\/wp-json\/wp\/v2\/product\/700543","targetHints":{"allow":["GET"]}}],"collection":[{"href":"https:\/\/roveyayinevi.com.tr\/index.php\/wp-json\/wp\/v2\/product"}],"about":[{"href":"https:\/\/roveyayinevi.com.tr\/index.php\/wp-json\/wp\/v2\/types\/product"}],"wp:attachment":[{"href":"https:\/\/roveyayinevi.com.tr\/index.php\/wp-json\/wp\/v2\/media?parent=700543"}],"wp:term":[{"taxonomy":"product_brand","embeddable":true,"href":"https:\/\/roveyayinevi.com.tr\/index.php\/wp-json\/wp\/v2\/product_brand?post=700543"},{"taxonomy":"product_cat","embeddable":true,"href":"https:\/\/roveyayinevi.com.tr\/index.php\/wp-json\/wp\/v2\/product_cat?post=700543"},{"taxonomy":"product_tag","embeddable":true,"href":"https:\/\/roveyayinevi.com.tr\/index.php\/wp-json\/wp\/v2\/product_tag?post=700543"}],"curies":[{"name":"wp","href":"https:\/\/api.w.org\/{rel}","templated":true}]}}