{"id":700539,"date":"2025-08-27T15:00:17","date_gmt":"2025-08-27T12:00:17","guid":{"rendered":"https:\/\/roveyayinevi.com.tr\/index.php\/urun\/kanatsiz-ari-mu-1\/"},"modified":"2026-04-16T02:09:57","modified_gmt":"2026-04-15T23:09:57","slug":"kanatsiz-ari-mu-1","status":"publish","type":"product","link":"https:\/\/roveyayinevi.com.tr\/index.php\/urun\/kanatsiz-ari-mu-1\/","title":{"rendered":"Kanats\u0131z Ar\u0131 Mu -1"},"content":{"rendered":"<p>\u00c7al\u0131\u015fkan ar\u0131m\u0131z Ahmet \u015eerif \u0130zg\u00f6ren, bu kitab\u0131nda bir petek bala harikalar s\u0131\u011fd\u0131r\u0131yor. Kanatlar\u0131 olmayan minik bir ar\u0131, hayal g\u00fcc\u00fcn\u00fcn u\u00e7suz bucaks\u0131z ovalar\u0131nda u\u00e7uyor, eksiklik san\u0131lan \u015feylerin ger\u00e7ek y\u00fcz\u00fcn\u00fc fazlas\u0131yla ceplerimize dolduruyor. Yeniliklere do\u011fru kanat \u00e7\u0131rpan kovan\u0131 ve baldan tatl\u0131 ar\u0131lar\u0131yla Kanats\u0131z Ar\u0131 Mu, geceyi ayd\u0131nlatan ate\u015f b\u00f6cekleri gibi \u0131\u015f\u0131l \u0131\u015f\u0131l\u2026 Hayat\u0131n renkli g\u00f6ky\u00fcz\u00fcnde s\u00fcz\u00fclmek i\u00e7in kanatlara ihtiyac\u0131m\u0131z var m\u0131?Ne\u015feli v\u0131z\u0131lt\u0131lar\u0131n eksik olmad\u0131\u011f\u0131 kovan o g\u00fcn \u00e7ok sessizdi. Bir mektup alm\u0131\u015ft\u0131 ar\u0131lar. Mektuba g\u00f6re, kanatlar\u0131 olmayan i\u015f\u00e7i ar\u0131 kovandan g\u00f6nderilecekti. Bu, \u00e7ok sevdikleri, g\u00fcl\u00fcmseyi\u015fine bay\u0131ld\u0131klar\u0131 arkada\u015flar\u0131 Mu&#8217;ya veda edecekleri anlam\u0131na geliyordu. Ama Krali\u00e7e&#8217;yi ikna edebilirlerdi. Mu onlarla ya\u015famal\u0131yd\u0131 \u00e7\u00fcnk\u00fc kovan i\u00e7in \u015fahane fikirleri, harika \u015fark\u0131lar\u0131 vard\u0131. Yapacaklar\u0131, y\u00fcz\u00fcn\u00fc ayd\u0131nl\u0131\u011fa d\u00f6nm\u00fc\u015f bir papatya kadar g\u00f6r\u00fclmeye de\u011ferdi. B\u00f6ylece solu\u011fu Krali\u00e7e&#8217;nin huzurunda ald\u0131lar. Yine de bal gibi biliyorlard\u0131: Kara Vezir pe\u015flerini b\u0131rakmayacakt\u0131. <\/p>\n","protected":false},"excerpt":{"rendered":"<p>\u00c7al\u0131\u015fkan ar\u0131m\u0131z Ahmet \u015eerif \u0130zg\u00f6ren, bu kitab\u0131nda bir petek bala harikalar s\u0131\u011fd\u0131r\u0131yor. Kanatlar\u0131 olmayan minik bir ar\u0131, hayal g\u00fcc\u00fcn\u00fcn u\u00e7suz bucaks\u0131z ovalar\u0131nda u\u00e7uyor, eksiklik san\u0131lan \u015feylerin<span class=\"excerpt-hellip\"> [\u2026]<\/span><\/p>\n","protected":false},"featured_media":0,"template":"","meta":{"_monsterinsights_skip_tracking":false,"_monsterinsights_sitenote_active":false,"_monsterinsights_sitenote_note":"","_monsterinsights_sitenote_category":0},"product_brand":[],"product_cat":[12275,12274],"product_tag":[],"class_list":{"0":"post-700539","1":"product","2":"type-product","3":"status-publish","5":"product_cat-6-12-yas-kitaplari","6":"product_cat-cocuk-ve-genclik-kitaplari","7":"pa_cilt-ciltsiz","8":"pa_tur-kitap","9":"pa_yayinevi-elma-cocuk","10":"pa_yazar-ahmet-serif-izgoren","12":"first","13":"instock","14":"sale","15":"shipping-taxable","16":"purchasable","17":"product-type-simple"},"_links":{"self":[{"href":"https:\/\/roveyayinevi.com.tr\/index.php\/wp-json\/wp\/v2\/product\/700539","targetHints":{"allow":["GET"]}}],"collection":[{"href":"https:\/\/roveyayinevi.com.tr\/index.php\/wp-json\/wp\/v2\/product"}],"about":[{"href":"https:\/\/roveyayinevi.com.tr\/index.php\/wp-json\/wp\/v2\/types\/product"}],"wp:attachment":[{"href":"https:\/\/roveyayinevi.com.tr\/index.php\/wp-json\/wp\/v2\/media?parent=700539"}],"wp:term":[{"taxonomy":"product_brand","embeddable":true,"href":"https:\/\/roveyayinevi.com.tr\/index.php\/wp-json\/wp\/v2\/product_brand?post=700539"},{"taxonomy":"product_cat","embeddable":true,"href":"https:\/\/roveyayinevi.com.tr\/index.php\/wp-json\/wp\/v2\/product_cat?post=700539"},{"taxonomy":"product_tag","embeddable":true,"href":"https:\/\/roveyayinevi.com.tr\/index.php\/wp-json\/wp\/v2\/product_tag?post=700539"}],"curies":[{"name":"wp","href":"https:\/\/api.w.org\/{rel}","templated":true}]}}