{"id":700536,"date":"2025-08-27T15:00:16","date_gmt":"2025-08-27T12:00:16","guid":{"rendered":"https:\/\/roveyayinevi.com.tr\/index.php\/urun\/dune-mesihi\/"},"modified":"2026-04-12T02:11:28","modified_gmt":"2026-04-11T23:11:28","slug":"dune-mesihi","status":"publish","type":"product","link":"https:\/\/roveyayinevi.com.tr\/index.php\/urun\/dune-mesihi\/","title":{"rendered":"Dune Mesihi"},"content":{"rendered":"<p>Bir edebiyat klasi\u011fi olan, d\u00fcnyan\u0131n en \u00e7ok satan bilimkurgu serisi muhte\u015fem Dune efsanesi, ikinci kitab\u0131 Dune Mesihi\u2019yle maceras\u0131na devam ediyor.Paul Muad\u2019dib, gezegenlerin hakimi, kutsal sava\u015f\u0131n g\u00f6rkemli galibi, prensken devrimci olan bir lider, fanatik bir dini karde\u015fli\u011fin mesihi\u2026Fremenlerin ba\u015f\u0131na ge\u00e7ip Dune ad\u0131yla bilinen Arrakis gezegenini kontrol etmeye ba\u015flamakla kalmay\u0131p evrenin h\u00fck\u00fcmdar\u0131 olan Paul, \u00e7a\u011flar s\u00fcren bir d\u00fczene son vermi\u015f, bir halk\u0131n kurtulu\u015fu olmu\u015f ve bir gezegenin en b\u00fcy\u00fck \u00fctopyas\u0131n\u0131 ger\u00e7ekle\u015ftirmeye ant i\u00e7mi\u015ftir. Ancak zaferinden on iki y\u0131l sonra, t\u00fcm bu g\u00fc\u00e7lere sahip olmas\u0131n\u0131n sebebi olan etkenler onun i\u00e7in bir tehlikeye d\u00f6n\u00fc\u015f\u00fcr. Paul ise \u00f6ng\u00f6r\u00fclerine ra\u011fmen, felaket getirece\u011fini d\u00fc\u015f\u00fcnd\u00fc\u011f\u00fc gelece\u011fi de\u011fi\u015ftirmeye kararl\u0131d\u0131r.\u201c\u0130nan\u0131lmaz\u2026 Dune\u2019a ait her \u015feye sahip, belki daha da fazlas\u0131na.\u201dGalaxy Magazine <\/p>\n","protected":false},"excerpt":{"rendered":"<p>Bir edebiyat klasi\u011fi olan, d\u00fcnyan\u0131n en \u00e7ok satan bilimkurgu serisi muhte\u015fem Dune efsanesi, ikinci kitab\u0131 Dune Mesihi\u2019yle maceras\u0131na devam ediyor.Paul Muad\u2019dib, gezegenlerin hakimi, kutsal sava\u015f\u0131n g\u00f6rkemli<span class=\"excerpt-hellip\"> [\u2026]<\/span><\/p>\n","protected":false},"featured_media":0,"template":"","meta":{"_monsterinsights_skip_tracking":false,"_monsterinsights_sitenote_active":false,"_monsterinsights_sitenote_note":"","_monsterinsights_sitenote_category":0},"product_brand":[],"product_cat":[12291,12711],"product_tag":[],"class_list":{"0":"post-700536","1":"product","2":"type-product","3":"status-publish","5":"product_cat-edebiyat","6":"product_cat-roman-oyku","7":"pa_cilt-ciltsiz","8":"pa_tur-kitap","9":"pa_yayinevi-ithaki-yayinlari","10":"pa_yazar-frank-herbert","12":"first","13":"instock","14":"sale","15":"shipping-taxable","16":"purchasable","17":"product-type-simple"},"_links":{"self":[{"href":"https:\/\/roveyayinevi.com.tr\/index.php\/wp-json\/wp\/v2\/product\/700536","targetHints":{"allow":["GET"]}}],"collection":[{"href":"https:\/\/roveyayinevi.com.tr\/index.php\/wp-json\/wp\/v2\/product"}],"about":[{"href":"https:\/\/roveyayinevi.com.tr\/index.php\/wp-json\/wp\/v2\/types\/product"}],"wp:attachment":[{"href":"https:\/\/roveyayinevi.com.tr\/index.php\/wp-json\/wp\/v2\/media?parent=700536"}],"wp:term":[{"taxonomy":"product_brand","embeddable":true,"href":"https:\/\/roveyayinevi.com.tr\/index.php\/wp-json\/wp\/v2\/product_brand?post=700536"},{"taxonomy":"product_cat","embeddable":true,"href":"https:\/\/roveyayinevi.com.tr\/index.php\/wp-json\/wp\/v2\/product_cat?post=700536"},{"taxonomy":"product_tag","embeddable":true,"href":"https:\/\/roveyayinevi.com.tr\/index.php\/wp-json\/wp\/v2\/product_tag?post=700536"}],"curies":[{"name":"wp","href":"https:\/\/api.w.org\/{rel}","templated":true}]}}