{"id":700529,"date":"2025-08-27T15:00:14","date_gmt":"2025-08-27T12:00:14","guid":{"rendered":"https:\/\/roveyayinevi.com.tr\/index.php\/urun\/teroristlerle-konusmak\/"},"modified":"2026-04-16T02:09:57","modified_gmt":"2026-04-15T23:09:57","slug":"teroristlerle-konusmak","status":"publish","type":"product","link":"https:\/\/roveyayinevi.com.tr\/index.php\/urun\/teroristlerle-konusmak\/","title":{"rendered":"Ter\u00f6ristlerle Konu\u015fmak"},"content":{"rendered":"<p>Son y\u0131llarda Kuzey \u0130rlanda&#8217;da IRA, Kolombiya\u2019da M-19, El Salvador&#8217;da FMLN, G\u00fcney Afrika&#8217;da ANC ve Mozambik&#8217;te RENAMO ile yap\u0131lan g\u00f6r\u00fc\u015fmeler anla\u015fmayla sonu\u00e7lan\u0131rken Sri Lanka&#8217;da Tamil Kaplanlar\u0131, Endonezya&#8217;da GAM, Kolombiya&#8217;da FARC ile yap\u0131lan g\u00f6r\u00fc\u015fmeler ise ba\u015far\u0131s\u0131z oldu. Neden baz\u0131 isyanlar ve silahl\u0131 \u00e7at\u0131\u015fmalar m\u00fczakereyle sonlan\u0131rken baz\u0131lar\u0131 s\u00fcr\u00fcyor? T\u00fcrkiye&#8217;de P*KK ile ba\u015flayan ve \u00c7\u00f6z\u00fcm S\u00fcreci ad\u0131 verilen g\u00f6r\u00fc\u015fmeler nas\u0131l ilerleyecek, nas\u0131l sonu\u00e7lanacak?<\/p>\n","protected":false},"excerpt":{"rendered":"<p>Son y\u0131llarda Kuzey \u0130rlanda&#8217;da IRA, Kolombiya\u2019da M-19, El Salvador&#8217;da FMLN, G\u00fcney Afrika&#8217;da ANC ve Mozambik&#8217;te RENAMO ile yap\u0131lan g\u00f6r\u00fc\u015fmeler anla\u015fmayla sonu\u00e7lan\u0131rken Sri Lanka&#8217;da Tamil Kaplanlar\u0131, Endonezya&#8217;da<span class=\"excerpt-hellip\"> [\u2026]<\/span><\/p>\n","protected":false},"featured_media":0,"template":"","meta":{"_monsterinsights_skip_tracking":false,"_monsterinsights_sitenote_active":false,"_monsterinsights_sitenote_note":"","_monsterinsights_sitenote_category":0},"product_brand":[],"product_cat":[13656,12337],"product_tag":[],"class_list":{"0":"post-700529","1":"product","2":"type-product","3":"status-publish","5":"product_cat-azinliklar-etnik-sorunlar","6":"product_cat-politika-siyaset","7":"pa_tur-kitap","8":"pa_yayinevi-aykiri-yayinlari","9":"pa_yazar-jonathan-powell","11":"first","12":"instock","13":"sale","14":"shipping-taxable","15":"purchasable","16":"product-type-simple"},"_links":{"self":[{"href":"https:\/\/roveyayinevi.com.tr\/index.php\/wp-json\/wp\/v2\/product\/700529","targetHints":{"allow":["GET"]}}],"collection":[{"href":"https:\/\/roveyayinevi.com.tr\/index.php\/wp-json\/wp\/v2\/product"}],"about":[{"href":"https:\/\/roveyayinevi.com.tr\/index.php\/wp-json\/wp\/v2\/types\/product"}],"wp:attachment":[{"href":"https:\/\/roveyayinevi.com.tr\/index.php\/wp-json\/wp\/v2\/media?parent=700529"}],"wp:term":[{"taxonomy":"product_brand","embeddable":true,"href":"https:\/\/roveyayinevi.com.tr\/index.php\/wp-json\/wp\/v2\/product_brand?post=700529"},{"taxonomy":"product_cat","embeddable":true,"href":"https:\/\/roveyayinevi.com.tr\/index.php\/wp-json\/wp\/v2\/product_cat?post=700529"},{"taxonomy":"product_tag","embeddable":true,"href":"https:\/\/roveyayinevi.com.tr\/index.php\/wp-json\/wp\/v2\/product_tag?post=700529"}],"curies":[{"name":"wp","href":"https:\/\/api.w.org\/{rel}","templated":true}]}}