{"id":700523,"date":"2025-08-27T15:00:12","date_gmt":"2025-08-27T12:00:12","guid":{"rendered":"https:\/\/roveyayinevi.com.tr\/index.php\/urun\/isimiz-gucumuz-oyun\/"},"modified":"2026-04-16T02:09:57","modified_gmt":"2026-04-15T23:09:57","slug":"isimiz-gucumuz-oyun","status":"publish","type":"product","link":"https:\/\/roveyayinevi.com.tr\/index.php\/urun\/isimiz-gucumuz-oyun\/","title":{"rendered":"\u0130\u015fimiz G\u00fcc\u00fcm\u00fcz Oyun"},"content":{"rendered":"<p>Bilmek kadar, bilgiyi aktarabilmek de \u00f6nemlidir. Y\u0131llar\u0131n birikimiyle edinilen bilgilerin en etkili ve kal\u0131c\u0131 bi\u00e7imde aktar\u0131lmas\u0131nda ihtiya\u00e7 duyulan iki \u015fey var: Biraz hayal g\u00fcc\u00fc ve oyunlar. Deneyimli e\u011fitmen ve dan\u0131\u015fman Mehpare Kileci&#8217;nin kaleme ald\u0131\u011f\u0131 \u0130\u015fimiz G\u00fcc\u00fcm\u00fcz Oyun, e\u011fitim alan ki\u015filerin hem keyifle \u00f6\u011frenmelerini hem de \u00f6\u011frendiklerini ya\u015famlar\u0131na uyarlamalar\u0131n\u0131 sa\u011flayacak 69 oyun i\u00e7eriyor. Is\u0131nd\u0131rma, \u0130leti\u015fim, Tak\u0131m \u00c7al\u0131\u015fmas\u0131, Problem \u00c7\u00f6zme ve Farkl\u0131 Bak\u0131\u015f A\u00e7\u0131s\u0131, Stres Y\u00f6netimi ba\u015fl\u0131klar\u0131 alt\u0131nda toplanan bu oyunlar farkl\u0131 duyu organlar\u0131na hitap ederek \u00f6\u011frenmeyi kolayla\u015ft\u0131r\u0131p kal\u0131c\u0131la\u015ft\u0131r\u0131yor.  \u00c7ocukluk geride kalm\u0131\u015f, bitmi\u015f bir d\u00f6nem de\u011fildir. Merak duygusu, ke\u015ffetme arzusu ve oyun d\u00fcnyas\u0131n\u0131n u\u00e7suz bucaks\u0131z co\u011frafyas\u0131nda ya\u015fan\u0131lan hep \u00e7ocukluktur. \u00d6zg\u00fcrl\u00fc\u011f\u00fc elinden al\u0131nan \u00e7ocu\u011fa &#8220;b\u00fcy\u00fck&#8221; derler. Picasso ne g\u00fczel s\u00f6ylemi\u015f: &#8220;Her zaman bir \u00e7ocuk gibi resim yapmak istedim\u2026&#8221; Mehpare Kileci, bu sonsuz yolculukta \u00e7ok g\u00fczel bir yol haritas\u0131 sunuyor bizlere. Maskelerimizden, s\u0131rt\u0131m\u0131za y\u00fcklenen gergedan kabu\u011fundan kurtulmam\u0131z\u0131 sa\u011flayan bir kitap. -SunayAk\u0131n &#8211; \u015eair-Yazar- Ba\u015far\u0131l\u0131 insanlar\u0131n hepsi meselelere farkl\u0131 a\u00e7\u0131lardan bakma ba\u015far\u0131s\u0131na sahip olan bireyler. Mehpare Kileci bu kitapta bize her g\u00fcn oturdu\u011fumuz sandalyeden kalk\u0131p etraf\u0131m\u0131za de\u011fi\u015fik perspektiflerden bakmam\u0131z\u0131 \u00f6neriyor. Kitab\u0131n son sayfas\u0131n\u0131 \u00e7evirdi\u011finizde art\u0131k siz de bir &#8220;ak\u0131l \u00e7elen&#8221; olabilirsiniz&#8230; -Zeynep G\u00f6\u011f\u00fc\u015f &#8211; Gazeteci- <\/p>\n","protected":false},"excerpt":{"rendered":"<p>Bilmek kadar, bilgiyi aktarabilmek de \u00f6nemlidir. Y\u0131llar\u0131n birikimiyle edinilen bilgilerin en etkili ve kal\u0131c\u0131 bi\u00e7imde aktar\u0131lmas\u0131nda ihtiya\u00e7 duyulan iki \u015fey var: Biraz hayal g\u00fcc\u00fc ve oyunlar.<span class=\"excerpt-hellip\"> [\u2026]<\/span><\/p>\n","protected":false},"featured_media":0,"template":"","meta":{"_monsterinsights_skip_tracking":false,"_monsterinsights_sitenote_active":false,"_monsterinsights_sitenote_note":"","_monsterinsights_sitenote_category":0},"product_brand":[],"product_cat":[13043,17647],"product_tag":[],"class_list":{"0":"post-700523","1":"product","2":"type-product","3":"status-publish","5":"product_cat-ekonomi","6":"product_cat-is-dunyasi","7":"pa_cilt-ciltsiz","8":"pa_tur-kitap","9":"pa_yayinevi-elma-yayinevi","10":"pa_yazar-mehpare-kileci","12":"first","13":"instock","14":"sale","15":"shipping-taxable","16":"purchasable","17":"product-type-simple"},"_links":{"self":[{"href":"https:\/\/roveyayinevi.com.tr\/index.php\/wp-json\/wp\/v2\/product\/700523","targetHints":{"allow":["GET"]}}],"collection":[{"href":"https:\/\/roveyayinevi.com.tr\/index.php\/wp-json\/wp\/v2\/product"}],"about":[{"href":"https:\/\/roveyayinevi.com.tr\/index.php\/wp-json\/wp\/v2\/types\/product"}],"wp:attachment":[{"href":"https:\/\/roveyayinevi.com.tr\/index.php\/wp-json\/wp\/v2\/media?parent=700523"}],"wp:term":[{"taxonomy":"product_brand","embeddable":true,"href":"https:\/\/roveyayinevi.com.tr\/index.php\/wp-json\/wp\/v2\/product_brand?post=700523"},{"taxonomy":"product_cat","embeddable":true,"href":"https:\/\/roveyayinevi.com.tr\/index.php\/wp-json\/wp\/v2\/product_cat?post=700523"},{"taxonomy":"product_tag","embeddable":true,"href":"https:\/\/roveyayinevi.com.tr\/index.php\/wp-json\/wp\/v2\/product_tag?post=700523"}],"curies":[{"name":"wp","href":"https:\/\/api.w.org\/{rel}","templated":true}]}}